{"id":9049,"date":"2021-02-15T17:04:16","date_gmt":"2021-02-15T17:04:16","guid":{"rendered":"https:\/\/mercia-academy.ch\/product\/kin-jo-rueda-del-fisico-etapa-1-movimiento-y-respiracion-modulo-1-jose-coronel-2\/"},"modified":"2021-05-12T19:29:40","modified_gmt":"2021-05-12T17:29:40","slug":"kin-jo-rueda-del-fisico-etapa-1-movimiento-y-respiracion-modulo-1-jose-coronel-2","status":"publish","type":"product","link":"https:\/\/mercia-academy.ch\/en\/produit\/kin-jo-rueda-del-fisico-etapa-1-movimiento-y-respiracion-modulo-1-jose-coronel-2\/","title":{"rendered":"KIN-JO, Rueda del F\u00edsico | Etapa 1: Movimiento y respiraci\u00f3n | M\u00f3DULO 1 | JOS\u00c9 CORONEL"},"content":{"rendered":"","protected":false},"excerpt":{"rendered":"","protected":false},"featured_media":7832,"template":"","meta":[],"product_brand":[],"product_cat":[139,194],"product_tag":[],"class_list":{"0":"post-9049","1":"product","2":"type-product","3":"status-publish","4":"has-post-thumbnail","6":"product_cat-body-and-vibratory-practices","7":"product_cat-kin-jo","9":"first","10":"instock","11":"virtual","12":"taxable","13":"purchasable","14":"product-type-simple"},"_links":{"self":[{"href":"https:\/\/mercia-academy.ch\/fr\/wp-json\/wp\/v2\/product\/9049","targetHints":{"allow":["GET"]}}],"collection":[{"href":"https:\/\/mercia-academy.ch\/fr\/wp-json\/wp\/v2\/product"}],"about":[{"href":"https:\/\/mercia-academy.ch\/fr\/wp-json\/wp\/v2\/types\/product"}],"wp:featuredmedia":[{"embeddable":true,"href":"https:\/\/mercia-academy.ch\/fr\/wp-json\/wp\/v2\/media\/7832"}],"wp:attachment":[{"href":"https:\/\/mercia-academy.ch\/fr\/wp-json\/wp\/v2\/media?parent=9049"}],"wp:term":[{"taxonomy":"product_brand","embeddable":true,"href":"https:\/\/mercia-academy.ch\/fr\/wp-json\/wp\/v2\/product_brand?post=9049"},{"taxonomy":"product_cat","embeddable":true,"href":"https:\/\/mercia-academy.ch\/fr\/wp-json\/wp\/v2\/product_cat?post=9049"},{"taxonomy":"product_tag","embeddable":true,"href":"https:\/\/mercia-academy.ch\/fr\/wp-json\/wp\/v2\/product_tag?post=9049"}],"curies":[{"name":"wp","href":"https:\/\/api.w.org\/{rel}","templated":true}]}}