{"id":5550,"date":"2020-11-23T19:44:37","date_gmt":"2020-11-23T19:44:37","guid":{"rendered":"https:\/\/mercia-academy.ch\/product\/ciencias-de-la-energia-modulo-1-5-miercoles-consecutivos-18h-a-1930h-inicio-2-de-diciembre\/"},"modified":"2020-11-23T19:57:43","modified_gmt":"2020-11-23T19:57:43","slug":"ciencias-de-la-energia-modulo-1-5-miercoles-consecutivos-18h-a-1930h-inicio-2-de-diciembre","status":"publish","type":"product","link":"https:\/\/mercia-academy.ch\/en\/produit\/ciencias-de-la-energia-modulo-1-5-miercoles-consecutivos-18h-a-1930h-inicio-2-de-diciembre\/","title":{"rendered":"Ciencias de la Energ\u00eda &#8211; M\u00f3dulo 1 &#8211; 5 Mi\u00e9rcoles consecutivos &#8211; 18h a 19,30h &#8211; Inicio: 2 de Diciembre"},"content":{"rendered":"","protected":false},"excerpt":{"rendered":"","protected":false},"featured_media":0,"template":"","meta":[],"product_brand":[],"product_cat":[75],"product_tag":[],"class_list":{"0":"post-5550","1":"product","2":"type-product","3":"status-publish","5":"product_cat-uncategorized","7":"first","8":"instock","9":"virtual","10":"taxable","11":"purchasable","12":"product-type-simple"},"_links":{"self":[{"href":"https:\/\/mercia-academy.ch\/fr\/wp-json\/wp\/v2\/product\/5550","targetHints":{"allow":["GET"]}}],"collection":[{"href":"https:\/\/mercia-academy.ch\/fr\/wp-json\/wp\/v2\/product"}],"about":[{"href":"https:\/\/mercia-academy.ch\/fr\/wp-json\/wp\/v2\/types\/product"}],"wp:attachment":[{"href":"https:\/\/mercia-academy.ch\/fr\/wp-json\/wp\/v2\/media?parent=5550"}],"wp:term":[{"taxonomy":"product_brand","embeddable":true,"href":"https:\/\/mercia-academy.ch\/fr\/wp-json\/wp\/v2\/product_brand?post=5550"},{"taxonomy":"product_cat","embeddable":true,"href":"https:\/\/mercia-academy.ch\/fr\/wp-json\/wp\/v2\/product_cat?post=5550"},{"taxonomy":"product_tag","embeddable":true,"href":"https:\/\/mercia-academy.ch\/fr\/wp-json\/wp\/v2\/product_tag?post=5550"}],"curies":[{"name":"wp","href":"https:\/\/api.w.org\/{rel}","templated":true}]}}