{"id":5224,"date":"2020-11-14T21:19:35","date_gmt":"2020-11-14T21:19:35","guid":{"rendered":"https:\/\/mercia-academy.ch\/product\/ciencias-de-la-energia-modulo-1-3-sabados-consecutivos-17h-a-2030h-inicio-21-de-noviembre\/"},"modified":"2020-11-14T21:27:22","modified_gmt":"2020-11-14T21:27:22","slug":"ciencias-de-la-energia-modulo-1-3-sabados-consecutivos-17h-a-2030h-inicio-21-de-noviembre","status":"publish","type":"product","link":"https:\/\/mercia-academy.ch\/en\/produit\/ciencias-de-la-energia-modulo-1-3-sabados-consecutivos-17h-a-2030h-inicio-21-de-noviembre\/","title":{"rendered":"Ciencias de la Energ\u00eda &#8211; M\u00f3dulo 1 &#8211; 3 S\u00e1bados consecutivos &#8211; 17h a 20,30h &#8211; Inicio: 21 de Noviembre"},"content":{"rendered":"","protected":false},"excerpt":{"rendered":"","protected":false},"featured_media":0,"template":"","meta":[],"product_brand":[],"product_cat":[75],"product_tag":[],"class_list":{"0":"post-5224","1":"product","2":"type-product","3":"status-publish","5":"product_cat-uncategorized","7":"first","8":"instock","9":"virtual","10":"taxable","11":"purchasable","12":"product-type-simple"},"_links":{"self":[{"href":"https:\/\/mercia-academy.ch\/fr\/wp-json\/wp\/v2\/product\/5224","targetHints":{"allow":["GET"]}}],"collection":[{"href":"https:\/\/mercia-academy.ch\/fr\/wp-json\/wp\/v2\/product"}],"about":[{"href":"https:\/\/mercia-academy.ch\/fr\/wp-json\/wp\/v2\/types\/product"}],"wp:attachment":[{"href":"https:\/\/mercia-academy.ch\/fr\/wp-json\/wp\/v2\/media?parent=5224"}],"wp:term":[{"taxonomy":"product_brand","embeddable":true,"href":"https:\/\/mercia-academy.ch\/fr\/wp-json\/wp\/v2\/product_brand?post=5224"},{"taxonomy":"product_cat","embeddable":true,"href":"https:\/\/mercia-academy.ch\/fr\/wp-json\/wp\/v2\/product_cat?post=5224"},{"taxonomy":"product_tag","embeddable":true,"href":"https:\/\/mercia-academy.ch\/fr\/wp-json\/wp\/v2\/product_tag?post=5224"}],"curies":[{"name":"wp","href":"https:\/\/api.w.org\/{rel}","templated":true}]}}