{"id":47893,"date":"2026-03-10T14:53:53","date_gmt":"2026-03-10T13:53:53","guid":{"rendered":"https:\/\/mercia-academy.ch\/product\/pratique-et-videos-linfluence-des-energies-sur-votre-vie-module-1-avec-amelia-et-walter\/"},"modified":"2026-03-10T15:39:22","modified_gmt":"2026-03-10T14:39:22","slug":"pratique-et-videos-linfluence-des-energies-sur-votre-vie-module-1-avec-amelia-et-walter","status":"publish","type":"product","link":"https:\/\/mercia-academy.ch\/en\/produit\/pratique-et-videos-linfluence-des-energies-sur-votre-vie-module-1-avec-amelia-et-walter\/","title":{"rendered":"Pratique et Vid\u00e9os &#8211; L&rsquo;influence des \u00e9nergies sur votre vie &#8211; module 1 avec Am\u00e9lia et Walter &#8211; 11 et 12 avril"},"content":{"rendered":"","protected":false},"excerpt":{"rendered":"","protected":false},"featured_media":0,"template":"","meta":[],"product_brand":[],"product_cat":[75],"product_tag":[],"class_list":{"0":"post-47893","1":"product","2":"type-product","3":"status-publish","5":"product_cat-uncategorized","7":"first","8":"instock","9":"virtual","10":"sold-individually","11":"taxable","12":"purchasable","13":"product-type-simple"},"_links":{"self":[{"href":"https:\/\/mercia-academy.ch\/fr\/wp-json\/wp\/v2\/product\/47893","targetHints":{"allow":["GET"]}}],"collection":[{"href":"https:\/\/mercia-academy.ch\/fr\/wp-json\/wp\/v2\/product"}],"about":[{"href":"https:\/\/mercia-academy.ch\/fr\/wp-json\/wp\/v2\/types\/product"}],"wp:attachment":[{"href":"https:\/\/mercia-academy.ch\/fr\/wp-json\/wp\/v2\/media?parent=47893"}],"wp:term":[{"taxonomy":"product_brand","embeddable":true,"href":"https:\/\/mercia-academy.ch\/fr\/wp-json\/wp\/v2\/product_brand?post=47893"},{"taxonomy":"product_cat","embeddable":true,"href":"https:\/\/mercia-academy.ch\/fr\/wp-json\/wp\/v2\/product_cat?post=47893"},{"taxonomy":"product_tag","embeddable":true,"href":"https:\/\/mercia-academy.ch\/fr\/wp-json\/wp\/v2\/product_tag?post=47893"}],"curies":[{"name":"wp","href":"https:\/\/api.w.org\/{rel}","templated":true}]}}