{"id":45880,"date":"2025-10-15T16:12:21","date_gmt":"2025-10-15T15:12:21","guid":{"rendered":"https:\/\/mercia-academy.ch\/product\/pratique-de-sciences-energetiques-module-1-2-avec-remy-migan-26-28-octobre-benin\/"},"modified":"2025-10-15T16:14:07","modified_gmt":"2025-10-15T15:14:07","slug":"pratique-de-sciences-energetiques-module-1-2-avec-remy-migan-26-28-octobre-benin","status":"publish","type":"product","link":"https:\/\/mercia-academy.ch\/en\/produit\/pratique-de-sciences-energetiques-module-1-2-avec-remy-migan-26-28-octobre-benin\/","title":{"rendered":"Pratique de Sciences \u00c9nerg\u00e9tiques &#8211; Module 1 &amp; 2 &#8211; avec R\u00e9my Migan &#8211; 26-28 octobre &#8211; B\u00e9nin"},"content":{"rendered":"","protected":false},"excerpt":{"rendered":"","protected":false},"featured_media":43812,"template":"","meta":[],"product_brand":[],"product_cat":[75],"product_tag":[],"class_list":{"0":"post-45880","1":"product","2":"type-product","3":"status-publish","4":"has-post-thumbnail","6":"product_cat-uncategorized","8":"first","9":"instock","10":"virtual","11":"sold-individually","12":"taxable","13":"purchasable","14":"product-type-simple"},"_links":{"self":[{"href":"https:\/\/mercia-academy.ch\/fr\/wp-json\/wp\/v2\/product\/45880","targetHints":{"allow":["GET"]}}],"collection":[{"href":"https:\/\/mercia-academy.ch\/fr\/wp-json\/wp\/v2\/product"}],"about":[{"href":"https:\/\/mercia-academy.ch\/fr\/wp-json\/wp\/v2\/types\/product"}],"wp:featuredmedia":[{"embeddable":true,"href":"https:\/\/mercia-academy.ch\/fr\/wp-json\/wp\/v2\/media\/43812"}],"wp:attachment":[{"href":"https:\/\/mercia-academy.ch\/fr\/wp-json\/wp\/v2\/media?parent=45880"}],"wp:term":[{"taxonomy":"product_brand","embeddable":true,"href":"https:\/\/mercia-academy.ch\/fr\/wp-json\/wp\/v2\/product_brand?post=45880"},{"taxonomy":"product_cat","embeddable":true,"href":"https:\/\/mercia-academy.ch\/fr\/wp-json\/wp\/v2\/product_cat?post=45880"},{"taxonomy":"product_tag","embeddable":true,"href":"https:\/\/mercia-academy.ch\/fr\/wp-json\/wp\/v2\/product_tag?post=45880"}],"curies":[{"name":"wp","href":"https:\/\/api.w.org\/{rel}","templated":true}]}}