{"id":45476,"date":"2025-09-30T13:59:30","date_gmt":"2025-09-30T12:59:30","guid":{"rendered":"https:\/\/mercia-academy.ch\/product\/pratique-et-videos-linfluence-des-energies-sur-votre-vie-module-2-avec-jean-et-pascale-samedi-6-decembre\/"},"modified":"2025-09-30T14:09:58","modified_gmt":"2025-09-30T13:09:58","slug":"pratique-et-videos-linfluence-des-energies-sur-votre-vie-module-2-avec-jean-et-pascale-samedi-6-decembre","status":"publish","type":"product","link":"https:\/\/mercia-academy.ch\/en\/produit\/pratique-et-videos-linfluence-des-energies-sur-votre-vie-module-2-avec-jean-et-pascale-samedi-6-decembre\/","title":{"rendered":"Pratique et Vid\u00e9os &#8211; L&rsquo;influence des \u00c9nergies sur votre Vie &#8211; Module 2 &#8211; avec Jean et Pascale &#8211; Samedi 6 d\u00e9cembre"},"content":{"rendered":"","protected":false},"excerpt":{"rendered":"","protected":false},"featured_media":0,"template":"","meta":[],"product_brand":[],"product_cat":[75],"product_tag":[],"class_list":{"0":"post-45476","1":"product","2":"type-product","3":"status-publish","5":"product_cat-uncategorized","7":"first","8":"instock","9":"virtual","10":"sold-individually","11":"taxable","12":"purchasable","13":"product-type-simple"},"_links":{"self":[{"href":"https:\/\/mercia-academy.ch\/fr\/wp-json\/wp\/v2\/product\/45476","targetHints":{"allow":["GET"]}}],"collection":[{"href":"https:\/\/mercia-academy.ch\/fr\/wp-json\/wp\/v2\/product"}],"about":[{"href":"https:\/\/mercia-academy.ch\/fr\/wp-json\/wp\/v2\/types\/product"}],"wp:attachment":[{"href":"https:\/\/mercia-academy.ch\/fr\/wp-json\/wp\/v2\/media?parent=45476"}],"wp:term":[{"taxonomy":"product_brand","embeddable":true,"href":"https:\/\/mercia-academy.ch\/fr\/wp-json\/wp\/v2\/product_brand?post=45476"},{"taxonomy":"product_cat","embeddable":true,"href":"https:\/\/mercia-academy.ch\/fr\/wp-json\/wp\/v2\/product_cat?post=45476"},{"taxonomy":"product_tag","embeddable":true,"href":"https:\/\/mercia-academy.ch\/fr\/wp-json\/wp\/v2\/product_tag?post=45476"}],"curies":[{"name":"wp","href":"https:\/\/api.w.org\/{rel}","templated":true}]}}