{"id":43952,"date":"2025-03-21T14:09:48","date_gmt":"2025-03-21T13:09:48","guid":{"rendered":"https:\/\/mercia-academy.ch\/product\/kako-energije-uticu-na-vas-zivot-energetske-nauke-modul-1\/"},"modified":"2025-04-14T20:45:29","modified_gmt":"2025-04-14T19:45:29","slug":"kako-energije-uticu-na-vas-zivot-energetske-nauke-modul-1","status":"publish","type":"product","link":"https:\/\/mercia-academy.ch\/en\/produit\/kako-energije-uticu-na-vas-zivot-energetske-nauke-modul-1\/","title":{"rendered":"Serbia &#8211; Kako energije uti\u010du na va\u0161 \u017eivot &#8211; Energetske nauke modul 1 &#8211; Aleksandra"},"content":{"rendered":"","protected":false},"excerpt":{"rendered":"","protected":false},"featured_media":0,"template":"","meta":[],"product_brand":[],"product_cat":[75],"product_tag":[],"class_list":{"0":"post-43952","1":"product","2":"type-product","3":"status-publish","5":"product_cat-uncategorized","7":"first","8":"instock","9":"virtual","10":"sold-individually","11":"taxable","12":"purchasable","13":"product-type-simple"},"_links":{"self":[{"href":"https:\/\/mercia-academy.ch\/fr\/wp-json\/wp\/v2\/product\/43952","targetHints":{"allow":["GET"]}}],"collection":[{"href":"https:\/\/mercia-academy.ch\/fr\/wp-json\/wp\/v2\/product"}],"about":[{"href":"https:\/\/mercia-academy.ch\/fr\/wp-json\/wp\/v2\/types\/product"}],"wp:attachment":[{"href":"https:\/\/mercia-academy.ch\/fr\/wp-json\/wp\/v2\/media?parent=43952"}],"wp:term":[{"taxonomy":"product_brand","embeddable":true,"href":"https:\/\/mercia-academy.ch\/fr\/wp-json\/wp\/v2\/product_brand?post=43952"},{"taxonomy":"product_cat","embeddable":true,"href":"https:\/\/mercia-academy.ch\/fr\/wp-json\/wp\/v2\/product_cat?post=43952"},{"taxonomy":"product_tag","embeddable":true,"href":"https:\/\/mercia-academy.ch\/fr\/wp-json\/wp\/v2\/product_tag?post=43952"}],"curies":[{"name":"wp","href":"https:\/\/api.w.org\/{rel}","templated":true}]}}