{"id":43245,"date":"2025-01-31T23:43:39","date_gmt":"2025-01-31T22:43:39","guid":{"rendered":"https:\/\/mercia-academy.ch\/product\/diagramme-des-centres-energetiques\/"},"modified":"2025-11-11T11:23:41","modified_gmt":"2025-11-11T10:23:41","slug":"diagramme-des-centres-energetiques","status":"publish","type":"product","link":"https:\/\/mercia-academy.ch\/en\/produit\/diagramme-des-centres-energetiques\/","title":{"rendered":"Diagramme des centres \u00e9nerg\u00e9tiques &#8211; Energy centers diagram &#8211; Diagrama de los centros energ\u00e9ticos &#8211; \u0394\u03b9\u03ac\u03b3\u03c1\u03b1\u03bc\u03bc\u03b1 \u03c4\u03c9\u03bd \u03b5\u03bd\u03b5\u03c1\u03b3\u03b5\u03b9\u03b1\u03ba\u03ce\u03bd \u03ba\u03ad\u03bd\u03c4\u03c1\u03c9\u03bd"},"content":{"rendered":"","protected":false},"excerpt":{"rendered":"","protected":false},"featured_media":43397,"template":"","meta":[],"product_brand":[],"product_cat":[75],"product_tag":[],"class_list":{"0":"post-43245","1":"product","2":"type-product","3":"status-publish","4":"has-post-thumbnail","6":"product_cat-uncategorized","8":"first","9":"instock","10":"virtual","11":"sold-individually","12":"taxable","13":"purchasable","14":"product-type-simple"},"_links":{"self":[{"href":"https:\/\/mercia-academy.ch\/fr\/wp-json\/wp\/v2\/product\/43245","targetHints":{"allow":["GET"]}}],"collection":[{"href":"https:\/\/mercia-academy.ch\/fr\/wp-json\/wp\/v2\/product"}],"about":[{"href":"https:\/\/mercia-academy.ch\/fr\/wp-json\/wp\/v2\/types\/product"}],"wp:featuredmedia":[{"embeddable":true,"href":"https:\/\/mercia-academy.ch\/fr\/wp-json\/wp\/v2\/media\/43397"}],"wp:attachment":[{"href":"https:\/\/mercia-academy.ch\/fr\/wp-json\/wp\/v2\/media?parent=43245"}],"wp:term":[{"taxonomy":"product_brand","embeddable":true,"href":"https:\/\/mercia-academy.ch\/fr\/wp-json\/wp\/v2\/product_brand?post=43245"},{"taxonomy":"product_cat","embeddable":true,"href":"https:\/\/mercia-academy.ch\/fr\/wp-json\/wp\/v2\/product_cat?post=43245"},{"taxonomy":"product_tag","embeddable":true,"href":"https:\/\/mercia-academy.ch\/fr\/wp-json\/wp\/v2\/product_tag?post=43245"}],"curies":[{"name":"wp","href":"https:\/\/api.w.org\/{rel}","templated":true}]}}