{"id":42422,"date":"2025-01-06T16:13:54","date_gmt":"2025-01-06T15:13:54","guid":{"rendered":"https:\/\/mercia-academy.ch\/product\/practica-de-ciencias-energeticas-modulo-2-con-marien-presencial-lanzarote-enero2025\/"},"modified":"2025-01-24T19:18:58","modified_gmt":"2025-01-24T18:18:58","slug":"practica-de-ciencias-energeticas-modulo-2-con-marien-presencial-lanzarote-enero2025","status":"publish","type":"product","link":"https:\/\/mercia-academy.ch\/en\/produit\/practica-de-ciencias-energeticas-modulo-2-con-marien-presencial-lanzarote-enero2025\/","title":{"rendered":"Pr\u00e1ctica de Ciencias Energ\u00e9ticas-M\u00f3dulo 2- con Mari\u00e9n-presencial Lanzarote-enero2025"},"content":{"rendered":"","protected":false},"excerpt":{"rendered":"","protected":false},"featured_media":0,"template":"","meta":[],"product_brand":[],"product_cat":[75],"product_tag":[],"class_list":{"0":"post-42422","1":"product","2":"type-product","3":"status-publish","5":"product_cat-uncategorized","7":"first","8":"instock","9":"virtual","10":"sold-individually","11":"taxable","12":"purchasable","13":"product-type-simple"},"_links":{"self":[{"href":"https:\/\/mercia-academy.ch\/fr\/wp-json\/wp\/v2\/product\/42422","targetHints":{"allow":["GET"]}}],"collection":[{"href":"https:\/\/mercia-academy.ch\/fr\/wp-json\/wp\/v2\/product"}],"about":[{"href":"https:\/\/mercia-academy.ch\/fr\/wp-json\/wp\/v2\/types\/product"}],"wp:attachment":[{"href":"https:\/\/mercia-academy.ch\/fr\/wp-json\/wp\/v2\/media?parent=42422"}],"wp:term":[{"taxonomy":"product_brand","embeddable":true,"href":"https:\/\/mercia-academy.ch\/fr\/wp-json\/wp\/v2\/product_brand?post=42422"},{"taxonomy":"product_cat","embeddable":true,"href":"https:\/\/mercia-academy.ch\/fr\/wp-json\/wp\/v2\/product_cat?post=42422"},{"taxonomy":"product_tag","embeddable":true,"href":"https:\/\/mercia-academy.ch\/fr\/wp-json\/wp\/v2\/product_tag?post=42422"}],"curies":[{"name":"wp","href":"https:\/\/api.w.org\/{rel}","templated":true}]}}