{"id":38546,"date":"2024-05-13T14:01:32","date_gmt":"2024-05-13T13:01:32","guid":{"rendered":"https:\/\/mercia-academy.ch\/product\/brouillon-auto-106\/"},"modified":"2025-09-26T18:07:38","modified_gmt":"2025-09-26T17:07:38","slug":"brouillon-auto-106","status":"publish","type":"product","link":"https:\/\/mercia-academy.ch\/en\/produit\/brouillon-auto-106\/","title":{"rendered":"Pratique et Vid\u00e9os &#8211; L&rsquo;influence des \u00e9nergies sur votre vie &#8211; Module 1 et 2 intensif &#8211; avec Am\u00e9lia en Juin"},"content":{"rendered":"","protected":false},"excerpt":{"rendered":"","protected":false},"featured_media":0,"template":"","meta":[],"product_brand":[],"product_cat":[75],"product_tag":[],"class_list":{"0":"post-38546","1":"product","2":"type-product","3":"status-publish","5":"product_cat-uncategorized","7":"first","8":"instock","9":"sold-individually","10":"taxable","11":"shipping-taxable","12":"purchasable","13":"product-type-simple"},"_links":{"self":[{"href":"https:\/\/mercia-academy.ch\/fr\/wp-json\/wp\/v2\/product\/38546","targetHints":{"allow":["GET"]}}],"collection":[{"href":"https:\/\/mercia-academy.ch\/fr\/wp-json\/wp\/v2\/product"}],"about":[{"href":"https:\/\/mercia-academy.ch\/fr\/wp-json\/wp\/v2\/types\/product"}],"wp:attachment":[{"href":"https:\/\/mercia-academy.ch\/fr\/wp-json\/wp\/v2\/media?parent=38546"}],"wp:term":[{"taxonomy":"product_brand","embeddable":true,"href":"https:\/\/mercia-academy.ch\/fr\/wp-json\/wp\/v2\/product_brand?post=38546"},{"taxonomy":"product_cat","embeddable":true,"href":"https:\/\/mercia-academy.ch\/fr\/wp-json\/wp\/v2\/product_cat?post=38546"},{"taxonomy":"product_tag","embeddable":true,"href":"https:\/\/mercia-academy.ch\/fr\/wp-json\/wp\/v2\/product_tag?post=38546"}],"curies":[{"name":"wp","href":"https:\/\/api.w.org\/{rel}","templated":true}]}}