{"id":36794,"date":"2023-12-22T16:07:18","date_gmt":"2023-12-22T15:07:18","guid":{"rendered":"https:\/\/mercia-academy.ch\/product\/brouillon-auto-49\/"},"modified":"2025-09-26T17:58:05","modified_gmt":"2025-09-26T16:58:05","slug":"brouillon-auto-49","status":"publish","type":"product","link":"https:\/\/mercia-academy.ch\/fr\/produit\/brouillon-auto-49\/","title":{"rendered":"Pratique et Vid\u00e9os &#8211; L&rsquo;influence des \u00c9nergies sur votre Vie &#8211; Module 2 &#8211; avec Jean et Pascale &#8211; Zoom \u00e0 partir du 11 Janvier"},"content":{"rendered":"","protected":false},"excerpt":{"rendered":"","protected":false},"featured_media":0,"template":"","meta":[],"product_brand":[],"product_cat":[75],"product_tag":[],"class_list":{"0":"post-36794","1":"product","2":"type-product","3":"status-publish","5":"product_cat-uncategorized","7":"first","8":"instock","9":"sold-individually","10":"taxable","11":"shipping-taxable","12":"purchasable","13":"product-type-simple"},"_links":{"self":[{"href":"https:\/\/mercia-academy.ch\/fr\/wp-json\/wp\/v2\/product\/36794","targetHints":{"allow":["GET"]}}],"collection":[{"href":"https:\/\/mercia-academy.ch\/fr\/wp-json\/wp\/v2\/product"}],"about":[{"href":"https:\/\/mercia-academy.ch\/fr\/wp-json\/wp\/v2\/types\/product"}],"wp:attachment":[{"href":"https:\/\/mercia-academy.ch\/fr\/wp-json\/wp\/v2\/media?parent=36794"}],"wp:term":[{"taxonomy":"product_brand","embeddable":true,"href":"https:\/\/mercia-academy.ch\/fr\/wp-json\/wp\/v2\/product_brand?post=36794"},{"taxonomy":"product_cat","embeddable":true,"href":"https:\/\/mercia-academy.ch\/fr\/wp-json\/wp\/v2\/product_cat?post=36794"},{"taxonomy":"product_tag","embeddable":true,"href":"https:\/\/mercia-academy.ch\/fr\/wp-json\/wp\/v2\/product_tag?post=36794"}],"curies":[{"name":"wp","href":"https:\/\/api.w.org\/{rel}","templated":true}]}}