{"id":36703,"date":"2023-12-18T15:19:25","date_gmt":"2023-12-18T14:19:25","guid":{"rendered":"https:\/\/mercia-academy.ch\/product\/brouillon-auto-70\/"},"modified":"2025-09-26T17:51:18","modified_gmt":"2025-09-26T16:51:18","slug":"brouillon-auto-70","status":"publish","type":"product","link":"https:\/\/mercia-academy.ch\/en\/produit\/brouillon-auto-70\/","title":{"rendered":"Pratique et Vid\u00e9os &#8211; L&rsquo;influence des \u00c9nergies sur votre Vie &#8211; Module 2 &#8211; Am\u00e9lia et Walter &#8211; Consultation Beloeil"},"content":{"rendered":"","protected":false},"excerpt":{"rendered":"","protected":false},"featured_media":0,"template":"","meta":[],"product_brand":[],"product_cat":[75],"product_tag":[],"class_list":{"0":"post-36703","1":"product","2":"type-product","3":"status-publish","5":"product_cat-uncategorized","7":"first","8":"instock","9":"sold-individually","10":"taxable","11":"shipping-taxable","12":"purchasable","13":"product-type-simple"},"_links":{"self":[{"href":"https:\/\/mercia-academy.ch\/fr\/wp-json\/wp\/v2\/product\/36703","targetHints":{"allow":["GET"]}}],"collection":[{"href":"https:\/\/mercia-academy.ch\/fr\/wp-json\/wp\/v2\/product"}],"about":[{"href":"https:\/\/mercia-academy.ch\/fr\/wp-json\/wp\/v2\/types\/product"}],"wp:attachment":[{"href":"https:\/\/mercia-academy.ch\/fr\/wp-json\/wp\/v2\/media?parent=36703"}],"wp:term":[{"taxonomy":"product_brand","embeddable":true,"href":"https:\/\/mercia-academy.ch\/fr\/wp-json\/wp\/v2\/product_brand?post=36703"},{"taxonomy":"product_cat","embeddable":true,"href":"https:\/\/mercia-academy.ch\/fr\/wp-json\/wp\/v2\/product_cat?post=36703"},{"taxonomy":"product_tag","embeddable":true,"href":"https:\/\/mercia-academy.ch\/fr\/wp-json\/wp\/v2\/product_tag?post=36703"}],"curies":[{"name":"wp","href":"https:\/\/api.w.org\/{rel}","templated":true}]}}