{"id":35785,"date":"2023-12-05T10:41:37","date_gmt":"2023-12-05T09:41:37","guid":{"rendered":"https:\/\/mercia-academy.ch\/product\/brouillon-auto-55\/"},"modified":"2025-09-26T17:43:23","modified_gmt":"2025-09-26T16:43:23","slug":"brouillon-auto-55","status":"publish","type":"product","link":"https:\/\/mercia-academy.ch\/en\/produit\/brouillon-auto-55\/","title":{"rendered":"Energetske nauke \u2013 Seminar 2 \u2013 Kako energije uti\u010du na va\u0161 \u017eivot? \u2013 Beograd 10\/12\/23"},"content":{"rendered":"","protected":false},"excerpt":{"rendered":"","protected":false},"featured_media":0,"template":"","meta":[],"product_brand":[],"product_cat":[75],"product_tag":[],"class_list":{"0":"post-35785","1":"product","2":"type-product","3":"status-publish","5":"product_cat-uncategorized","7":"first","8":"instock","9":"sold-individually","10":"taxable","11":"shipping-taxable","12":"purchasable","13":"product-type-simple"},"_links":{"self":[{"href":"https:\/\/mercia-academy.ch\/fr\/wp-json\/wp\/v2\/product\/35785","targetHints":{"allow":["GET"]}}],"collection":[{"href":"https:\/\/mercia-academy.ch\/fr\/wp-json\/wp\/v2\/product"}],"about":[{"href":"https:\/\/mercia-academy.ch\/fr\/wp-json\/wp\/v2\/types\/product"}],"wp:attachment":[{"href":"https:\/\/mercia-academy.ch\/fr\/wp-json\/wp\/v2\/media?parent=35785"}],"wp:term":[{"taxonomy":"product_brand","embeddable":true,"href":"https:\/\/mercia-academy.ch\/fr\/wp-json\/wp\/v2\/product_brand?post=35785"},{"taxonomy":"product_cat","embeddable":true,"href":"https:\/\/mercia-academy.ch\/fr\/wp-json\/wp\/v2\/product_cat?post=35785"},{"taxonomy":"product_tag","embeddable":true,"href":"https:\/\/mercia-academy.ch\/fr\/wp-json\/wp\/v2\/product_tag?post=35785"}],"curies":[{"name":"wp","href":"https:\/\/api.w.org\/{rel}","templated":true}]}}