{"id":35641,"date":"2023-12-01T10:52:03","date_gmt":"2023-12-01T09:52:03","guid":{"rendered":"https:\/\/mercia-academy.ch\/product\/calendario-2024-modulo1-modulo2-on-line-practicas-de-ciencias-energeticas-con-amparo-palacios-ruales\/"},"modified":"2024-01-31T23:11:30","modified_gmt":"2024-01-31T22:11:30","slug":"calendario-2024-modulo1-modulo2-on-line-practicas-de-ciencias-energeticas-con-amparo-palacios-ruales","status":"publish","type":"product","link":"https:\/\/mercia-academy.ch\/fr\/produit\/calendario-2024-modulo1-modulo2-on-line-practicas-de-ciencias-energeticas-con-amparo-palacios-ruales\/","title":{"rendered":"CALENDARIO 2024: M\u00f3dulo1+ M\u00f3dulo2 ON-LINE Pr\u00e1cticas de Ciencias Energ\u00e9ticas \u2013 con Amparo Palacios Ruales"},"content":{"rendered":"","protected":false},"excerpt":{"rendered":"","protected":false},"featured_media":33981,"template":"","meta":[],"product_brand":[],"product_cat":[],"product_tag":[],"class_list":{"0":"post-35641","1":"product","2":"type-product","3":"status-publish","4":"has-post-thumbnail","7":"first","8":"instock","9":"virtual","10":"sold-individually","11":"taxable","12":"purchasable","13":"product-type-simple"},"_links":{"self":[{"href":"https:\/\/mercia-academy.ch\/fr\/wp-json\/wp\/v2\/product\/35641","targetHints":{"allow":["GET"]}}],"collection":[{"href":"https:\/\/mercia-academy.ch\/fr\/wp-json\/wp\/v2\/product"}],"about":[{"href":"https:\/\/mercia-academy.ch\/fr\/wp-json\/wp\/v2\/types\/product"}],"wp:featuredmedia":[{"embeddable":true,"href":"https:\/\/mercia-academy.ch\/fr\/wp-json\/wp\/v2\/media\/33981"}],"wp:attachment":[{"href":"https:\/\/mercia-academy.ch\/fr\/wp-json\/wp\/v2\/media?parent=35641"}],"wp:term":[{"taxonomy":"product_brand","embeddable":true,"href":"https:\/\/mercia-academy.ch\/fr\/wp-json\/wp\/v2\/product_brand?post=35641"},{"taxonomy":"product_cat","embeddable":true,"href":"https:\/\/mercia-academy.ch\/fr\/wp-json\/wp\/v2\/product_cat?post=35641"},{"taxonomy":"product_tag","embeddable":true,"href":"https:\/\/mercia-academy.ch\/fr\/wp-json\/wp\/v2\/product_tag?post=35641"}],"curies":[{"name":"wp","href":"https:\/\/api.w.org\/{rel}","templated":true}]}}