{"id":34906,"date":"2023-01-24T21:34:15","date_gmt":"2023-01-24T20:34:15","guid":{"rendered":"https:\/\/mercia-academy.ch\/product\/pratiques-energetiques-avec-daniele-didier-cours-videos\/"},"modified":"2023-01-24T21:34:15","modified_gmt":"2023-01-24T20:34:15","slug":"pratiques-energetiques-avec-daniele-didier-cours-videos","status":"publish","type":"product","link":"https:\/\/mercia-academy.ch\/fr\/produit\/pratiques-energetiques-avec-daniele-didier-cours-videos\/","title":{"rendered":"Pratiques \u00e9nerg\u00e9tiques avec Dani\u00e8le Didier cours vid\u00e9os"},"content":{"rendered":"","protected":false},"excerpt":{"rendered":"","protected":false},"featured_media":0,"template":"","meta":[],"product_brand":[],"product_cat":[301],"product_tag":[],"class_list":{"0":"post-34906","1":"product","2":"type-product","3":"status-publish","5":"product_cat-non-classe","7":"first","8":"instock","9":"virtual","10":"sold-individually","11":"taxable","12":"purchasable","13":"product-type-simple"},"_links":{"self":[{"href":"https:\/\/mercia-academy.ch\/fr\/wp-json\/wp\/v2\/product\/34906","targetHints":{"allow":["GET"]}}],"collection":[{"href":"https:\/\/mercia-academy.ch\/fr\/wp-json\/wp\/v2\/product"}],"about":[{"href":"https:\/\/mercia-academy.ch\/fr\/wp-json\/wp\/v2\/types\/product"}],"wp:attachment":[{"href":"https:\/\/mercia-academy.ch\/fr\/wp-json\/wp\/v2\/media?parent=34906"}],"wp:term":[{"taxonomy":"product_brand","embeddable":true,"href":"https:\/\/mercia-academy.ch\/fr\/wp-json\/wp\/v2\/product_brand?post=34906"},{"taxonomy":"product_cat","embeddable":true,"href":"https:\/\/mercia-academy.ch\/fr\/wp-json\/wp\/v2\/product_cat?post=34906"},{"taxonomy":"product_tag","embeddable":true,"href":"https:\/\/mercia-academy.ch\/fr\/wp-json\/wp\/v2\/product_tag?post=34906"}],"curies":[{"name":"wp","href":"https:\/\/api.w.org\/{rel}","templated":true}]}}