{"id":34654,"date":"2023-09-08T20:29:22","date_gmt":"2023-09-08T19:29:22","guid":{"rendered":"https:\/\/mercia-academy.ch\/product\/pratique-de-sciences-energetiques-module-2-weekend-intensive-avec-migan-remy\/"},"modified":"2023-09-08T20:29:22","modified_gmt":"2023-09-08T19:29:22","slug":"pratique-de-sciences-energetiques-module-2-weekend-intensive-avec-migan-remy","status":"publish","type":"product","link":"https:\/\/mercia-academy.ch\/fr\/produit\/pratique-de-sciences-energetiques-module-2-weekend-intensive-avec-migan-remy\/","title":{"rendered":"Pratique de Sciences \u00c9nerg\u00e9tiques Module 2 | Weekend intensive | avec Migan R\u00e9my"},"content":{"rendered":"","protected":false},"excerpt":{"rendered":"","protected":false},"featured_media":0,"template":"","meta":[],"product_brand":[],"product_cat":[301],"product_tag":[],"class_list":{"0":"post-34654","1":"product","2":"type-product","3":"status-publish","5":"product_cat-non-classe","7":"first","8":"instock","9":"virtual","10":"sold-individually","11":"taxable","12":"purchasable","13":"product-type-simple"},"_links":{"self":[{"href":"https:\/\/mercia-academy.ch\/fr\/wp-json\/wp\/v2\/product\/34654","targetHints":{"allow":["GET"]}}],"collection":[{"href":"https:\/\/mercia-academy.ch\/fr\/wp-json\/wp\/v2\/product"}],"about":[{"href":"https:\/\/mercia-academy.ch\/fr\/wp-json\/wp\/v2\/types\/product"}],"wp:attachment":[{"href":"https:\/\/mercia-academy.ch\/fr\/wp-json\/wp\/v2\/media?parent=34654"}],"wp:term":[{"taxonomy":"product_brand","embeddable":true,"href":"https:\/\/mercia-academy.ch\/fr\/wp-json\/wp\/v2\/product_brand?post=34654"},{"taxonomy":"product_cat","embeddable":true,"href":"https:\/\/mercia-academy.ch\/fr\/wp-json\/wp\/v2\/product_cat?post=34654"},{"taxonomy":"product_tag","embeddable":true,"href":"https:\/\/mercia-academy.ch\/fr\/wp-json\/wp\/v2\/product_tag?post=34654"}],"curies":[{"name":"wp","href":"https:\/\/api.w.org\/{rel}","templated":true}]}}