{"id":34638,"date":"2023-09-12T08:20:28","date_gmt":"2023-09-12T07:20:28","guid":{"rendered":"https:\/\/mercia-academy.ch\/product\/brouillon-auto-20\/"},"modified":"2023-09-12T08:20:28","modified_gmt":"2023-09-12T07:20:28","slug":"brouillon-auto-20","status":"publish","type":"product","link":"https:\/\/mercia-academy.ch\/fr\/produit\/brouillon-auto-20\/","title":{"rendered":"Pratique et vid\u00e9os &#8211; L&rsquo;influence des \u00e9nergies sur votre vie &#8211; Module 1 avec R\u00e9my"},"content":{"rendered":"","protected":false},"excerpt":{"rendered":"","protected":false},"featured_media":0,"template":"","meta":[],"product_brand":[],"product_cat":[301],"product_tag":[],"class_list":{"0":"post-34638","1":"product","2":"type-product","3":"status-publish","5":"product_cat-non-classe","7":"first","8":"instock","9":"sale","10":"sold-individually","11":"taxable","12":"shipping-taxable","13":"purchasable","14":"product-type-simple"},"_links":{"self":[{"href":"https:\/\/mercia-academy.ch\/fr\/wp-json\/wp\/v2\/product\/34638","targetHints":{"allow":["GET"]}}],"collection":[{"href":"https:\/\/mercia-academy.ch\/fr\/wp-json\/wp\/v2\/product"}],"about":[{"href":"https:\/\/mercia-academy.ch\/fr\/wp-json\/wp\/v2\/types\/product"}],"wp:attachment":[{"href":"https:\/\/mercia-academy.ch\/fr\/wp-json\/wp\/v2\/media?parent=34638"}],"wp:term":[{"taxonomy":"product_brand","embeddable":true,"href":"https:\/\/mercia-academy.ch\/fr\/wp-json\/wp\/v2\/product_brand?post=34638"},{"taxonomy":"product_cat","embeddable":true,"href":"https:\/\/mercia-academy.ch\/fr\/wp-json\/wp\/v2\/product_cat?post=34638"},{"taxonomy":"product_tag","embeddable":true,"href":"https:\/\/mercia-academy.ch\/fr\/wp-json\/wp\/v2\/product_tag?post=34638"}],"curies":[{"name":"wp","href":"https:\/\/api.w.org\/{rel}","templated":true}]}}