{"id":34556,"date":"2023-10-17T21:17:26","date_gmt":"2023-10-17T20:17:26","guid":{"rendered":"https:\/\/mercia-academy.ch\/product\/pack-modulo1-modulo2-on-line-practicas-de-ciencias-energeticas-con-amparo-palacios-ruales\/"},"modified":"2023-10-17T21:17:26","modified_gmt":"2023-10-17T20:17:26","slug":"pack-modulo1-modulo2-on-line-practicas-de-ciencias-energeticas-con-amparo-palacios-ruales","status":"publish","type":"product","link":"https:\/\/mercia-academy.ch\/fr\/produit\/pack-modulo1-modulo2-on-line-practicas-de-ciencias-energeticas-con-amparo-palacios-ruales\/","title":{"rendered":"PACK: M\u00f3dulo1+ M\u00f3dulo2 ON-LINE Pr\u00e1cticas de Ciencias Energ\u00e9ticas \u2013 con Amparo Palacios Ruales"},"content":{"rendered":"","protected":false},"excerpt":{"rendered":"","protected":false},"featured_media":33981,"template":"","meta":[],"product_brand":[],"product_cat":[301],"product_tag":[],"class_list":{"0":"post-34556","1":"product","2":"type-product","3":"status-publish","4":"has-post-thumbnail","6":"product_cat-non-classe","8":"first","9":"instock","10":"virtual","11":"sold-individually","12":"taxable","13":"purchasable","14":"product-type-simple"},"_links":{"self":[{"href":"https:\/\/mercia-academy.ch\/fr\/wp-json\/wp\/v2\/product\/34556","targetHints":{"allow":["GET"]}}],"collection":[{"href":"https:\/\/mercia-academy.ch\/fr\/wp-json\/wp\/v2\/product"}],"about":[{"href":"https:\/\/mercia-academy.ch\/fr\/wp-json\/wp\/v2\/types\/product"}],"wp:featuredmedia":[{"embeddable":true,"href":"https:\/\/mercia-academy.ch\/fr\/wp-json\/wp\/v2\/media\/33981"}],"wp:attachment":[{"href":"https:\/\/mercia-academy.ch\/fr\/wp-json\/wp\/v2\/media?parent=34556"}],"wp:term":[{"taxonomy":"product_brand","embeddable":true,"href":"https:\/\/mercia-academy.ch\/fr\/wp-json\/wp\/v2\/product_brand?post=34556"},{"taxonomy":"product_cat","embeddable":true,"href":"https:\/\/mercia-academy.ch\/fr\/wp-json\/wp\/v2\/product_cat?post=34556"},{"taxonomy":"product_tag","embeddable":true,"href":"https:\/\/mercia-academy.ch\/fr\/wp-json\/wp\/v2\/product_tag?post=34556"}],"curies":[{"name":"wp","href":"https:\/\/api.w.org\/{rel}","templated":true}]}}