{"id":24526,"date":"2022-08-09T13:35:02","date_gmt":"2022-08-09T12:35:02","guid":{"rendered":"https:\/\/mercia-academy.ch\/product\/formation-aux-lois-universelles-pour-futurs-formateurs-langues-francaise-et-espagnole-formacion-en-leyes-universales-para-futuros-formadores-idiomas-frances-y-espanol\/"},"modified":"2022-08-09T13:35:08","modified_gmt":"2022-08-09T12:35:08","slug":"formation-aux-lois-universelles-pour-futurs-formateurs-langues-francaise-et-espagnole-formacion-en-leyes-universales-para-futuros-formadores-idiomas-frances-y-espanol","status":"publish","type":"product","link":"https:\/\/mercia-academy.ch\/en\/produit\/formation-aux-lois-universelles-pour-futurs-formateurs-langues-francaise-et-espagnole-formacion-en-leyes-universales-para-futuros-formadores-idiomas-frances-y-espanol\/","title":{"rendered":"FORMATION AUX LOIS UNIVERSELLES POUR FUTURS FORMATEURS-Langues fran\u00e7aise et espagnole-formaci\u00f3n en Leyes Universales para futuros formadores &#8211; idiomas franc\u00e9s y espa\u00f1ol"},"content":{"rendered":"","protected":false},"excerpt":{"rendered":"","protected":false},"featured_media":18441,"template":"","meta":[],"product_brand":[],"product_cat":[75],"product_tag":[],"class_list":{"0":"post-24526","1":"product","2":"type-product","3":"status-publish","4":"has-post-thumbnail","6":"product_cat-uncategorized","8":"first","9":"instock","10":"virtual","11":"sold-individually","12":"taxable","13":"purchasable","14":"product-type-simple"},"_links":{"self":[{"href":"https:\/\/mercia-academy.ch\/fr\/wp-json\/wp\/v2\/product\/24526","targetHints":{"allow":["GET"]}}],"collection":[{"href":"https:\/\/mercia-academy.ch\/fr\/wp-json\/wp\/v2\/product"}],"about":[{"href":"https:\/\/mercia-academy.ch\/fr\/wp-json\/wp\/v2\/types\/product"}],"wp:featuredmedia":[{"embeddable":true,"href":"https:\/\/mercia-academy.ch\/fr\/wp-json\/wp\/v2\/media\/18441"}],"wp:attachment":[{"href":"https:\/\/mercia-academy.ch\/fr\/wp-json\/wp\/v2\/media?parent=24526"}],"wp:term":[{"taxonomy":"product_brand","embeddable":true,"href":"https:\/\/mercia-academy.ch\/fr\/wp-json\/wp\/v2\/product_brand?post=24526"},{"taxonomy":"product_cat","embeddable":true,"href":"https:\/\/mercia-academy.ch\/fr\/wp-json\/wp\/v2\/product_cat?post=24526"},{"taxonomy":"product_tag","embeddable":true,"href":"https:\/\/mercia-academy.ch\/fr\/wp-json\/wp\/v2\/product_tag?post=24526"}],"curies":[{"name":"wp","href":"https:\/\/api.w.org\/{rel}","templated":true}]}}