{"id":10164,"date":"2021-03-24T15:46:38","date_gmt":"2021-03-24T13:46:38","guid":{"rendered":"https:\/\/mercia-academy.ch\/product\/ciencias-energeticas-modulo-2-con-marien-martinez-abril-y-mayo-de-manana\/"},"modified":"2021-03-31T19:18:02","modified_gmt":"2021-03-31T17:18:02","slug":"ciencias-energeticas-modulo-2-con-marien-martinez-abril-y-mayo-de-manana","status":"publish","type":"product","link":"https:\/\/mercia-academy.ch\/en\/produit\/ciencias-energeticas-modulo-2-con-marien-martinez-abril-y-mayo-de-manana\/","title":{"rendered":"CIENCIAS ENERG\u00c9TICAS \u2013 M\u00d3DULO 2 CON MARI\u00c9N MART\u00cdNEZ- Abril y mayo de ma\u00f1ana"},"content":{"rendered":"","protected":false},"excerpt":{"rendered":"","protected":false},"featured_media":0,"template":"","meta":[],"product_brand":[],"product_cat":[75],"product_tag":[],"class_list":{"0":"post-10164","1":"product","2":"type-product","3":"status-publish","5":"product_cat-uncategorized","7":"first","8":"instock","9":"virtual","10":"taxable","11":"purchasable","12":"product-type-simple"},"_links":{"self":[{"href":"https:\/\/mercia-academy.ch\/fr\/wp-json\/wp\/v2\/product\/10164","targetHints":{"allow":["GET"]}}],"collection":[{"href":"https:\/\/mercia-academy.ch\/fr\/wp-json\/wp\/v2\/product"}],"about":[{"href":"https:\/\/mercia-academy.ch\/fr\/wp-json\/wp\/v2\/types\/product"}],"wp:attachment":[{"href":"https:\/\/mercia-academy.ch\/fr\/wp-json\/wp\/v2\/media?parent=10164"}],"wp:term":[{"taxonomy":"product_brand","embeddable":true,"href":"https:\/\/mercia-academy.ch\/fr\/wp-json\/wp\/v2\/product_brand?post=10164"},{"taxonomy":"product_cat","embeddable":true,"href":"https:\/\/mercia-academy.ch\/fr\/wp-json\/wp\/v2\/product_cat?post=10164"},{"taxonomy":"product_tag","embeddable":true,"href":"https:\/\/mercia-academy.ch\/fr\/wp-json\/wp\/v2\/product_tag?post=10164"}],"curies":[{"name":"wp","href":"https:\/\/api.w.org\/{rel}","templated":true}]}}