{"id":33805,"date":"2023-10-26T07:34:16","date_gmt":"2023-10-26T06:34:16","guid":{"rendered":"https:\/\/mercia-academy.ch\/modules-dintroduction\/"},"modified":"2025-01-08T17:07:26","modified_gmt":"2025-01-08T16:07:26","slug":"modules-dintroduction","status":"publish","type":"page","link":"https:\/\/mercia-academy.ch\/fr\/cours\/cours-zoom\/spiritualite\/lois-universelles-et-grandes-traditions\/modules-dintroduction\/","title":{"rendered":"Modules d&rsquo;introduction"},"content":{"rendered":"\n<h1 class=\"wp-block-heading has-text-align-center\">Modules d&rsquo;introduction<\/h1>\n\n\n\n<div class=\"wp-block-columns is-layout-flex wp-container-core-columns-is-layout-9d6595d7 wp-block-columns-is-layout-flex\">\n<div class=\"wp-block-column is-vertically-aligned-center is-layout-flow wp-block-column-is-layout-flow\" style=\"flex-basis:33.33%\">\n<figure class=\"wp-block-image size-full\"><img loading=\"lazy\" decoding=\"async\" width=\"200\" height=\"200\" src=\"https:\/\/mercia-academy.ch\/wp-content\/uploads\/2021\/01\/book-UL.png\" alt=\"\" class=\"wp-image-7659\" srcset=\"https:\/\/mercia-academy.ch\/wp-content\/uploads\/2021\/01\/book-UL.png 200w, https:\/\/mercia-academy.ch\/wp-content\/uploads\/2021\/01\/book-UL-150x150.png 150w, https:\/\/mercia-academy.ch\/wp-content\/uploads\/2021\/01\/book-UL-66x66.png 66w, https:\/\/mercia-academy.ch\/wp-content\/uploads\/2021\/01\/book-UL-100x100.png 100w\" sizes=\"auto, (max-width: 200px) 100vw, 200px\" \/><\/figure>\n<\/div>\n\n\n\n<div class=\"wp-block-column is-vertically-aligned-center is-layout-flow wp-block-column-is-layout-flow\" style=\"flex-basis:66.66%\">\n<p class=\"has-medium-plus-font-size\">Connaissance et reconnaissance des Lois Universelles et des Grandes Traditions pour les comprendre, les assimiler, les ressentir et les incarner \u00e0 tous les niveaux de la r\u00e9alit\u00e9 de l&rsquo;\u00eatre au monde, \u00e0 l&rsquo;\u00e9chelle individuelle, collective et universelle.<\/p>\n<\/div>\n<\/div>\n\n\n\n<div class=\"wp-block-columns is-layout-flex wp-container-core-columns-is-layout-9d6595d7 wp-block-columns-is-layout-flex\">\n<div class=\"wp-block-column is-layout-flow wp-block-column-is-layout-flow\"><div class=\"wp-block-image\">\n<figure class=\"aligncenter size-full\"><img loading=\"lazy\" decoding=\"async\" width=\"200\" height=\"200\" src=\"https:\/\/mercia-academy.ch\/wp-content\/uploads\/2021\/01\/book-UL.png\" alt=\"\" class=\"wp-image-7659\" srcset=\"https:\/\/mercia-academy.ch\/wp-content\/uploads\/2021\/01\/book-UL.png 200w, https:\/\/mercia-academy.ch\/wp-content\/uploads\/2021\/01\/book-UL-150x150.png 150w, https:\/\/mercia-academy.ch\/wp-content\/uploads\/2021\/01\/book-UL-66x66.png 66w, https:\/\/mercia-academy.ch\/wp-content\/uploads\/2021\/01\/book-UL-100x100.png 100w\" sizes=\"auto, (max-width: 200px) 100vw, 200px\" \/><\/figure>\n<\/div>\n\n\n<h3 class=\"wp-block-heading has-text-align-center\">Module 1<\/h3>\n\n\n\n<p class=\"has-text-align-center\">Tutoriel inclus pour chaque loi du module introductif comprenant \u00e9galement deux sessions de trois heures de pr\u00e9sentation et de partage autour des lois de la <strong>Conscience, de l&rsquo;Amour, de la Foi, de la Cr\u00e9ation, de l&rsquo;Engagement<\/strong> sur la plateforme par zoom.<\/p>\n\n\n\n<p class=\"has-text-align-center\"><strong>Prix : 80 euros<\/strong><\/p>\n<\/div>\n\n\n\n<div class=\"wp-block-column is-layout-flow wp-block-column-is-layout-flow\"><div class=\"wp-block-image\">\n<figure class=\"aligncenter size-full\"><img loading=\"lazy\" decoding=\"async\" width=\"200\" height=\"200\" src=\"https:\/\/mercia-academy.ch\/wp-content\/uploads\/2021\/01\/book-UL.png\" alt=\"\" class=\"wp-image-7659\" srcset=\"https:\/\/mercia-academy.ch\/wp-content\/uploads\/2021\/01\/book-UL.png 200w, https:\/\/mercia-academy.ch\/wp-content\/uploads\/2021\/01\/book-UL-150x150.png 150w, https:\/\/mercia-academy.ch\/wp-content\/uploads\/2021\/01\/book-UL-66x66.png 66w, https:\/\/mercia-academy.ch\/wp-content\/uploads\/2021\/01\/book-UL-100x100.png 100w\" sizes=\"auto, (max-width: 200px) 100vw, 200px\" \/><\/figure>\n<\/div>\n\n\n<h3 class=\"wp-block-heading has-text-align-center\">Module 2<\/h3>\n\n\n\n<p class=\"has-text-align-center\">Tutoriel inclus pour chaque loi du module introductif comprenant \u00e9galement deux sessions de trois heures de pr\u00e9sentation et de partage autour des lois de l&rsquo;<strong>Universalit\u00e9, du Collectif, de la Fraternit\u00e9, de l&rsquo;Asc\u00e8se, de la Rectitude<\/strong> sur la plateforme par zoom.<\/p>\n\n\n\n<p class=\"has-text-align-center\"><strong>Prix : 80 euros<\/strong><\/p>\n<\/div>\n\n\n\n<div class=\"wp-block-column is-layout-flow wp-block-column-is-layout-flow\"><div class=\"wp-block-image\">\n<figure class=\"aligncenter size-full\"><img loading=\"lazy\" decoding=\"async\" width=\"200\" height=\"200\" src=\"https:\/\/mercia-academy.ch\/wp-content\/uploads\/2021\/01\/book-UL.png\" alt=\"\" class=\"wp-image-7659\" srcset=\"https:\/\/mercia-academy.ch\/wp-content\/uploads\/2021\/01\/book-UL.png 200w, https:\/\/mercia-academy.ch\/wp-content\/uploads\/2021\/01\/book-UL-150x150.png 150w, https:\/\/mercia-academy.ch\/wp-content\/uploads\/2021\/01\/book-UL-66x66.png 66w, https:\/\/mercia-academy.ch\/wp-content\/uploads\/2021\/01\/book-UL-100x100.png 100w\" sizes=\"auto, (max-width: 200px) 100vw, 200px\" \/><\/figure>\n<\/div>\n\n\n<h3 class=\"wp-block-heading has-text-align-center\">Module 3<\/h3>\n\n\n\n<p class=\"has-text-align-center\">Tutoriel inclus pour chaque loi du module d&rsquo;introduction, comprenant deux sessions de deux heures de pr\u00e9sentation et de partage autour des lois du <strong>Don et de la Mansu\u00e9tude et de l&rsquo;Epilogue<\/strong>. Une R\u00e9vision de ces douze \u00e9tapes de conscience sera propos\u00e9e \u00e0 la fin de ce module sur la plateforme par zoom.<\/p>\n\n\n\n<p class=\"has-text-align-center\"><strong>Prix : 40 euros<\/strong><\/p>\n<\/div>\n<\/div>\n","protected":false},"excerpt":{"rendered":"<p>Modules d&rsquo;introduction Connaissance et reconnaissance des Lois Universelles et des Grandes Traditions pour les comprendre, les assimiler, les<\/p>\n","protected":false},"author":682,"featured_media":0,"parent":33809,"menu_order":0,"comment_status":"closed","ping_status":"closed","template":"","meta":{"_tutorstarter_page_metadata":[],"footnotes":""},"class_list":["post-33805","page","type-page","status-publish","hentry"],"_links":{"self":[{"href":"https:\/\/mercia-academy.ch\/fr\/wp-json\/wp\/v2\/pages\/33805","targetHints":{"allow":["GET"]}}],"collection":[{"href":"https:\/\/mercia-academy.ch\/fr\/wp-json\/wp\/v2\/pages"}],"about":[{"href":"https:\/\/mercia-academy.ch\/fr\/wp-json\/wp\/v2\/types\/page"}],"author":[{"embeddable":true,"href":"https:\/\/mercia-academy.ch\/fr\/wp-json\/wp\/v2\/users\/682"}],"replies":[{"embeddable":true,"href":"https:\/\/mercia-academy.ch\/fr\/wp-json\/wp\/v2\/comments?post=33805"}],"version-history":[{"count":0,"href":"https:\/\/mercia-academy.ch\/fr\/wp-json\/wp\/v2\/pages\/33805\/revisions"}],"up":[{"embeddable":true,"href":"https:\/\/mercia-academy.ch\/fr\/wp-json\/wp\/v2\/pages\/33809"}],"wp:attachment":[{"href":"https:\/\/mercia-academy.ch\/fr\/wp-json\/wp\/v2\/media?parent=33805"}],"curies":[{"name":"wp","href":"https:\/\/api.w.org\/{rel}","templated":true}]}}