{"id":33801,"date":"2023-10-26T07:34:15","date_gmt":"2023-10-26T06:34:15","guid":{"rendered":"https:\/\/mercia-academy.ch\/modules-dapprofondissement\/"},"modified":"2025-01-08T17:07:05","modified_gmt":"2025-01-08T16:07:05","slug":"modules-dapprofondissement","status":"publish","type":"page","link":"https:\/\/mercia-academy.ch\/fr\/cours\/cours-zoom\/spiritualite\/lois-universelles-et-grandes-traditions\/modules-dapprofondissement\/","title":{"rendered":"Modules d&rsquo;approfondissement"},"content":{"rendered":"\n<h1 class=\"wp-block-heading has-text-align-center\">Modules d&rsquo;approfondissement<\/h1>\n\n\n\n<div class=\"wp-block-columns is-layout-flex wp-container-core-columns-is-layout-9d6595d7 wp-block-columns-is-layout-flex\">\n<div class=\"wp-block-column is-vertically-aligned-center is-layout-flow wp-block-column-is-layout-flow\" style=\"flex-basis:33.33%\">\n<figure class=\"wp-block-image size-large\"><img decoding=\"async\" src=\"https:\/\/mercia-academy.ch\/wp-content\/uploads\/2021\/01\/hand-UL.png\" alt=\"\"\/><\/figure>\n<\/div>\n\n\n\n<div class=\"wp-block-column is-vertically-aligned-center is-layout-flow wp-block-column-is-layout-flow\" style=\"flex-basis:66.66%\">\n<h2 class=\"wp-block-heading has-text-align-left\" style=\"text-transform:uppercase\">Modules de recherche<\/h2>\n\n\n\n<p class=\"has-medium-plus-font-size\">Un module qui met en lumi\u00e8re les principaux th\u00e8mes pr\u00e9sents dans ces textes et qui s&rsquo;inscrit dans la perspective d&rsquo;une action de construction dans l&rsquo;esprit des 12 Lois Universelles.<\/p>\n<\/div>\n<\/div>\n\n\n\n<div class=\"wp-block-columns is-layout-flex wp-container-core-columns-is-layout-9d6595d7 wp-block-columns-is-layout-flex\">\n<div class=\"wp-block-column is-layout-flow wp-block-column-is-layout-flow\"><div class=\"wp-block-image\">\n<figure class=\"aligncenter size-large\"><img decoding=\"async\" src=\"https:\/\/mercia-academy.ch\/wp-content\/uploads\/2021\/01\/hand-UL.png\" alt=\"\"\/><\/figure>\n<\/div>\n\n\n<h3 class=\"wp-block-heading has-text-align-center\">Module 1<\/h3>\n\n\n\n<p class=\"has-text-align-center\">Tutoriel inclus pour chaque loi du module introductif comprenant \u00e9galement deux sessions de trois heures de pr\u00e9sentation et de partage autour des lois de la <strong>Conscience, de l&rsquo;Amour, de la Foi, de la Cr\u00e9ation, de l&rsquo;Engagement<\/strong> sur la plateforme par zoom.<\/p>\n\n\n\n<p class=\"has-text-align-center\"><strong>Prix : 80 euros<\/strong><\/p>\n<\/div>\n\n\n\n<div class=\"wp-block-column is-layout-flow wp-block-column-is-layout-flow\"><div class=\"wp-block-image\">\n<figure class=\"aligncenter size-large\"><img decoding=\"async\" src=\"https:\/\/mercia-academy.ch\/wp-content\/uploads\/2021\/01\/hand-UL.png\" alt=\"\"\/><\/figure>\n<\/div>\n\n\n<h3 class=\"wp-block-heading has-text-align-center\">Module 2<\/h3>\n\n\n\n<p class=\"has-text-align-center\">Tutoriel inclus pour chaque loi du module introductif comprenant \u00e9galement deux sessions de trois heures de pr\u00e9sentation et de partage autour des lois de l&rsquo;<strong>Universalit\u00e9, du Collectif, de la Fraternit\u00e9, de l&rsquo;Asc\u00e8se, de la Rectitude<\/strong> sur la plateforme par zoom.<\/p>\n\n\n\n<p class=\"has-text-align-center\"><strong>Prix : 80 euros<\/strong><\/p>\n<\/div>\n\n\n\n<div class=\"wp-block-column is-layout-flow wp-block-column-is-layout-flow\"><div class=\"wp-block-image\">\n<figure class=\"aligncenter size-large\"><img decoding=\"async\" src=\"https:\/\/mercia-academy.ch\/wp-content\/uploads\/2021\/01\/hand-UL.png\" alt=\"\"\/><\/figure>\n<\/div>\n\n\n<h3 class=\"wp-block-heading has-text-align-center\">Module 3<\/h3>\n\n\n\n<p class=\"has-text-align-center\">Tutoriel inclus pour chaque loi du module d&rsquo;introduction, comprenant deux sessions de deux heures de pr\u00e9sentation et de partage autour des lois du <strong>Don et de la Mansu\u00e9tude et de l&rsquo;Epilogue<\/strong>. Une R\u00e9vision de ces douze \u00e9tapes de conscience sera propos\u00e9e \u00e0 la fin de ce module sur la plateforme par zoom.<\/p>\n\n\n\n<p class=\"has-text-align-center\"><strong>Prix : 40 euros<\/strong><\/p>\n<\/div>\n<\/div>\n\n\n\n<div class=\"wp-block-columns is-layout-flex wp-container-core-columns-is-layout-9d6595d7 wp-block-columns-is-layout-flex\">\n<div class=\"wp-block-column is-vertically-aligned-center is-layout-flow wp-block-column-is-layout-flow\" style=\"flex-basis:33.33%\">\n<figure class=\"wp-block-image size-large\"><img decoding=\"async\" src=\"https:\/\/mercia-academy.ch\/wp-content\/uploads\/2021\/01\/globe-UL.png\" alt=\"\"\/><\/figure>\n<\/div>\n\n\n\n<div class=\"wp-block-column is-vertically-aligned-center is-layout-flow wp-block-column-is-layout-flow\" style=\"flex-basis:66.66%\">\n<h2 class=\"wp-block-heading has-text-align-left\" style=\"text-transform:uppercase\">Modules IN-DEPTH<\/h2>\n\n\n\n<p class=\"has-medium-plus-font-size\">Approfondir la connaissance des Lois Universelles dans une vision plus large des principes universels qui r\u00e9gissent le monde. D\u00e9couvrez l&rsquo;\u00e9nergie christique universelle, la cl\u00e9 de l&rsquo;\u00e9volution, de l&rsquo;unit\u00e9 et du rassemblement dans la diversit\u00e9.<\/p>\n<\/div>\n<\/div>\n","protected":false},"excerpt":{"rendered":"<p>Modules d&rsquo;approfondissement Modules de recherche Un module qui met en lumi\u00e8re les principaux th\u00e8mes pr\u00e9sents dans ces textes<\/p>\n","protected":false},"author":682,"featured_media":0,"parent":33809,"menu_order":0,"comment_status":"closed","ping_status":"closed","template":"","meta":{"_tutorstarter_page_metadata":[],"footnotes":""},"class_list":["post-33801","page","type-page","status-publish","hentry"],"_links":{"self":[{"href":"https:\/\/mercia-academy.ch\/fr\/wp-json\/wp\/v2\/pages\/33801","targetHints":{"allow":["GET"]}}],"collection":[{"href":"https:\/\/mercia-academy.ch\/fr\/wp-json\/wp\/v2\/pages"}],"about":[{"href":"https:\/\/mercia-academy.ch\/fr\/wp-json\/wp\/v2\/types\/page"}],"author":[{"embeddable":true,"href":"https:\/\/mercia-academy.ch\/fr\/wp-json\/wp\/v2\/users\/682"}],"replies":[{"embeddable":true,"href":"https:\/\/mercia-academy.ch\/fr\/wp-json\/wp\/v2\/comments?post=33801"}],"version-history":[{"count":0,"href":"https:\/\/mercia-academy.ch\/fr\/wp-json\/wp\/v2\/pages\/33801\/revisions"}],"up":[{"embeddable":true,"href":"https:\/\/mercia-academy.ch\/fr\/wp-json\/wp\/v2\/pages\/33809"}],"wp:attachment":[{"href":"https:\/\/mercia-academy.ch\/fr\/wp-json\/wp\/v2\/media?parent=33801"}],"curies":[{"name":"wp","href":"https:\/\/api.w.org\/{rel}","templated":true}]}}