{"id":33782,"date":"2023-10-25T22:08:30","date_gmt":"2023-10-25T21:08:30","guid":{"rendered":"https:\/\/mercia-academy.ch\/cours\/cours-zoom\/arts-divinatoires\/tarot-universel-des-maitres\/"},"modified":"2025-01-09T13:20:59","modified_gmt":"2025-01-09T12:20:59","slug":"tarot-universel-des-maitres","status":"publish","type":"page","link":"https:\/\/mercia-academy.ch\/fr\/cours\/cours-zoom\/arts-divinatoires\/tarot-universel-des-maitres\/","title":{"rendered":"Tarot Universel des Ma\u00eetres"},"content":{"rendered":"\n<h1 class=\"wp-block-heading has-text-align-center\">Tarot Universel des Ma\u00eetres<\/h1>\n\n\n\n<div class=\"wp-block-group\"><div class=\"wp-block-group__inner-container is-layout-flow wp-block-group-is-layout-flow\">\n<h2 class=\"wp-block-heading has-text-align-center\">Pourquoi le \u00ab Tarot Universel des Ma\u00eetres \u00bb ?<\/h2>\n\n\n\n<p class=\"has-text-align-center has-medium-font-size\">Remonter \u00e0 travers l&rsquo;image et les symboles \u00e0 la source arch\u00e9typale de cet enseignement et de toute la cr\u00e9ation dans l&rsquo;univers. Ainsi l&rsquo;interpr\u00e9tation de chaque carte, ou d&rsquo;un dessin sera au niveau souhait\u00e9 : universelle ou personnelle.<\/p>\n<\/div><\/div>\n\n\n\n<div class=\"wp-block-columns is-layout-flex wp-container-core-columns-is-layout-9d6595d7 wp-block-columns-is-layout-flex\">\n<div class=\"wp-block-column is-vertically-aligned-center is-layout-flow wp-block-column-is-layout-flow\" style=\"flex-basis:66.66%\">\n<h2 class=\"wp-block-heading\">Comment interpr\u00e9ter les 26 cartes du Tarot Universel des Ma\u00eetres ?<\/h2>\n\n\n\n<p>26 en r\u00e9duction num\u00e9rologique donne 2+6=8. Le 8 repr\u00e9sente l\u2019infini tant qu\u2019il est en circuit ferm\u00e9. C&rsquo;est la repr\u00e9sentation des deux boucles superpos\u00e9es : elles contiennent l&rsquo;univers.<\/p>\n\n\n\n<p>Celui du dessus est le monde \u00ab non manifest\u00e9 \u00bb. La boucle inf\u00e9rieure est le \u00ab monde manifest\u00e9 \u00bb, o\u00f9 la vie existe sous diff\u00e9rentes formes et dans diff\u00e9rents espaces-temps.<\/p>\n\n\n\n<h2 class=\"wp-block-heading\">Qu\u2019est-ce qu\u2019un arch\u00e9type ?<\/h2>\n\n\n\n<p>Un Arch\u00e9type est \u00e0 la fois la pens\u00e9e, la conceptualisation et la cr\u00e9ation divine avant et apr\u00e8s la Cr\u00e9ation. Autrement dit, pour comprendre la notion d\u2019Arch\u00e9type Universel, il faut partir du moment 1 du Big Bang, cette formidable explosion qui contenait \u00ab le Tout \u00bb avant sa d\u00e9multiplication. Le \u00ab Tarot Universel des Ma\u00eetres \u00bb ouvre la conscience \u00e0 d\u2019autres espaces plus subtils dans la Trame.<\/p>\n<\/div>\n\n\n\n<div class=\"wp-block-column is-vertically-aligned-center is-layout-flow wp-block-column-is-layout-flow\" style=\"flex-basis:33.33%\"><div class=\"wp-block-image\">\n<figure class=\"aligncenter size-full\"><img loading=\"lazy\" decoding=\"async\" width=\"425\" height=\"595\" src=\"https:\/\/mercia-academy.ch\/wp-content\/uploads\/2020\/06\/Couverture-TUM-EN_Page_2-1.jpg\" alt=\"\" class=\"wp-image-2236\" srcset=\"https:\/\/mercia-academy.ch\/wp-content\/uploads\/2020\/06\/Couverture-TUM-EN_Page_2-1.jpg 425w, https:\/\/mercia-academy.ch\/wp-content\/uploads\/2020\/06\/Couverture-TUM-EN_Page_2-1-214x300.jpg 214w, https:\/\/mercia-academy.ch\/wp-content\/uploads\/2020\/06\/Couverture-TUM-EN_Page_2-1-200x280.jpg 200w, https:\/\/mercia-academy.ch\/wp-content\/uploads\/2020\/06\/Couverture-TUM-EN_Page_2-1-400x560.jpg 400w\" sizes=\"auto, (max-width: 425px) 100vw, 425px\" \/><\/figure>\n<\/div><\/div>\n<\/div>\n\n\n\n<div class=\"wp-block-columns alignfull has-grey-background-color has-background is-layout-flex wp-container-core-columns-is-layout-9d6595d7 wp-block-columns-is-layout-flex\">\n<div class=\"wp-block-column is-layout-flow wp-block-column-is-layout-flow\">\n<div class=\"wp-block-group\"><div class=\"wp-block-group__inner-container is-layout-flow wp-block-group-is-layout-flow\">\n<div style=\"height:70px\" aria-hidden=\"true\" class=\"wp-block-spacer\"><\/div>\n\n\n\n<h2 class=\"wp-block-heading has-text-align-center\">Rencontrez tous nos professeurs de Tarot Universel des Ma\u00eetres<\/h2>\n\n\n\n<p class=\"has-text-align-center has-medium-font-size\">Nos professeurs sont situ\u00e9s dans diff\u00e9rents pays et villes du monde, et ont \u00e0 c\u0153ur de transmettre les enseignements de D.Didier de mani\u00e8re professionnelle, claire et compr\u00e9hensible. Les cours sont diffus\u00e9s en diff\u00e9rentes langues : anglais, fran\u00e7ais, espagnol, grec.<\/p>\n\n\n\n<div style=\"height:70px\" aria-hidden=\"true\" class=\"wp-block-spacer\"><\/div>\n<\/div><\/div>\n<\/div>\n<\/div>\n\n\n\n<div class=\"tutor-wrap tutor-wrap-parent tutor-courses-wrap tutor-container course-archive-page\" data-tutor_courses_meta=\"{&quot;course_filter&quot;:false,&quot;supported_filters&quot;:{&quot;search&quot;:&quot;search&quot;},&quot;loop_content_only&quot;:false,&quot;column_per_row&quot;:&quot;3&quot;,&quot;course_per_page&quot;:50,&quot;show_pagination&quot;:false}\">\n\t\n\t<div class=\"tutor-row tutor-gx-xl-5\">\n\t\t\t\t\t<div class=\"tutor-col-12\">\n\t\t\t\t<div class=\"\">\n\t\t\t\t\t\n<!--\n\tNote: Do not remove tutor-course-filter attr. It required by _archive.js for filter function.\n!-->\n<div style=\"text-align: right;\" class=\"tutor-course-filter\" tutor-course-filter>\n\t<form style=\"display: inline-block;\">\n\t\t<select class=\"tutor-form-control tutor-form-select\" name=\"course_order\">\n\t\t\t<option value=\"newest_first\"  >\n\t\t\t\tDate de sortie (la plus r\u00e9cente en premier)\t\t\t<\/option>\n\t\t\t<option value=\"oldest_first\" >\n\t\t\t\tDate de sortie (la plus ancienne en premier)\t\t\t<\/option>\n\t\t\t<option value=\"course_title_az\" >\n\t\t\t\tTitre du cours (a-z)\t\t\t<\/option>\n\t\t\t<option value=\"course_title_za\" >\n\t\t\t\tTitre du cours (z-a)\t\t\t<\/option>\n\t\t<\/select>\n\t<\/form>\n<\/div>\n<br\/>\n\t\t\t\t<\/div>\n\t\t\t\t<div class=\"tutor-pagination-wrapper-replaceable\" tutor-course-list-container>\n\t\t\t\t\t<div class=\"tutor-course-list tutor-grid tutor-grid-3\">\n<div class=\"tutor-card tutor-course-card\">\n<div class=\"tutor-course-thumbnail\">\n\t<a href=\"https:\/\/mercia-academy.ch\/en\/cours\/formation-course-tum-formacijski-kurs-univerzalni-tarot-majstora\/\" class=\"tutor-d-block\">\n\t\t<div class=\"tutor-ratio tutor-ratio-16x9\">\n\t\t\t<img decoding=\"async\" class=\"tutor-card-image-top\" src=\"https:\/\/mercia-academy.ch\/wp-content\/uploads\/2024\/05\/TUM-1.jpg\" alt=\"Formation course \u2013 TUM Formacijski kurs \u2013 Univerzalni Tarot Majstora\" loading=\"lazy\">\n\t\t<\/div>\n\t<\/a>\n\t<\/div>\n<div class=\"tutor-course-bookmark\">\n\t<a href=\"javascript:;\"  class=\"tutor-open-login-modal save-bookmark-btn tutor-iconic-btn tutor-iconic-btn-secondary\" data-course-id=\"38678\">\n\t\t<i class=\"tutor-icon-bookmark-line\"><\/i>\n\t<\/a><\/div>\n\n<div class=\"tutor-card-body\">\n\n<div class=\"tutor-course-ratings tutor-mb-8\">\n\t\t<div class=\"tutor-ratings\">\n\t\t<div class=\"tutor-ratings-stars\">\n\t\t\t<span class=\"tutor-icon-star-line\" data-rating-value=\"1\"><\/span><span class=\"tutor-icon-star-line\" data-rating-value=\"2\"><\/span><span class=\"tutor-icon-star-line\" data-rating-value=\"3\"><\/span><span class=\"tutor-icon-star-line\" data-rating-value=\"4\"><\/span><span class=\"tutor-icon-star-line\" data-rating-value=\"5\"><\/span>\t\t<\/div>\n\n\t\t\t<\/div>\n\t<\/div>\n\n<h3 class=\"tutor-course-name tutor-fs-5 tutor-fw-medium\" title=\"Formation course \u2013 TUM Formacijski kurs \u2013 Univerzalni Tarot Majstora\">\n\t<a href=\"https:\/\/mercia-academy.ch\/en\/cours\/formation-course-tum-formacijski-kurs-univerzalni-tarot-majstora\/\">Formation course \u2013 TUM Formacijski kurs \u2013 Univerzalni Tarot Majstora<\/a>\n<\/h3>\n\n<div class=\"tutor-meta tutor-mt-12 tutor-mb-20\">\n\t\t\t<div>\n\t\t\t<span class=\"tutor-meta-icon tutor-icon-user-line\" aria-hidden=\"true\"><\/span>\n\t\t\t<span class=\"tutor-meta-value\">1<\/span>\n\t\t<\/div>\n\t\n\t\t\t<div>\n\t\t\t<span class=\"tutor-icon-clock-line tutor-meta-icon\" aria-hidden=\"true\"><\/span>\n\t\t\t<span class=\"tutor-meta-value\">\n\t\t\t\t 6h\t\t\t<\/span>\n\t\t<\/div>\n\t<\/div>\n\n<div class=\"tutor-meta tutor-mt-auto\">\n\t<div>\n\t\t<a href=\"https:\/\/mercia-academy.ch\/fr\/profile\/nakena2gmail-com?view=instructor\" class=\"tutor-d-flex\">\n\t\t\t<div class=\"tutor-avatar\"><div class=\"tutor-ratio tutor-ratio-1x1\"><img decoding=\"async\" src=\"https:\/\/mercia-academy.ch\/wp-content\/uploads\/2020\/08\/IMG-Natasa-150x150.jpg\" alt=\"Nata\u0161a Jablanovi\u0107\" \/> <\/div><\/div>\t\t<\/a>\n\t<\/div>\n\n\t<div>\n\t\tPar \t\t<a href=\"https:\/\/mercia-academy.ch\/fr\/profile\/nakena2gmail-com?view=instructor\">Nata\u0161a Jablanovi\u0107<\/a>\n\n\t\t\t\t\tDans\t\t\t<a href=\"https:\/\/mercia-academy.ch\/en\/course-category\/divinatory-arts\/?tutor-course-filter-category=9\">Divinatory Arts<\/a>, <a href=\"https:\/\/mercia-academy.ch\/en\/course-category\/english\/?tutor-course-filter-category=152\">English<\/a>, <a href=\"https:\/\/mercia-academy.ch\/en\/course-category\/serbian\/?tutor-course-filter-category=155\">Serbian<\/a>, <a href=\"https:\/\/mercia-academy.ch\/en\/course-category\/tum\/?tutor-course-filter-category=148\">TUM<\/a>\t\t\t<\/div>\n<\/div>\n\n<\/div>\n\n<div class=\"tutor-card-footer\">\n\t<div class=\" tutor-d-flex tutor-align-center tutor-justify-between \"><div class=\"list-item-price tutor-d-flex tutor-align-center\"> <span class=\"price tutor-fs-6 tutor-fw-bold tutor-color-black\"><span class=\"woocommerce-Price-amount amount\"><bdi>240<span class=\"woocommerce-Price-currencySymbol\">&euro;<\/span><\/bdi><\/span> <\/span><\/div><div class=\"list-item-button\"> \n\t<a href=\"\/fr\/wp-json\/wp\/v2\/pages\/33782?add-to-cart=38685\" data-quantity=\"1\" class=\"tutor-btn tutor-btn-outline-primary tutor-btn-md tutor-btn-block  product_type_simple add_to_cart_button  tutor-open-login-modal\" data-product_id=\"38685\" data-product_sku=\"\" aria-label=\"Ajouter au panier\u00a0: &ldquo;Formation course \u2013 TUM Formacijski kurs \u2013 Univerzalni Tarot Majstora&rdquo;\" rel=\"nofollow\"><span class=\"tutor-icon-cart-line tutor-mr-8\"><\/span><span class=\"cart-text\">Ajouter au panier<\/span><\/a> <\/div><\/div>\t<\/div>\n<\/div>\n<\/div>\n\t\t\t\t<\/div>\n\t\t\t<\/div>\n\t\t\t<\/div>\n<\/div>\n<input type=\"hidden\" id=\"course_filter_categories\" value=\"[&quot;148&quot;]\"><\/input>\n\n\n\n<div class=\"tutor-modal tutor-login-modal\" role=\"dialog\" aria-modal=\"true\" aria-labelledby=\"tutor-login-modal-title\" aria-hidden=\"true\">\n\t<div class=\"tutor-modal-overlay\"><\/div>\n\t<div class=\"tutor-modal-window tutor-modal-window-sm\">\n\t\t<div class=\"tutor-modal-content tutor-modal-content-white\">\n\t\t\t<button class=\"tutor-iconic-btn tutor-modal-close-o\" data-tutor-modal-close aria-label=\"Close login dialog\">\n\t\t\t\t<span class=\"tutor-icon-times\" aria-hidden=\"true\"><\/span>\n\t\t\t<\/button>\n\n\t\t\t<div class=\"tutor-modal-body\">\n\t\t\t\t<div class=\"tutor-py-48\">\n\t\t\t\t\t\t\t\t\t\t<div id=\"tutor-login-modal-title\" class=\"tutor-fs-4 tutor-fw-medium tutor-color-black tutor-mb-32\">Salut, bon retour\u00a0!<\/div>\n\t\t\t\t\t<form id=\"tutor-login-form\" method=\"post\">\n\t\t<input type=\"hidden\" id=\"_tutor_nonce\" name=\"_tutor_nonce\" value=\"9117a1ab81\" \/><input type=\"hidden\" name=\"_wp_http_referer\" value=\"\/fr\/wp-json\/wp\/v2\/pages\/33782\" \/>\t<input type=\"hidden\" name=\"tutor_action\" value=\"tutor_user_login\" \/>\n\t<input type=\"hidden\" name=\"redirect_to\" value=\"https:\/\/mercia-academy.ch\/fr\/wp-json\/wp\/v2\/pages\/33782\" \/>\n\n\t<div class=\"tutor-mb-20\">\n\t\t<input type=\"text\" class=\"tutor-form-control\" placeholder=\"Identifiant ou adresse de messagerie\" name=\"log\" value=\"\" size=\"20\" required\/>\n\t<\/div>\n\n\t<div class=\"tutor-mb-32\">\n\t\t<input type=\"password\" class=\"tutor-form-control\" placeholder=\"Mot de passe\" name=\"pwd\" value=\"\" size=\"20\" required\/>\n\t<\/div>\n\n\t<div class=\"tutor-login-error\" role=\"alert\" aria-live=\"polite\"><\/div>\n\t\t\t<input type=\"hidden\" name=\"timezone\" value=\"+01:00\" \/>\n\t\t<script>\n\t\t\tdocument.addEventListener('DOMContentLoaded', function() {\n\t\t\t\tconst timezone = document.querySelector('input[name=\"timezone\"]');\n\t\t\t\tif ( timezone) {\n\t\t\t\t\tconst tz = Intl.DateTimeFormat().resolvedOptions().timeZone;\n\t\t\t\t\ttimezone.value = tz\n\t\t\t\t}\n\t\t\t});\n\t\t<\/script>\n\t\t\t<div class=\"tutor-d-flex tutor-justify-between tutor-align-center tutor-mb-40\">\n\t\t<div class=\"tutor-form-check\">\n\t\t\t<input id=\"tutor-login-agmnt-1\" type=\"checkbox\" class=\"tutor-form-check-input tutor-bg-black-40\" name=\"rememberme\" value=\"forever\" \/>\n\t\t\t<label for=\"tutor-login-agmnt-1\" class=\"tutor-fs-7 tutor-color-muted\">\n\t\t\t\tMe garder connect\u00e9\t\t\t<\/label>\n\t\t<\/div>\n\t\t<a href=\"https:\/\/mercia-academy.ch\/fr\/tableau-de-bord\/retrieve-password\" class=\"tutor-btn tutor-btn-ghost\">\n\t\t\tMot de passe oubli\u00e9\u00a0?\t\t<\/a>\n\t<\/div>\n\n\t\t<button type=\"submit\" class=\"tutor-btn tutor-btn-primary tutor-btn-block\">\n\t\tSe connecter\t<\/button>\n\n\t\t\t\t\t<div class=\"tutor-text-center tutor-fs-6 tutor-color-secondary tutor-mt-20\">\n\t\t\tVous n\u2019avez pas de compte\u00a0?&nbsp;\n\t\t\t<a href=\"https:\/\/mercia-academy.ch\/fr\/inscription-des-etudiants\/?redirect_to=https:\/\/mercia-academy.ch\/fr\/wp-json\/wp\/v2\/pages\/33782\" class=\"tutor-btn tutor-btn-link\">\n\t\t\t\tS\u2019inscrire maintenant\t\t\t<\/a>\n\t\t<\/div>\n\t\t<\/form>\n<script>\n\tdocument.addEventListener('DOMContentLoaded', function() {\n\t\tvar loginModal = document.querySelector('.tutor-modal.tutor-login-modal');\n\t\tvar errors = [];\n\t\tif (loginModal && errors.length) {\n\t\t\tloginModal.classList.add('tutor-is-active');\n\t\t}\n\t});\n<\/script>\n\n\t\t\t\t\t\t\t\t\t<\/div>\n\t\t\t\t\t\t<style>\n\t\t\t#tutor-pro-twitter-login {\n\t\t\t\twidth: 400px; background-color: #00acee; border-color: #00acee; font-weight: bold;\n\t\t\t}\n\t\t<\/style>\n\t\t<div id=\"tutor-pro-social-authentication\" class=\"tutor-pt-24 tutor-d-flex tutor-flex-column tutor-align-center tutor-border-top-light\" style=\"gap: 10px;\">\n\t\t\t\t\t<\/div>\n\t\t\t\t\t<\/div>\n\t\t<\/div>\n\t<\/div>\n<\/div>\n\n","protected":false},"excerpt":{"rendered":"<p>Tarot Universel des Ma\u00eetres Pourquoi le \u00ab Tarot Universel des Ma\u00eetres \u00bb ? Remonter \u00e0 travers l&rsquo;image et<\/p>\n","protected":false},"author":682,"featured_media":0,"parent":33778,"menu_order":8,"comment_status":"closed","ping_status":"closed","template":"","meta":{"_tutorstarter_page_metadata":[],"footnotes":""},"class_list":["post-33782","page","type-page","status-publish","hentry"],"_links":{"self":[{"href":"https:\/\/mercia-academy.ch\/fr\/wp-json\/wp\/v2\/pages\/33782","targetHints":{"allow":["GET"]}}],"collection":[{"href":"https:\/\/mercia-academy.ch\/fr\/wp-json\/wp\/v2\/pages"}],"about":[{"href":"https:\/\/mercia-academy.ch\/fr\/wp-json\/wp\/v2\/types\/page"}],"author":[{"embeddable":true,"href":"https:\/\/mercia-academy.ch\/fr\/wp-json\/wp\/v2\/users\/682"}],"replies":[{"embeddable":true,"href":"https:\/\/mercia-academy.ch\/fr\/wp-json\/wp\/v2\/comments?post=33782"}],"version-history":[{"count":0,"href":"https:\/\/mercia-academy.ch\/fr\/wp-json\/wp\/v2\/pages\/33782\/revisions"}],"up":[{"embeddable":true,"href":"https:\/\/mercia-academy.ch\/fr\/wp-json\/wp\/v2\/pages\/33778"}],"wp:attachment":[{"href":"https:\/\/mercia-academy.ch\/fr\/wp-json\/wp\/v2\/media?parent=33782"}],"curies":[{"name":"wp","href":"https:\/\/api.w.org\/{rel}","templated":true}]}}