{"id":33740,"date":"2023-10-25T20:39:36","date_gmt":"2023-10-25T19:39:36","guid":{"rendered":"https:\/\/mercia-academy.ch\/politique-de-confidentialite\/"},"modified":"2023-10-25T20:39:36","modified_gmt":"2023-10-25T19:39:36","slug":"politique-de-confidentialite","status":"publish","type":"page","link":"https:\/\/mercia-academy.ch\/fr\/politique-de-confidentialite\/","title":{"rendered":"politique de confidentialit\u00e9"},"content":{"rendered":"\n<h1 class=\"wp-block-heading\">politique de confidentialit\u00e9<\/h1>\n\n<div class=\"wp-block-group\"><div class=\"wp-block-group__inner-container is-layout-flow wp-block-group-is-layout-flow\">\n<h2 class=\"wp-block-heading\">Introduction<\/h2>\n\n\n\n<p>La confidentialit\u00e9 des visiteurs de notre site Internet est tr\u00e8s importante pour nous et nous nous engageons \u00e0 la prot\u00e9ger. Cette politique d\u00e9taille ce que nous faisons avec vos informations personnelles.<br\/>Le consentement \u00e0 notre utilisation des cookies conform\u00e9ment \u00e0 cette politique lors de votre premi\u00e8re visite sur notre site Web nous permet d&rsquo;utiliser des cookies chaque fois que vous visitez notre site.<\/p>\n\n\n\n<h2 class=\"wp-block-heading\">Source<\/h2>\n\n\n\n<p>Ce document a \u00e9t\u00e9 cr\u00e9\u00e9 \u00e0 l&rsquo;aide d&rsquo;un mod\u00e8le de SEQ Legal (seqlegal.com) et a \u00e9t\u00e9 modifi\u00e9 par Website Planet (www.websiteplanet.com)<\/p>\n<\/div><\/div>\n\n<div class=\"wp-block-group\"><div class=\"wp-block-group__inner-container is-layout-flow wp-block-group-is-layout-flow\">\n<h2 class=\"wp-block-heading\"><h3>Collecte de renseignements personnels<\/h3><\/h2>\n\n\n\n<p><\/p><p>Les types d\u2019informations personnelles suivants peuvent \u00eatre collect\u00e9s, stock\u00e9s et utilis\u00e9s :<\/p>\n\n\n\n<ol class=\"wp-block-list\" id=\"block-7cf8f6f4-1510-488d-85d6-ffc0ac7c3d12\"><li>Informations sur votre ordinateur, y compris votre adresse IP, votre emplacement g\u00e9ographique, le type et la version de votre navigateur et votre syst\u00e8me d&rsquo;exploitation ;<\/li><li>Des informations sur vos visites et votre utilisation de ce site Web, y compris la source de r\u00e9f\u00e9rence, la dur\u00e9e de la visite, les pages consult\u00e9es et les chemins de navigation des sites Web ;<\/li><li>Des informations telles que votre adresse e-mail, que vous nous fournissez lors de votre inscription sur le site ;<\/li><li>Les informations que vous saisissez lorsque vous cr\u00e9ez un profil sur notre site Internet telles que votre nom, votre photo de profil, votre sexe, votre date de naissance, votre situation amoureuse, vos int\u00e9r\u00eats et loisirs, votre parcours scolaire et professionnel ;<\/li><li>Des informations telles que votre nom et votre adresse e-mail, que vous saisissez pour vous abonner \u00e0 nos e-mails et\/ou newsletters ;<\/li><li>Les informations que vous saisissez lorsque vous utilisez les services de notre site Web ;<\/li><li>Informations g\u00e9n\u00e9r\u00e9es lors de l&rsquo;utilisation de notre site, y compris quand, \u00e0 quelle fr\u00e9quence et dans quelles circonstances vous l&rsquo;utilisez ;<\/li><li>Les informations relatives aux achats que vous effectuez, aux services que vous utilisez ou aux transactions que vous effectuez sur notre site, qui comprennent votre nom, votre adresse, votre num\u00e9ro de t\u00e9l\u00e9phone, votre adresse e-mail et vos informations bancaires ;<\/li><li>Les informations que vous publiez sur notre site Internet dans l&rsquo;intention de les publier sur Internet, et qui comprennent votre nom d&rsquo;utilisateur, vos photos de profil et le contenu de vos publications ;<\/li><li>Les informations contenues dans toutes les communications que vous nous envoyez par courrier \u00e9lectronique ou sur notre site Internet, y compris leur contenu et leurs m\u00e9tadonn\u00e9es ;<\/li><li>Toute autre information personnelle que vous nous communiquez. Avant de nous divulguer des informations personnelles sur une autre personne, vous devez obtenir le consentement de cette personne \u00e0 la divulgation et au traitement de ces informations personnelles selon les termes de cette politique.<\/li><\/ol>\n<\/div><\/div>\n\n<div class=\"wp-block-group\"><div class=\"wp-block-group__inner-container is-layout-flow wp-block-group-is-layout-flow\">\n<h2 class=\"wp-block-heading\">Utilisation de vos informations personnelles<\/h2>\n\n\n\n<p>Les informations personnelles qui nous sont fournies via notre site Web seront utilis\u00e9es aux fins d\u00e9crites dans cette politique ou sur les pages pertinentes du site. Nous pouvons utiliser vos informations personnelles pour :<\/p>\n\n\n\n<ol class=\"wp-block-list\"><li>Administrer notre site Web et notre entreprise ;<\/li><li>Personnalisez notre site Web pour vous ;<\/li><li>Autoriser votre utilisation des services propos\u00e9s sur notre site Internet ;<\/li><li>Vous envoyer les biens achet\u00e9s sur notre site ;<\/li><li>Vous fournir les services achet\u00e9s sur notre site ;<\/li><li>Vous envoyer des relev\u00e9s, des factures et des rappels de paiement, et encaisser vos paiements ;<\/li><li>Vous envoyer des communications commerciales non li\u00e9es au marketing ;<\/li><li>Vous envoyer des notifications par e-mail que vous avez sp\u00e9cifiquement demand\u00e9es ;<\/li><li>Envoyez-nous notre newsletter par email, si vous en avez fait la demande (vous pouvez nous informer \u00e0 tout moment de votre souhait de ne plus recevoir notre newsletter) ;<\/li><li>Pour vous envoyer des communications marketing relatives \u00e0 notre soci\u00e9t\u00e9 ou \u00e0 des soci\u00e9t\u00e9s tierces soigneusement s\u00e9lectionn\u00e9es qui, selon nous, pourraient vous int\u00e9resser, sous la forme d&rsquo;une publication, ou si vous avez express\u00e9ment donn\u00e9 votre consentement, par e-mail ou technologie similaire (vous pouvez nous informer \u00e0 tout moment de votre souhait de ne plus recevoir de communications marketing) ;<\/li><li>Fournir des informations statistiques sur nos utilisateurs \u00e0 des tiers (sans que ces tiers puissent identifier un utilisateur individuel gr\u00e2ce \u00e0 ces informations) ;<\/li><li>Traiter les demandes et r\u00e9clamations relatives \u00e0 votre site internet formul\u00e9es par vous ou vous concernant ;<\/li><li>Maintenir la s\u00e9curit\u00e9 de notre site Web et pr\u00e9venir la fraude ;<\/li><li>V\u00e9rifier le respect des conditions g\u00e9n\u00e9rales d&rsquo;utilisation de notre site Internet (notamment le suivi des messages priv\u00e9s envoy\u00e9s via le service de messagerie priv\u00e9e de notre site Internet) ; et<\/li><li>Autres utilisations.<\/li><\/ol>\n\n\n\n<p>Si vous soumettez des informations personnelles sur notre site Web dans le but de les publier, nous les publierons et pourrons utiliser ces informations conform\u00e9ment aux autorisations que vous nous accordez. Vos param\u00e8tres de confidentialit\u00e9 peuvent \u00eatre utilis\u00e9s pour limiter la publication de vos informations sur notre site Web et peuvent \u00eatre ajust\u00e9s dans vos param\u00e8tres de confidentialit\u00e9 sur le site Web. Sans votre consentement expr\u00e8s, nous ne fournirons pas vos informations personnelles \u00e0 des tiers \u00e0 des fins de marketing direct ou celui d&rsquo;autres tiers.<\/p>\n<\/div><\/div>\n\n<div class=\"wp-block-group\"><div class=\"wp-block-group__inner-container is-layout-flow wp-block-group-is-layout-flow\">\n<h2 class=\"wp-block-heading\"><h3>Divulgation de vos informations personnelles<\/h3><\/h2>\n\n\n\n<p>Nous pouvons divulguer vos informations personnelles \u00e0 l\u2019un de nos employ\u00e9s, dirigeants, assureurs, conseillers professionnels, agents, fournisseurs ou sous-traitants dans la mesure raisonnablement n\u00e9cessaire aux fins \u00e9nonc\u00e9es dans la pr\u00e9sente politique. Nous pouvons divulguer vos informations personnelles \u00e0 tout membre de notre groupe de soci\u00e9t\u00e9s (c&rsquo;est-\u00e0-dire nos filiales, notre soci\u00e9t\u00e9 holding ultime et toutes ses filiales) dans la mesure raisonnablement n\u00e9cessaire aux fins \u00e9nonc\u00e9es dans la pr\u00e9sente politique. Nous pouvons divulguer vos informations personnelles :<\/p>\n\n\n\n<ol class=\"wp-block-list\"><li>Dans la mesure o\u00f9 nous y sommes tenus par la loi ;<\/li><li>Dans le cadre de toute proc\u00e9dure judiciaire en cours ou \u00e0 venir ;<\/li><li>Pour \u00e9tablir, exercer ou d\u00e9fendre nos droits l\u00e9gaux (y compris la fourniture d&rsquo;informations \u00e0 des tiers \u00e0 des fins de pr\u00e9vention de la fraude et de r\u00e9duction du risque de cr\u00e9dit) ;<\/li><li>\u00c0 l\u2019acheteur (ou acheteur potentiel) de toute entreprise ou actif en notre possession que nous souhaitons (ou envisageons de vendre) ; et<\/li><li>\u00c0 toute personne que nous consid\u00e9rons raisonnablement comme faisant partie int\u00e9grante d\u2019un tribunal ou d\u2019une autre autorit\u00e9 comp\u00e9tente pour la divulgation de ces informations personnelles si, \u00e0 notre avis, un tel tribunal ou une telle autorit\u00e9 serait susceptible de demander la divulgation de ces informations personnelles.<\/li><\/ol>\n\n\n\n<p><\/p><p>Sauf disposition contraire dans cette politique, nous ne transmettrons pas vos informations personnelles \u00e0 des tiers.<\/p>\n<\/div><\/div>\n\n<div class=\"wp-block-group\"><div class=\"wp-block-group__inner-container is-layout-flow wp-block-group-is-layout-flow\">\n<h2 class=\"wp-block-heading\"><h3>Transferts de donn\u00e9es internationaux<\/h3><\/h2>\n\n\n\n<ol class=\"wp-block-list\"><li><p>Les informations que nous collectons peuvent \u00eatre stock\u00e9es, trait\u00e9es et transf\u00e9r\u00e9es vers n&rsquo;importe quel pays dans lequel nous op\u00e9rons, afin que nous puissions utiliser les informations conform\u00e9ment \u00e0 cette politique.<\/p><\/li><li><p><span style=\"font-size: revert; color: initial;\">Les informations que nous collectons pourront \u00eatre transf\u00e9r\u00e9es vers les pays suivants, qui ne disposent pas de lois sur la protection des donn\u00e9es \u00e9quivalentes \u00e0 celles en vigueur dans l&rsquo;espace \u00e9conomique europ\u00e9en : les \u00c9tats-Unis d&rsquo;Am\u00e9rique, la Russie, le Japon, la Chine et l&rsquo;Inde.<\/span><\/p><\/li><li><p><span style=\"font-size: revert; background-color: rgb(255, 255, 255); color: initial;\">Les informations personnelles que vous publiez sur notre site Internet ou que vous soumettez pour publication peuvent \u00eatre disponibles, via Internet, dans le monde entier. Nous ne pouvons emp\u00eacher l\u2019utilisation, bonne ou mauvaise, de ces informations par des tiers.<\/span><\/p><\/li><li><p><span style=\"font-size: revert; background-color: rgb(255, 255, 255); color: initial;\">Vous acceptez express\u00e9ment le transfert d\u2019informations personnelles d\u00e9crit dans cette section F.<\/span><\/p><\/li><\/ol>\n<\/div><\/div>\n\n<div class=\"wp-block-group\"><div class=\"wp-block-group__inner-container is-layout-flow wp-block-group-is-layout-flow\">\n<h2 class=\"wp-block-heading\">Stockage de vos informations personnelles<\/h2>\n\n\n\n<ol class=\"wp-block-list\"><li><p>Cette section G d\u00e9taille nos politiques et proc\u00e9dures de conservation des donn\u00e9es, qui sont con\u00e7ues pour nous aider \u00e0 respecter nos obligations l\u00e9gales concernant la conservation et la suppression des informations personnelles.<\/p><\/li><li><p><span style=\"background-color: rgb(255, 255, 255); color: initial;\">Les informations personnelles que nous traitons \u00e0 quelque fin que ce soit ne sont pas conserv\u00e9es plus longtemps que n\u00e9cessaire \u00e0 cette ou \u00e0 ces fins. 3. Sans pr\u00e9judice de l&rsquo;article G-2, nous supprimerons de mani\u00e8re g\u00e9n\u00e9rale les donn\u00e9es personnelles de ces cat\u00e9gories. <\/span>4. Nonobstant les autres dispositions de la pr\u00e9sente Section G, nous conserverons les documents (y compris les documents \u00e9lectroniques) contenant des donn\u00e9es personnelles :<\/p><\/li><li><p><span style=\"font-size: revert; color: initial;\">Dans la mesure o\u00f9 nous y sommes tenus par la loi ;<\/span><\/p><\/li><li>Si nous pensons que les documents peuvent \u00eatre pertinents pour toute proc\u00e9dure judiciaire en cours ou potentielle ; et<\/li><li><p><span style=\"font-size: revert; color: initial;\">Pour \u00e9tablir, exercer ou d\u00e9fendre nos droits l\u00e9gaux (y compris la fourniture d&rsquo;informations \u00e0 des tiers \u00e0 des fins de pr\u00e9vention de la fraude et de r\u00e9duction du risque de cr\u00e9dit).<\/span><\/p><\/li><\/ol>\n<\/div><\/div>\n\n<div class=\"wp-block-group\"><div class=\"wp-block-group__inner-container is-layout-flow wp-block-group-is-layout-flow\">\n<h2 class=\"wp-block-heading\">S\u00e9curit\u00e9 de vos informations personnelles<\/h2>\n\n\n\n<ol class=\"wp-block-list\"><li>We will take reasonable technical and organizational precautions to prevent the loss, misuse or alteration of your personal information.<\/li><li>Nous prendrons des pr\u00e9cautions techniques et organisationnelles raisonnables pour \u00e9viter la perte, l\u2019utilisation abusive ou l\u2019alt\u00e9ration de vos informations personnelles.<\/li><li>Toutes les transactions financi\u00e8res \u00e9lectroniques effectu\u00e9es via notre site Web seront prot\u00e9g\u00e9es par des technologies de cryptage.<\/li><li>Vous reconnaissez que la transmission d&rsquo;informations sur Internet est intrins\u00e8quement non s\u00e9curis\u00e9e et que nous ne pouvons pas garantir la s\u00e9curit\u00e9 de vos donn\u00e9es envoy\u00e9es sur Internet. 5. Vous \u00eates responsable de la confidentialit\u00e9 du mot de passe que vous utilisez pour acc\u00e9der \u00e0 notre site Internet ; nous ne vous demanderons pas votre mot de passe (sauf lorsque vous vous identifiez sur notre site internet).<\/li><\/ol>\n<\/div><\/div>\n\n<div class=\"wp-block-group\"><div class=\"wp-block-group__inner-container is-layout-flow wp-block-group-is-layout-flow\">\n<h2 class=\"wp-block-heading\">Amendements<\/h2>\n\n\n\n<p>Nous pouvons parfois mettre \u00e0 jour cette politique en publiant une nouvelle version sur notre site Web. Vous devez consulter cette page r\u00e9guli\u00e8rement pour vous assurer que vous \u00eates au courant de toute modification apport\u00e9e \u00e0 cette politique. Nous pouvons vous informer des modifications apport\u00e9es \u00e0 cette politique par e-mail ou via le service de messagerie priv\u00e9e sur notre site Web.<\/p>\n<\/div><\/div>\n\n<div class=\"wp-block-group\"><div class=\"wp-block-group__inner-container is-layout-flow wp-block-group-is-layout-flow\">\n<h2 class=\"wp-block-heading\">Vos droits<\/h2>\n\n\n\n<p>Vous pouvez nous demander de vous fournir toutes les informations personnelles que nous d\u00e9tenons \u00e0 votre sujet ; le transfert de ces informations sera soumis aux conditions suivantes : <\/p>\n\n\n\n<ol class=\"wp-block-list\"><li>Paiement des frais ; et<\/li><li>La pr\u00e9sentation d&rsquo;un justificatif suffisant de votre identit\u00e9 (\u00e0 ces fins, nous acceptons g\u00e9n\u00e9ralement une photocopie de votre passeport certifi\u00e9e par un notaire, ainsi qu&rsquo;un original d&rsquo;une facture de service public faisant appara\u00eetre votre adresse actuelle).<\/li><\/ol>\n\n\n\n<p>Nous pouvons conserver les informations personnelles que vous demandez dans la mesure permise par la loi. Vous pouvez nous demander \u00e0 tout moment de ne pas traiter vos informations personnelles \u00e0 des fins de marketing. Dans la pratique, vous acceptez express\u00e9ment et \u00e0 l&rsquo;avance que nous utilisions vos informations personnelles \u00e0 des fins de marketing ou que nous vous donnions la possibilit\u00e9 de refuser l&rsquo;utilisation de vos informations personnelles \u00e0 des fins de marketing. Niveaux Web des sites Notre site Web contient des hyperliens vers des sites Web de tiers et des informations les concernant. Nous n&rsquo;avons aucun contr\u00f4le sur ces sites et nous ne sommes pas responsables de leurs politiques ou pratiques de confidentialit\u00e9.<\/p>\n<\/div><\/div>\n\n<div class=\"wp-block-group\"><div class=\"wp-block-group__inner-container is-layout-flow wp-block-group-is-layout-flow\">\n<h2 class=\"wp-block-heading\">Mise \u00e0 jour des informations<\/h2>\n\n\n\n<p>Veuillez nous faire savoir si les informations personnelles que nous d\u00e9tenons \u00e0 votre sujet doivent \u00eatre corrig\u00e9es ou mises \u00e0 jour.<\/p>\n<\/div><\/div>\n\n<div class=\"wp-block-group\"><div class=\"wp-block-group__inner-container is-layout-flow wp-block-group-is-layout-flow\">\n<h2 class=\"wp-block-heading\">Cookies<\/h2>\n\n\n\n<p>Notre site Web utilise des cookies. <\/p>\n\n\n\n<p>Un cookie est un fichier contenant un identifiant (une cha\u00eene de lettres et de chiffres) envoy\u00e9 par un serveur Web \u00e0 un navigateur Web et stock\u00e9 par ce dernier. L&rsquo;identifiant est ensuite renvoy\u00e9 au serveur \u00e0 chaque fois que le navigateur demande une page au serveur. Les cookies peuvent \u00eatre \u00ab persistants \u00bb ou \u00ab de session \u00bb : un cookie persistant est stock\u00e9 par le navigateur et reste valable jusqu&rsquo;\u00e0 la date d&rsquo;expiration, sauf suppression par l&rsquo;utilisateur avant cette date d&rsquo;expiration ; quant \u00e0 un cookie de session, il expire \u00e0 la fin de la session utilisateur, \u00e0 la fermeture du navigateur. Les cookies ne contiennent g\u00e9n\u00e9ralement aucune information permettant d&rsquo;identifier un utilisateur individuellement, mais les informations personnelles que nous stockons \u00e0 votre sujet peuvent \u00eatre li\u00e9es aux informations stock\u00e9es dans les cookies et obtenues par les cookies. <\/p>\n\n\n\n<p>1. Les noms des cookies que nous utilisons sur notre site Web et les finalit\u00e9s pour lesquelles nous les utilisons sont d\u00e9crits ci-dessous : <\/p>\n\n\n\n<p>Nous utilisons Google Analytics et Adwords sur notre site Internet pour : reconna\u00eetre un ordinateur lorsqu&rsquo;un utilisateur visite le site Internet \/ suivre les utilisateurs lorsqu&rsquo;ils naviguent sur le site Internet \/ activer l&rsquo;utilisation d&rsquo;un panier sur le site Internet \/ am\u00e9liorer l&rsquo;utilisation d&rsquo;un site Internet \/ analyser l&rsquo;utilisation du site Internet \/ administrer le site Internet \/ pr\u00e9venir la fraude et am\u00e9liorer la s\u00e9curit\u00e9 du site Internet \/ personnaliser le site Internet pour chaque utilisateur \/ envoyer des publicit\u00e9s cibl\u00e9es susceptibles d&rsquo;int\u00e9resser certains utilisateurs (d\u00e9crivez vos autres objectifs) ;<\/p>\n\n\n\n<p>La plupart des navigateurs vous permettent de refuser ou d&rsquo;accepter les cookies. Par exemple: <\/p>\n\n\n\n<ol class=\"wp-block-list\"><li>avec Internet Explorer (version 10), vous pouvez bloquer les cookies en utilisant les param\u00e8tres alternatifs de gestion des cookies disponibles en cliquant sur \u00ab Outils \u00bb, \u00ab Options Internet \u00bb, \u00ab Confidentialit\u00e9 \u00bb puis \u00ab Avanc\u00e9 \u00bb ;<\/li><li>avec Firefox (version 24), vous pouvez bloquer tous les cookies en cliquant sur \u00ab Outils \u00bb, \u00ab Options \u00bb, \u00ab Confidentialit\u00e9 \u00bb puis en s\u00e9lectionnant \u00ab Utiliser les param\u00e8tres personnalis\u00e9s pour l&rsquo;historique \u00bb dans le menu d\u00e9roulant et en d\u00e9cochant \u00ab Accepter les cookies des sites \u00bb. ; et<\/li><li>avec Chrome (version 29), vous pouvez bloquer tous les cookies en acc\u00e9dant au menu \u00ab Personnaliser et contr\u00f4ler \u00bb puis en cliquant sur \u00ab Param\u00e8tres \u00bb, \u00ab Afficher les param\u00e8tres avanc\u00e9s \u00bb et \u00ab Param\u00e8tres de contenu \u00bb puis en s\u00e9lectionnant \u00ab Emp\u00eacher les sites de d\u00e9finir des donn\u00e9es \u00bb dans la rubrique \u00ab Cookies \u00bb. Le blocage de tous les cookies aura un impact n\u00e9gatif sur l&rsquo;utilisation de nombreux sites Web. Si vous bloquez les cookies, vous ne pourrez pas utiliser toutes les fonctionnalit\u00e9s de notre site Internet.<\/li><\/ol>\n\n\n\n<p>Vous pouvez supprimer les cookies d\u00e9j\u00e0 stock\u00e9s sur votre ordinateur. Exemple: <\/p>\n\n\n\n<ol class=\"wp-block-list\"><li>avec Internet Explorer (version 10), vous devez supprimer le fichier cookies manuellement (vous pouvez trouver les instructions pour le faire ici http:\/\/support.microsoft.com\/kb\/278835) ;<\/li><li>avec Firefox (version 24), vous pouvez supprimer les cookies en cliquant sur \u00ab Outils \u00bb, \u00ab Options \u00bb et \u00ab Confidentialit\u00e9 \u00bb, puis en s\u00e9lectionnant \u00ab Utiliser les param\u00e8tres personnalis\u00e9s pour l&rsquo;historique \u00bb et en cliquant sur \u00ab Afficher les cookies \u00bb, puis sur \u00ab Supprimer \u00bb. tous les cookies \u00ab ; et<\/li><li>avec Chrome (version 29), vous pouvez supprimer tous les cookies en acc\u00e9dant au menu \u00ab Personnaliser et contr\u00f4ler \u00bb puis en cliquant sur \u00ab Param\u00e8tres \u00bb, \u00ab Afficher les param\u00e8tres avanc\u00e9s \u00bb et \u00ab Supprimer les donn\u00e9es de navigation \u00bb puis \u00ab Supprimer les cookies et donn\u00e9es de module des autres sites \u00bb avant de cliquer sur \u00ab Supprimer les donn\u00e9es de navigation \u00bb.<\/li><li>La suppression des cookies aura un impact n\u00e9gatif sur l&rsquo;utilisation de nombreux sites Web.<\/li><\/ol>\n<\/div><\/div>\n","protected":false},"excerpt":{"rendered":"<p>politique de confidentialit\u00e9 Introduction La confidentialit\u00e9 des visiteurs de notre site Internet est tr\u00e8s importante pour nous et<\/p>\n","protected":false},"author":682,"featured_media":0,"parent":0,"menu_order":50,"comment_status":"closed","ping_status":"open","template":"","meta":{"_tutorstarter_page_metadata":[],"footnotes":""},"class_list":["post-33740","page","type-page","status-publish","hentry"],"_links":{"self":[{"href":"https:\/\/mercia-academy.ch\/fr\/wp-json\/wp\/v2\/pages\/33740","targetHints":{"allow":["GET"]}}],"collection":[{"href":"https:\/\/mercia-academy.ch\/fr\/wp-json\/wp\/v2\/pages"}],"about":[{"href":"https:\/\/mercia-academy.ch\/fr\/wp-json\/wp\/v2\/types\/page"}],"author":[{"embeddable":true,"href":"https:\/\/mercia-academy.ch\/fr\/wp-json\/wp\/v2\/users\/682"}],"replies":[{"embeddable":true,"href":"https:\/\/mercia-academy.ch\/fr\/wp-json\/wp\/v2\/comments?post=33740"}],"version-history":[{"count":0,"href":"https:\/\/mercia-academy.ch\/fr\/wp-json\/wp\/v2\/pages\/33740\/revisions"}],"wp:attachment":[{"href":"https:\/\/mercia-academy.ch\/fr\/wp-json\/wp\/v2\/media?parent=33740"}],"curies":[{"name":"wp","href":"https:\/\/api.w.org\/{rel}","templated":true}]}}