{"id":33716,"date":"2023-10-25T20:11:07","date_gmt":"2023-10-25T19:11:07","guid":{"rendered":"https:\/\/mercia-academy.ch\/inscription-des-etudiants\/"},"modified":"2024-01-31T16:08:34","modified_gmt":"2024-01-31T15:08:34","slug":"inscription-des-etudiants","status":"publish","type":"page","link":"https:\/\/mercia-academy.ch\/fr\/inscription-des-etudiants\/","title":{"rendered":"Inscription des \u00e9tudiants"},"content":{"rendered":"\n\n    <!-- wp:group -->\n<div class=\"wp-block-group\"><!-- wp:heading -->\n<h2 class=\"wp-block-heading\">Formulaire d'inscription \u00e9tudiant<\/h2>\n<!-- \/wp:heading -->\n\n<!-- wp:paragraph -->\n<p>Vous \u00eates un enseignant ? Rendez-vous sur le <a href=\"https:\/\/mercia-academy.ch\/inscription-des-instructeurs\/?lang=fr\" data-type=\"page\" data-id=\"18190\">formulaire d'inscription d\u00e9di\u00e9.<\/a><\/p>\n<!-- \/wp:paragraph --><\/div>\n<!-- \/wp:group -->\n    <form method=\"post\" enctype=\"multipart\/form-data\" id=\"tutor-registration-from\">\n        <input type=\"hidden\" name=\"tutor_course_enroll_attempt\" value=\"\">\n        \n        <input type=\"hidden\" id=\"_tutor_nonce\" name=\"_tutor_nonce\" value=\"306ba0f936\" \/><input type=\"hidden\" name=\"_wp_http_referer\" value=\"\/fr\/wp-json\/wp\/v2\/pages\/33716\" \/>        <input type=\"hidden\" value=\"tutor_register_student\" name=\"tutor_action\"\/>\n\n        \n        <div class=\"tutor-form-row\">\n            <div class=\"tutor-form-col-6\">\n                <div class=\"tutor-form-group\">\n                    <label>\n                        Pr\u00e9nom                    <\/label>\n                    <input type=\"text\" name=\"first_name\" value=\"\" placeholder=\"Pr\u00e9nom\" required autocomplete=\"given-name\">\n                <\/div>\n            <\/div>\n\n            <div class=\"tutor-form-col-6\">\n                <div class=\"tutor-form-group\">\n                    <label>\n                        Nom de famille                    <\/label>\n                    <input type=\"text\" name=\"last_name\" value=\"\" placeholder=\"Nom de famille\" required autocomplete=\"family-name\">\n                <\/div>\n            <\/div>\n        <\/div>\n\n        <div class=\"tutor-form-row\">\n            <div class=\"tutor-form-col-6\">\n                <div class=\"tutor-form-group\">\n                    <label>\n                        Nom de l\u2019utilisateur ou de l\u2019utilisatrice                    <\/label>\n                    <input type=\"text\" name=\"user_login\" class=\"tutor_user_name\" value=\"\" placeholder=\"Nom de l\u2019utilisateur ou de l\u2019utilisatrice\" required autocomplete=\"username\">\n                <\/div>\n            <\/div>\n\n            <div class=\"tutor-form-col-6\">\n                <div class=\"tutor-form-group\">\n                    <label>\n                        Adresse e-mail                    <\/label>\n                    <input type=\"text\" name=\"email\" value=\"\" placeholder=\"Adresse e-mail\" required autocomplete=\"email\">\n                <\/div>\n            <\/div>\n        <\/div>\n\n        <div class=\"tutor-form-row\">\n            <div class=\"tutor-form-col-6\">\n                <div class=\"tutor-form-group\">\n                    <label>\n                        Mot de passe                    <\/label>\n                    <input type=\"password\" name=\"password\" value=\"\" placeholder=\"Mot de passe\" required autocomplete=\"new-password\">\n                <\/div>\n            <\/div>\n\n            <div class=\"tutor-form-col-6\">\n                <div class=\"tutor-form-group\">\n                    <label>\n                        Confirmation du mot de passe                    <\/label>\n                    <input type=\"password\" name=\"password_confirmation\" value=\"\" placeholder=\"Confirmation du mot de passe\" required autocomplete=\"new-password\">\n                <\/div>\n            <\/div>\n        <\/div>\n\n        <div class=\"tutor-form-row\">\n            <div class=\"tutor-form-col-12\">\n                <div class=\"tutor-form-group\">\n                <div class=\"gglcptch gglcptch_invisible\"><div id=\"gglcptch_recaptcha_2655543994\" class=\"gglcptch_recaptcha\"><\/div>\n\t\t\t\t<noscript>\n\t\t\t\t\t<div style=\"width: 302px;\">\n\t\t\t\t\t\t<div style=\"width: 302px; height: 422px; position: relative;\">\n\t\t\t\t\t\t\t<div style=\"width: 302px; height: 422px; position: absolute;\">\n\t\t\t\t\t\t\t\t<iframe src=\"https:\/\/www.google.com\/recaptcha\/api\/fallback?k=6LeisWsqAAAAAKL2aaqSWsNIfeEPeNVOVbUvlZjU\" frameborder=\"0\" scrolling=\"no\" style=\"width: 302px; height:422px; border-style: none;\"><\/iframe>\n\t\t\t\t\t\t\t<\/div>\n\t\t\t\t\t\t<\/div>\n\t\t\t\t\t\t<div style=\"border-style: none; bottom: 12px; left: 25px; margin: 0px; padding: 0px; right: 25px; background: #f9f9f9; border: 1px solid #c1c1c1; border-radius: 3px; height: 60px; width: 300px;\">\n\t\t\t\t\t\t\t<input type=\"hidden\" id=\"g-recaptcha-response\" name=\"g-recaptcha-response\" class=\"g-recaptcha-response\" style=\"width: 250px !important; height: 40px !important; border: 1px solid #c1c1c1 !important; margin: 10px 25px !important; padding: 0px !important; resize: none !important;\">\n\t\t\t\t\t\t<\/div>\n\t\t\t\t\t<\/div>\n\t\t\t\t<\/noscript><\/div>                <\/div>\n            <\/div>\n        <\/div>\n\n        \n                            <div class=\"tutor-form-row tutor-mb-24\">\n                <div class=\"tutor-form-col-12\">\n                    <div class=\"tutor-d-flex tutor-gap-1 tutor-align-center\">\n                        <div class=\"tutor-form-wrap\">\n                            <input type=\"checkbox\" id=\"tutor-terms-conditions\" name=\"terms_conditions\" required>\n                        <\/div>\n                        <label for=\"tutor-terms-conditions\">\n                            By signing up, you agree to the <a target=\"_blank\" href=\"https:\/\/mercia-academy.ch\/en\/terms-and-conditions\/\" title=\"Conditions G\u00e9n\u00e9rales d\u2019Utilisation\">Conditions G\u00e9n\u00e9rales d\u2019Utilisation<\/a>\n                        <\/label>\n                    <\/div>\n                <\/div>\n            <\/div>\n        \n        <div class=\"tutor-form-row\">\n            <div class=\"tutor-form-col-12\">\n                <div class=\"tutor-form-group tutor-reg-form-btn-wrap\">\n                    <button type=\"submit\" name=\"tutor_register_student_btn\" value=\"register\" class=\"tutor-btn\">S\u2019inscrire<\/button>\n                <\/div>\n            <\/div>\n        <\/div>\n\n    <\/form>\n    ","protected":false},"excerpt":{"rendered":"<p>Formulaire d&rsquo;inscription \u00e9tudiant Vous \u00eates un enseignant ? Rendez-vous sur le formulaire d&rsquo;inscription d\u00e9di\u00e9. Pr\u00e9nom Nom de famille<\/p>\n","protected":false},"author":682,"featured_media":0,"parent":0,"menu_order":42,"comment_status":"closed","ping_status":"closed","template":"","meta":{"_tutorstarter_page_metadata":[],"footnotes":""},"class_list":["post-33716","page","type-page","status-publish","hentry"],"_links":{"self":[{"href":"https:\/\/mercia-academy.ch\/fr\/wp-json\/wp\/v2\/pages\/33716","targetHints":{"allow":["GET"]}}],"collection":[{"href":"https:\/\/mercia-academy.ch\/fr\/wp-json\/wp\/v2\/pages"}],"about":[{"href":"https:\/\/mercia-academy.ch\/fr\/wp-json\/wp\/v2\/types\/page"}],"author":[{"embeddable":true,"href":"https:\/\/mercia-academy.ch\/fr\/wp-json\/wp\/v2\/users\/682"}],"replies":[{"embeddable":true,"href":"https:\/\/mercia-academy.ch\/fr\/wp-json\/wp\/v2\/comments?post=33716"}],"version-history":[{"count":0,"href":"https:\/\/mercia-academy.ch\/fr\/wp-json\/wp\/v2\/pages\/33716\/revisions"}],"wp:attachment":[{"href":"https:\/\/mercia-academy.ch\/fr\/wp-json\/wp\/v2\/media?parent=33716"}],"curies":[{"name":"wp","href":"https:\/\/api.w.org\/{rel}","templated":true}]}}