{"id":7487,"date":"2021-01-03T13:44:27","date_gmt":"2021-01-03T13:44:27","guid":{"rendered":"https:\/\/mercia-academy.ch\/product\/cycle-de-10-seances-pilates-energetique-le-jeudi-de-9h-a-10h\/"},"modified":"2021-01-03T15:32:49","modified_gmt":"2021-01-03T15:32:49","slug":"cycle-de-10-seances-pilates-energetique-le-jeudi-de-9h-a-10h","status":"publish","type":"product","link":"https:\/\/mercia-academy.ch\/en\/producto\/cycle-de-10-seances-pilates-energetique-le-jeudi-de-9h-a-10h\/","title":{"rendered":"Cycle de 10 s\u00e9ances Pilates Energ\u00e9tique le jeudi de 9h \u00e0 10h"},"content":{"rendered":"","protected":false},"excerpt":{"rendered":"","protected":false},"featured_media":5660,"template":"","meta":[],"product_brand":[],"product_cat":[75],"product_tag":[],"class_list":{"0":"post-7487","1":"product","2":"type-product","3":"status-publish","4":"has-post-thumbnail","6":"product_cat-uncategorized","8":"first","9":"instock","10":"virtual","11":"taxable","12":"purchasable","13":"product-type-simple"},"_links":{"self":[{"href":"https:\/\/mercia-academy.ch\/es\/wp-json\/wp\/v2\/product\/7487","targetHints":{"allow":["GET"]}}],"collection":[{"href":"https:\/\/mercia-academy.ch\/es\/wp-json\/wp\/v2\/product"}],"about":[{"href":"https:\/\/mercia-academy.ch\/es\/wp-json\/wp\/v2\/types\/product"}],"wp:featuredmedia":[{"embeddable":true,"href":"https:\/\/mercia-academy.ch\/es\/wp-json\/wp\/v2\/media\/5660"}],"wp:attachment":[{"href":"https:\/\/mercia-academy.ch\/es\/wp-json\/wp\/v2\/media?parent=7487"}],"wp:term":[{"taxonomy":"product_brand","embeddable":true,"href":"https:\/\/mercia-academy.ch\/es\/wp-json\/wp\/v2\/product_brand?post=7487"},{"taxonomy":"product_cat","embeddable":true,"href":"https:\/\/mercia-academy.ch\/es\/wp-json\/wp\/v2\/product_cat?post=7487"},{"taxonomy":"product_tag","embeddable":true,"href":"https:\/\/mercia-academy.ch\/es\/wp-json\/wp\/v2\/product_tag?post=7487"}],"curies":[{"name":"wp","href":"https:\/\/api.w.org\/{rel}","templated":true}]}}