{"id":5882,"date":"2020-11-29T12:09:21","date_gmt":"2020-11-29T12:09:21","guid":{"rendered":"https:\/\/mercia-academy.ch\/product\/21-dias-de-habitos-saludables-a-traves-de-la-vista-cultivar-una-nueva-mirada-de-consciencia\/"},"modified":"2021-02-12T18:46:00","modified_gmt":"2021-02-12T18:46:00","slug":"21-dias-de-habitos-saludables-a-traves-de-la-vista-cultivar-una-nueva-mirada-de-consciencia","status":"publish","type":"product","link":"https:\/\/mercia-academy.ch\/en\/producto\/21-dias-de-habitos-saludables-a-traves-de-la-vista-cultivar-una-nueva-mirada-de-consciencia\/","title":{"rendered":"\u00ab21 d\u00edas de h\u00e1bitos saludables a trav\u00e9s de la vista \u00abcultivar una nueva mirada de consciencia\u00bb"},"content":{"rendered":"","protected":false},"excerpt":{"rendered":"","protected":false},"featured_media":0,"template":"","meta":[],"product_brand":[],"product_cat":[75],"product_tag":[],"class_list":{"0":"post-5882","1":"product","2":"type-product","3":"status-publish","5":"product_cat-uncategorized","7":"first","8":"instock","9":"virtual","10":"taxable","11":"purchasable","12":"product-type-simple"},"_links":{"self":[{"href":"https:\/\/mercia-academy.ch\/es\/wp-json\/wp\/v2\/product\/5882","targetHints":{"allow":["GET"]}}],"collection":[{"href":"https:\/\/mercia-academy.ch\/es\/wp-json\/wp\/v2\/product"}],"about":[{"href":"https:\/\/mercia-academy.ch\/es\/wp-json\/wp\/v2\/types\/product"}],"wp:attachment":[{"href":"https:\/\/mercia-academy.ch\/es\/wp-json\/wp\/v2\/media?parent=5882"}],"wp:term":[{"taxonomy":"product_brand","embeddable":true,"href":"https:\/\/mercia-academy.ch\/es\/wp-json\/wp\/v2\/product_brand?post=5882"},{"taxonomy":"product_cat","embeddable":true,"href":"https:\/\/mercia-academy.ch\/es\/wp-json\/wp\/v2\/product_cat?post=5882"},{"taxonomy":"product_tag","embeddable":true,"href":"https:\/\/mercia-academy.ch\/es\/wp-json\/wp\/v2\/product_tag?post=5882"}],"curies":[{"name":"wp","href":"https:\/\/api.w.org\/{rel}","templated":true}]}}