{"id":47060,"date":"2026-01-13T18:25:57","date_gmt":"2026-01-13T17:25:57","guid":{"rendered":"https:\/\/mercia-academy.ch\/product\/kin-jo-do-rueda-del-fisico-modulo-1-con-jose-coronel\/"},"modified":"2026-01-13T18:27:26","modified_gmt":"2026-01-13T17:27:26","slug":"kin-jo-do-rueda-del-fisico-modulo-1-con-jose-coronel","status":"publish","type":"product","link":"https:\/\/mercia-academy.ch\/es\/producto\/kin-jo-do-rueda-del-fisico-modulo-1-con-jose-coronel\/","title":{"rendered":"Kin-Jo-Do &#8211; Rueda del F\u00edsico &#8211; M\u00f3dulo 1 con Jos\u00e9 Coronel"},"content":{"rendered":"","protected":false},"excerpt":{"rendered":"","protected":false},"featured_media":47057,"template":"","meta":[],"product_brand":[],"product_cat":[317],"product_tag":[],"class_list":{"0":"post-47060","1":"product","2":"type-product","3":"status-publish","4":"has-post-thumbnail","6":"product_cat-sin-categoria","8":"first","9":"instock","10":"sale","11":"virtual","12":"sold-individually","13":"taxable","14":"purchasable","15":"product-type-simple"},"_links":{"self":[{"href":"https:\/\/mercia-academy.ch\/es\/wp-json\/wp\/v2\/product\/47060","targetHints":{"allow":["GET"]}}],"collection":[{"href":"https:\/\/mercia-academy.ch\/es\/wp-json\/wp\/v2\/product"}],"about":[{"href":"https:\/\/mercia-academy.ch\/es\/wp-json\/wp\/v2\/types\/product"}],"wp:featuredmedia":[{"embeddable":true,"href":"https:\/\/mercia-academy.ch\/es\/wp-json\/wp\/v2\/media\/47057"}],"wp:attachment":[{"href":"https:\/\/mercia-academy.ch\/es\/wp-json\/wp\/v2\/media?parent=47060"}],"wp:term":[{"taxonomy":"product_brand","embeddable":true,"href":"https:\/\/mercia-academy.ch\/es\/wp-json\/wp\/v2\/product_brand?post=47060"},{"taxonomy":"product_cat","embeddable":true,"href":"https:\/\/mercia-academy.ch\/es\/wp-json\/wp\/v2\/product_cat?post=47060"},{"taxonomy":"product_tag","embeddable":true,"href":"https:\/\/mercia-academy.ch\/es\/wp-json\/wp\/v2\/product_tag?post=47060"}],"curies":[{"name":"wp","href":"https:\/\/api.w.org\/{rel}","templated":true}]}}