{"id":46892,"date":"2025-12-23T18:39:42","date_gmt":"2025-12-23T17:39:42","guid":{"rendered":"https:\/\/mercia-academy.ch\/product\/la-influencia-de-las-energias-en-vuestra-vida-con-marien-modulo-1-on-line-2026\/"},"modified":"2026-01-05T11:07:16","modified_gmt":"2026-01-05T10:07:16","slug":"la-influencia-de-las-energias-en-vuestra-vida-con-marien-modulo-1-on-line-2026","status":"publish","type":"product","link":"https:\/\/mercia-academy.ch\/en\/producto\/la-influencia-de-las-energias-en-vuestra-vida-con-marien-modulo-1-on-line-2026\/","title":{"rendered":"La influencia de las energ\u00edas en vuestra vida-con Mari\u00e9n-M\u00f3dulo 1- on line-2026"},"content":{"rendered":"","protected":false},"excerpt":{"rendered":"","protected":false},"featured_media":43922,"template":"","meta":[],"product_brand":[],"product_cat":[75],"product_tag":[],"class_list":{"0":"post-46892","1":"product","2":"type-product","3":"status-publish","4":"has-post-thumbnail","6":"product_cat-uncategorized","8":"first","9":"instock","10":"virtual","11":"sold-individually","12":"taxable","13":"purchasable","14":"product-type-simple"},"_links":{"self":[{"href":"https:\/\/mercia-academy.ch\/es\/wp-json\/wp\/v2\/product\/46892","targetHints":{"allow":["GET"]}}],"collection":[{"href":"https:\/\/mercia-academy.ch\/es\/wp-json\/wp\/v2\/product"}],"about":[{"href":"https:\/\/mercia-academy.ch\/es\/wp-json\/wp\/v2\/types\/product"}],"wp:featuredmedia":[{"embeddable":true,"href":"https:\/\/mercia-academy.ch\/es\/wp-json\/wp\/v2\/media\/43922"}],"wp:attachment":[{"href":"https:\/\/mercia-academy.ch\/es\/wp-json\/wp\/v2\/media?parent=46892"}],"wp:term":[{"taxonomy":"product_brand","embeddable":true,"href":"https:\/\/mercia-academy.ch\/es\/wp-json\/wp\/v2\/product_brand?post=46892"},{"taxonomy":"product_cat","embeddable":true,"href":"https:\/\/mercia-academy.ch\/es\/wp-json\/wp\/v2\/product_cat?post=46892"},{"taxonomy":"product_tag","embeddable":true,"href":"https:\/\/mercia-academy.ch\/es\/wp-json\/wp\/v2\/product_tag?post=46892"}],"curies":[{"name":"wp","href":"https:\/\/api.w.org\/{rel}","templated":true}]}}