{"id":46750,"date":"2025-12-18T10:00:31","date_gmt":"2025-12-18T09:00:31","guid":{"rendered":"https:\/\/mercia-academy.ch\/product\/practica-de-ciencias-energeticas-modulo-2-online-enero-2026-con-lola-vazquez\/"},"modified":"2025-12-26T22:33:01","modified_gmt":"2025-12-26T21:33:01","slug":"practica-de-ciencias-energeticas-modulo-2-online-enero-2026-con-lola-vazquez","status":"publish","type":"product","link":"https:\/\/mercia-academy.ch\/en\/producto\/practica-de-ciencias-energeticas-modulo-2-online-enero-2026-con-lola-vazquez\/","title":{"rendered":"Pr\u00e1ctica-de-Ciencias-Energ\u00e9ticas-M\u00f3dulo 2-Online-enero 2026-con Lola V\u00e1zquez"},"content":{"rendered":"","protected":false},"excerpt":{"rendered":"","protected":false},"featured_media":43818,"template":"","meta":[],"product_brand":[],"product_cat":[75],"product_tag":[],"class_list":{"0":"post-46750","1":"product","2":"type-product","3":"status-publish","4":"has-post-thumbnail","6":"product_cat-uncategorized","8":"first","9":"instock","10":"virtual","11":"sold-individually","12":"taxable","13":"purchasable","14":"product-type-simple"},"_links":{"self":[{"href":"https:\/\/mercia-academy.ch\/es\/wp-json\/wp\/v2\/product\/46750","targetHints":{"allow":["GET"]}}],"collection":[{"href":"https:\/\/mercia-academy.ch\/es\/wp-json\/wp\/v2\/product"}],"about":[{"href":"https:\/\/mercia-academy.ch\/es\/wp-json\/wp\/v2\/types\/product"}],"wp:featuredmedia":[{"embeddable":true,"href":"https:\/\/mercia-academy.ch\/es\/wp-json\/wp\/v2\/media\/43818"}],"wp:attachment":[{"href":"https:\/\/mercia-academy.ch\/es\/wp-json\/wp\/v2\/media?parent=46750"}],"wp:term":[{"taxonomy":"product_brand","embeddable":true,"href":"https:\/\/mercia-academy.ch\/es\/wp-json\/wp\/v2\/product_brand?post=46750"},{"taxonomy":"product_cat","embeddable":true,"href":"https:\/\/mercia-academy.ch\/es\/wp-json\/wp\/v2\/product_cat?post=46750"},{"taxonomy":"product_tag","embeddable":true,"href":"https:\/\/mercia-academy.ch\/es\/wp-json\/wp\/v2\/product_tag?post=46750"}],"curies":[{"name":"wp","href":"https:\/\/api.w.org\/{rel}","templated":true}]}}