{"id":46203,"date":"2025-11-11T11:03:38","date_gmt":"2025-11-11T10:03:38","guid":{"rendered":"https:\/\/mercia-academy.ch\/product\/pratique-et-videos-linfluence-des-energies-sur-votre-vie-module-2-presentiel-avec-jean-et-pascale\/"},"modified":"2025-11-11T11:09:11","modified_gmt":"2025-11-11T10:09:11","slug":"pratique-et-videos-linfluence-des-energies-sur-votre-vie-module-2-presentiel-avec-jean-et-pascale","status":"publish","type":"product","link":"https:\/\/mercia-academy.ch\/en\/producto\/pratique-et-videos-linfluence-des-energies-sur-votre-vie-module-2-presentiel-avec-jean-et-pascale\/","title":{"rendered":"Pratique et Vid\u00e9os &#8211; L&#8217;influence des \u00e9nergies sur votre Vie &#8211; Module 2 &#8211; pr\u00e9sentiel avec Jean et Pascale &#8211;"},"content":{"rendered":"","protected":false},"excerpt":{"rendered":"","protected":false},"featured_media":0,"template":"","meta":[],"product_brand":[],"product_cat":[75],"product_tag":[],"class_list":{"0":"post-46203","1":"product","2":"type-product","3":"status-publish","5":"product_cat-uncategorized","7":"first","8":"instock","9":"virtual","10":"sold-individually","11":"taxable","12":"purchasable","13":"product-type-simple"},"_links":{"self":[{"href":"https:\/\/mercia-academy.ch\/es\/wp-json\/wp\/v2\/product\/46203","targetHints":{"allow":["GET"]}}],"collection":[{"href":"https:\/\/mercia-academy.ch\/es\/wp-json\/wp\/v2\/product"}],"about":[{"href":"https:\/\/mercia-academy.ch\/es\/wp-json\/wp\/v2\/types\/product"}],"wp:attachment":[{"href":"https:\/\/mercia-academy.ch\/es\/wp-json\/wp\/v2\/media?parent=46203"}],"wp:term":[{"taxonomy":"product_brand","embeddable":true,"href":"https:\/\/mercia-academy.ch\/es\/wp-json\/wp\/v2\/product_brand?post=46203"},{"taxonomy":"product_cat","embeddable":true,"href":"https:\/\/mercia-academy.ch\/es\/wp-json\/wp\/v2\/product_cat?post=46203"},{"taxonomy":"product_tag","embeddable":true,"href":"https:\/\/mercia-academy.ch\/es\/wp-json\/wp\/v2\/product_tag?post=46203"}],"curies":[{"name":"wp","href":"https:\/\/api.w.org\/{rel}","templated":true}]}}