{"id":44432,"date":"2025-04-30T07:47:27","date_gmt":"2025-04-30T06:47:27","guid":{"rendered":"https:\/\/mercia-academy.ch\/product\/practicas-de-ciencias-energeticas-2025-espanol-modulo-1-con-juan\/"},"modified":"2025-04-30T07:47:27","modified_gmt":"2025-04-30T06:47:27","slug":"practicas-de-ciencias-energeticas-2025-espanol-modulo-1-con-juan","status":"publish","type":"product","link":"https:\/\/mercia-academy.ch\/en\/producto\/practicas-de-ciencias-energeticas-2025-espanol-modulo-1-con-juan\/","title":{"rendered":"Pr\u00e1cticas de Ciencias Energ\u00e9ticas 2025 &#8211; Espa\u00f1ol &#8211; M\u00f3dulo 1 &#8211; con Juan"},"content":{"rendered":"","protected":false},"excerpt":{"rendered":"","protected":false},"featured_media":43815,"template":"","meta":[],"product_brand":[],"product_cat":[75],"product_tag":[],"class_list":{"0":"post-44432","1":"product","2":"type-product","3":"status-publish","4":"has-post-thumbnail","6":"product_cat-uncategorized","8":"first","9":"instock","10":"virtual","11":"sold-individually","12":"taxable","13":"purchasable","14":"product-type-simple"},"_links":{"self":[{"href":"https:\/\/mercia-academy.ch\/es\/wp-json\/wp\/v2\/product\/44432","targetHints":{"allow":["GET"]}}],"collection":[{"href":"https:\/\/mercia-academy.ch\/es\/wp-json\/wp\/v2\/product"}],"about":[{"href":"https:\/\/mercia-academy.ch\/es\/wp-json\/wp\/v2\/types\/product"}],"wp:featuredmedia":[{"embeddable":true,"href":"https:\/\/mercia-academy.ch\/es\/wp-json\/wp\/v2\/media\/43815"}],"wp:attachment":[{"href":"https:\/\/mercia-academy.ch\/es\/wp-json\/wp\/v2\/media?parent=44432"}],"wp:term":[{"taxonomy":"product_brand","embeddable":true,"href":"https:\/\/mercia-academy.ch\/es\/wp-json\/wp\/v2\/product_brand?post=44432"},{"taxonomy":"product_cat","embeddable":true,"href":"https:\/\/mercia-academy.ch\/es\/wp-json\/wp\/v2\/product_cat?post=44432"},{"taxonomy":"product_tag","embeddable":true,"href":"https:\/\/mercia-academy.ch\/es\/wp-json\/wp\/v2\/product_tag?post=44432"}],"curies":[{"name":"wp","href":"https:\/\/api.w.org\/{rel}","templated":true}]}}