{"id":4132,"date":"2020-10-28T14:13:16","date_gmt":"2020-10-28T14:13:16","guid":{"rendered":"https:\/\/mercia-academy.ch\/?post_type=product&#038;p=4132"},"modified":"2020-10-29T12:02:47","modified_gmt":"2020-10-29T12:02:47","slug":"modulo-1-de-ciencias-y-energia-jose-roman-de-leon","status":"publish","type":"product","link":"https:\/\/mercia-academy.ch\/en\/producto\/modulo-1-de-ciencias-y-energia-jose-roman-de-leon\/","title":{"rendered":"MODULO 1 DE CIENCIAS Y ENERGIA- JOS\u00c9 ROM\u00c1N DE LE\u00d3N"},"content":{"rendered":"","protected":false},"excerpt":{"rendered":"","protected":false},"featured_media":0,"template":"","meta":[],"product_brand":[],"product_cat":[134],"product_tag":[],"class_list":{"0":"post-4132","1":"product","2":"type-product","3":"status-publish","5":"product_cat-energetic-sciences","7":"first","8":"instock","9":"virtual","10":"taxable","11":"purchasable","12":"product-type-simple"},"_links":{"self":[{"href":"https:\/\/mercia-academy.ch\/es\/wp-json\/wp\/v2\/product\/4132","targetHints":{"allow":["GET"]}}],"collection":[{"href":"https:\/\/mercia-academy.ch\/es\/wp-json\/wp\/v2\/product"}],"about":[{"href":"https:\/\/mercia-academy.ch\/es\/wp-json\/wp\/v2\/types\/product"}],"wp:attachment":[{"href":"https:\/\/mercia-academy.ch\/es\/wp-json\/wp\/v2\/media?parent=4132"}],"wp:term":[{"taxonomy":"product_brand","embeddable":true,"href":"https:\/\/mercia-academy.ch\/es\/wp-json\/wp\/v2\/product_brand?post=4132"},{"taxonomy":"product_cat","embeddable":true,"href":"https:\/\/mercia-academy.ch\/es\/wp-json\/wp\/v2\/product_cat?post=4132"},{"taxonomy":"product_tag","embeddable":true,"href":"https:\/\/mercia-academy.ch\/es\/wp-json\/wp\/v2\/product_tag?post=4132"}],"curies":[{"name":"wp","href":"https:\/\/api.w.org\/{rel}","templated":true}]}}