{"id":34627,"date":"2023-09-18T18:48:40","date_gmt":"2023-09-18T17:48:40","guid":{"rendered":"https:\/\/mercia-academy.ch\/product\/brouillon-auto-22\/"},"modified":"2023-09-18T18:48:40","modified_gmt":"2023-09-18T17:48:40","slug":"brouillon-auto-22","status":"publish","type":"product","link":"https:\/\/mercia-academy.ch\/es\/producto\/brouillon-auto-22\/","title":{"rendered":"Pratique et vid\u00e9os &#8211; L&#8217;influence des \u00e9nergies sur votre vie &#8211; Module 2 avec R\u00e9my &#8211; formule week-end"},"content":{"rendered":"","protected":false},"excerpt":{"rendered":"","protected":false},"featured_media":0,"template":"","meta":[],"product_brand":[],"product_cat":[317],"product_tag":[],"class_list":{"0":"post-34627","1":"product","2":"type-product","3":"status-publish","5":"product_cat-sin-categoria","7":"first","8":"instock","9":"sold-individually","10":"taxable","11":"shipping-taxable","12":"purchasable","13":"product-type-simple"},"_links":{"self":[{"href":"https:\/\/mercia-academy.ch\/es\/wp-json\/wp\/v2\/product\/34627","targetHints":{"allow":["GET"]}}],"collection":[{"href":"https:\/\/mercia-academy.ch\/es\/wp-json\/wp\/v2\/product"}],"about":[{"href":"https:\/\/mercia-academy.ch\/es\/wp-json\/wp\/v2\/types\/product"}],"wp:attachment":[{"href":"https:\/\/mercia-academy.ch\/es\/wp-json\/wp\/v2\/media?parent=34627"}],"wp:term":[{"taxonomy":"product_brand","embeddable":true,"href":"https:\/\/mercia-academy.ch\/es\/wp-json\/wp\/v2\/product_brand?post=34627"},{"taxonomy":"product_cat","embeddable":true,"href":"https:\/\/mercia-academy.ch\/es\/wp-json\/wp\/v2\/product_cat?post=34627"},{"taxonomy":"product_tag","embeddable":true,"href":"https:\/\/mercia-academy.ch\/es\/wp-json\/wp\/v2\/product_tag?post=34627"}],"curies":[{"name":"wp","href":"https:\/\/api.w.org\/{rel}","templated":true}]}}