{"id":11898,"date":"2021-05-22T14:04:13","date_gmt":"2021-05-22T12:04:13","guid":{"rendered":"https:\/\/mercia-academy.ch\/product\/ciencias-energeticas-con-marien-martinez-modulo-2-sabados\/"},"modified":"2021-06-22T11:43:33","modified_gmt":"2021-06-22T09:43:33","slug":"ciencias-energeticas-con-marien-martinez-modulo-2-sabados","status":"publish","type":"product","link":"https:\/\/mercia-academy.ch\/en\/producto\/ciencias-energeticas-con-marien-martinez-modulo-2-sabados\/","title":{"rendered":"CIENCIAS ENERG\u00c9TICAS CON MARI\u00c9N MART\u00cdNEZ &#8211; M\u00d6DULO 2 -S\u00e1bados"},"content":{"rendered":"","protected":false},"excerpt":{"rendered":"","protected":false},"featured_media":0,"template":"","meta":[],"product_brand":[],"product_cat":[75],"product_tag":[],"class_list":{"0":"post-11898","1":"product","2":"type-product","3":"status-publish","5":"product_cat-uncategorized","7":"first","8":"instock","9":"virtual","10":"taxable","11":"purchasable","12":"product-type-simple"},"_links":{"self":[{"href":"https:\/\/mercia-academy.ch\/es\/wp-json\/wp\/v2\/product\/11898","targetHints":{"allow":["GET"]}}],"collection":[{"href":"https:\/\/mercia-academy.ch\/es\/wp-json\/wp\/v2\/product"}],"about":[{"href":"https:\/\/mercia-academy.ch\/es\/wp-json\/wp\/v2\/types\/product"}],"wp:attachment":[{"href":"https:\/\/mercia-academy.ch\/es\/wp-json\/wp\/v2\/media?parent=11898"}],"wp:term":[{"taxonomy":"product_brand","embeddable":true,"href":"https:\/\/mercia-academy.ch\/es\/wp-json\/wp\/v2\/product_brand?post=11898"},{"taxonomy":"product_cat","embeddable":true,"href":"https:\/\/mercia-academy.ch\/es\/wp-json\/wp\/v2\/product_cat?post=11898"},{"taxonomy":"product_tag","embeddable":true,"href":"https:\/\/mercia-academy.ch\/es\/wp-json\/wp\/v2\/product_tag?post=11898"}],"curies":[{"name":"wp","href":"https:\/\/api.w.org\/{rel}","templated":true}]}}