{"id":10826,"date":"2021-04-12T11:16:46","date_gmt":"2021-04-12T09:16:46","guid":{"rendered":"https:\/\/mercia-academy.ch\/product\/ciencias-energeticas-modulo-1-con-marien-martinez-mananas-de-domingo\/"},"modified":"2021-04-12T11:18:08","modified_gmt":"2021-04-12T09:18:08","slug":"ciencias-energeticas-modulo-1-con-marien-martinez-mananas-de-domingo","status":"publish","type":"product","link":"https:\/\/mercia-academy.ch\/en\/producto\/ciencias-energeticas-modulo-1-con-marien-martinez-mananas-de-domingo\/","title":{"rendered":"CIENCIAS ENERG\u00c9TICAS \u2013 MODULO 1 CON MARI\u00c9N MART\u00cdNEZ- Ma\u00f1anas de domingo"},"content":{"rendered":"","protected":false},"excerpt":{"rendered":"","protected":false},"featured_media":0,"template":"","meta":[],"product_brand":[],"product_cat":[75],"product_tag":[],"class_list":{"0":"post-10826","1":"product","2":"type-product","3":"status-publish","5":"product_cat-uncategorized","7":"first","8":"instock","9":"virtual","10":"taxable","11":"purchasable","12":"product-type-simple"},"_links":{"self":[{"href":"https:\/\/mercia-academy.ch\/es\/wp-json\/wp\/v2\/product\/10826","targetHints":{"allow":["GET"]}}],"collection":[{"href":"https:\/\/mercia-academy.ch\/es\/wp-json\/wp\/v2\/product"}],"about":[{"href":"https:\/\/mercia-academy.ch\/es\/wp-json\/wp\/v2\/types\/product"}],"wp:attachment":[{"href":"https:\/\/mercia-academy.ch\/es\/wp-json\/wp\/v2\/media?parent=10826"}],"wp:term":[{"taxonomy":"product_brand","embeddable":true,"href":"https:\/\/mercia-academy.ch\/es\/wp-json\/wp\/v2\/product_brand?post=10826"},{"taxonomy":"product_cat","embeddable":true,"href":"https:\/\/mercia-academy.ch\/es\/wp-json\/wp\/v2\/product_cat?post=10826"},{"taxonomy":"product_tag","embeddable":true,"href":"https:\/\/mercia-academy.ch\/es\/wp-json\/wp\/v2\/product_tag?post=10826"}],"curies":[{"name":"wp","href":"https:\/\/api.w.org\/{rel}","templated":true}]}}