{"id":10186,"date":"2021-03-25T11:24:15","date_gmt":"2021-03-25T09:24:15","guid":{"rendered":"https:\/\/mercia-academy.ch\/?post_type=product&#038;p=10186"},"modified":"2021-03-30T15:41:18","modified_gmt":"2021-03-30T13:41:18","slug":"ciencias-energeticas-modulo-2-7","status":"publish","type":"product","link":"https:\/\/mercia-academy.ch\/en\/producto\/ciencias-energeticas-modulo-2-7\/","title":{"rendered":"Ciencias \u00c9nerg\u00e9ticas M\u00f3dulo 2"},"content":{"rendered":"","protected":false},"excerpt":{"rendered":"","protected":false},"featured_media":0,"template":"","meta":[],"product_brand":[],"product_cat":[134],"product_tag":[],"class_list":{"0":"post-10186","1":"product","2":"type-product","3":"status-publish","5":"product_cat-energetic-sciences","7":"first","8":"instock","9":"virtual","10":"taxable","11":"purchasable","12":"product-type-simple"},"_links":{"self":[{"href":"https:\/\/mercia-academy.ch\/es\/wp-json\/wp\/v2\/product\/10186","targetHints":{"allow":["GET"]}}],"collection":[{"href":"https:\/\/mercia-academy.ch\/es\/wp-json\/wp\/v2\/product"}],"about":[{"href":"https:\/\/mercia-academy.ch\/es\/wp-json\/wp\/v2\/types\/product"}],"wp:attachment":[{"href":"https:\/\/mercia-academy.ch\/es\/wp-json\/wp\/v2\/media?parent=10186"}],"wp:term":[{"taxonomy":"product_brand","embeddable":true,"href":"https:\/\/mercia-academy.ch\/es\/wp-json\/wp\/v2\/product_brand?post=10186"},{"taxonomy":"product_cat","embeddable":true,"href":"https:\/\/mercia-academy.ch\/es\/wp-json\/wp\/v2\/product_cat?post=10186"},{"taxonomy":"product_tag","embeddable":true,"href":"https:\/\/mercia-academy.ch\/es\/wp-json\/wp\/v2\/product_tag?post=10186"}],"curies":[{"name":"wp","href":"https:\/\/api.w.org\/{rel}","templated":true}]}}