{"id":48305,"date":"2026-04-16T18:45:14","date_gmt":"2026-04-16T17:45:14","guid":{"rendered":"https:\/\/mercia-academy.ch\/terminos-y-condiciones\/"},"modified":"2026-04-16T18:45:16","modified_gmt":"2026-04-16T17:45:16","slug":"terminos-y-condiciones","status":"publish","type":"page","link":"https:\/\/mercia-academy.ch\/es\/terminos-y-condiciones\/","title":{"rendered":"T\u00e9rminos y condiciones"},"content":{"rendered":"\n<h1 class=\"wp-block-heading\">T\u00e9rminos y condiciones<\/h1>\n\n<div class=\"wp-block-group\"><div class=\"wp-block-group__inner-container is-layout-flow wp-block-group-is-layout-flow\">\n<h2 class=\"wp-block-heading\">DESCRIPCI\u00d3N GENERAL<\/h2>\n\n\n\n<p>Este sitio web est\u00e1 gestionado por \u00c9ditions Mercia du Lac. En todo el sitio, los t\u00e9rminos \u201cnosotros\u201d, \u201cnos\u201d y \u201cnuestro\u201d se refieren a \u00c9ditions Mercia du Lac. \u00c9ditions Mercia du Lac ofrece este sitio web, incluida toda la informaci\u00f3n, herramientas y servicios disponibles en este sitio para usted, el usuario, condicionado a la aceptaci\u00f3n de todos los t\u00e9rminos, condiciones, pol\u00edticas y avisos aqu\u00ed establecidos.  <\/p>\n\n\n\n<p>Al visitar nuestro sitio y\/o comprarnos algo, usted participa en nuestro \u00abServicio\u00bb y acepta estar sujeto a los siguientes t\u00e9rminos y condiciones.<\/p>\n\n\n\n<p>Estos T\u00e9rminos y condiciones se aplican a todos los usuarios del sitio.<\/p>\n\n\n\n<p>Lea atentamente estos T\u00e9rminos de servicio antes de acceder o utilizar nuestro sitio web. Al acceder o utilizar cualquier parte del sitio, usted acepta estar sujeto a estos T\u00e9rminos de servicio. Si no est\u00e1 de acuerdo con todos los t\u00e9rminos y condiciones de este acuerdo, no podr\u00e1 acceder al sitio web ni utilizar ning\u00fan servicio. Si estos T\u00e9rminos de servicio se consideran una oferta, la aceptaci\u00f3n se limita expresamente a estos T\u00e9rminos de servicio.   <\/p>\n\n\n\n<p>Cualquier caracter\u00edstica o herramienta nueva que se agregue a la tienda actual tambi\u00e9n estar\u00e1 sujeta a los T\u00e9rminos de servicio. Puede revisar la versi\u00f3n m\u00e1s actualizada de los T\u00e9rminos de servicio en cualquier momento en esta p\u00e1gina. Nos reservamos el derecho de actualizar, cambiar o reemplazar cualquier parte de estos T\u00e9rminos de servicio mediante la publicaci\u00f3n de actualizaciones y\/o cambios en nuestro sitio web. Es su responsabilidad revisar esta p\u00e1gina peri\u00f3dicamente para detectar cambios. Su uso continuo o acceso al sitio web despu\u00e9s de la publicaci\u00f3n de cualquier cambio constituye la aceptaci\u00f3n de dichos cambios.    <\/p>\n\n\n\n<p>Nuestra tienda est\u00e1 alojada en Infomaniak.com.<\/p>\n\n\n\n<p>Nos proporcionan la plataforma de comercio electr\u00f3nico en l\u00ednea que nos permite venderle nuestros productos y servicios.<\/p>\n<\/div><\/div>\n\n<div class=\"wp-block-group\"><div class=\"wp-block-group__inner-container is-layout-flow wp-block-group-is-layout-flow\">\n<h2 class=\"wp-block-heading\">SECCI\u00d3N 1 &#8211; T\u00c9RMINOS DE LA TIENDA ONLINE<\/h2>\n\n\n\n<p>Al aceptar estos T\u00e9rminos de servicio, usted declara que tiene al menos la mayor\u00eda de edad en su estado o provincia de residencia, o que tiene la mayor\u00eda de edad en su estado o provincia de residencia y que nos ha dado su consentimiento para permitir que cualquiera de sus dependientes menores utilice este sitio.<br\/>No puede utilizar nuestros productos para ning\u00fan prop\u00f3sito ilegal o no autorizado ni puede, al utilizar el Servicio, violar ninguna ley en su jurisdicci\u00f3n (incluidas, entre otras, las leyes de derechos de autor).<br\/>No debe transmitir ning\u00fan gusano, virus ni ning\u00fan c\u00f3digo de naturaleza destructiva.<br\/>Un incumplimiento o violaci\u00f3n de cualquiera de los T\u00e9rminos resultar\u00e1 en la terminaci\u00f3n inmediata de sus Servicios.<\/p>\n<\/div><\/div>\n\n<div class=\"wp-block-group\"><div class=\"wp-block-group__inner-container is-layout-flow wp-block-group-is-layout-flow\">\n<h2 class=\"wp-block-heading\">SECCI\u00d3N 2 &#8211; CONDICIONES GENERALES<\/h2>\n\n\n\n<p>Nos reservamos el derecho de negar el servicio a cualquier persona por cualquier motivo y en cualquier momento.<br\/>Usted comprende que su contenido (sin incluir la informaci\u00f3n de la tarjeta de cr\u00e9dito) puede transferirse sin cifrar e implicar (a) transmisiones a trav\u00e9s de varias redes; y (b) cambios para ajustarse y adaptarse a los requisitos t\u00e9cnicos de conexi\u00f3n de redes o dispositivos. La informaci\u00f3n de la tarjeta de cr\u00e9dito siempre est\u00e1 cifrada durante la transferencia a trav\u00e9s de redes.<br\/>Usted acepta no reproducir, duplicar, copiar, vender, revender o explotar ninguna parte del Servicio, el uso del Servicio o el acceso al Servicio o cualquier contacto en el sitio web a trav\u00e9s del cual se brinda el servicio, sin nuestro permiso expreso por escrito.<br\/>Los encabezados utilizados en este acuerdo se incluyen \u00fanicamente por conveniencia y no limitar\u00e1n ni afectar\u00e1n estos T\u00e9rminos.   <\/p>\n<\/div><\/div>\n\n<div class=\"wp-block-group\"><div class=\"wp-block-group__inner-container is-layout-flow wp-block-group-is-layout-flow\">\n<h2 class=\"wp-block-heading\">SECCI\u00d3N 3 &#8211; EXACTITUD, INTEGRIDAD Y ACTUALIDAD DE LA INFORMACI\u00d3N<\/h2>\n\n\n\n<p>No somos responsables si la informaci\u00f3n disponible en este sitio no es precisa, completa o actual. El material de este sitio se proporciona \u00fanicamente para informaci\u00f3n general y no se debe confiar en \u00e9l ni utilizarlo como base \u00fanica para tomar decisiones sin consultar fuentes de informaci\u00f3n primarias, m\u00e1s precisas, m\u00e1s completas o m\u00e1s oportunas. Cualquier confianza en el material de este sitio es bajo su propio riesgo.<br\/>Este sitio puede contener cierta informaci\u00f3n hist\u00f3rica. La informaci\u00f3n hist\u00f3rica, necesariamente, no es actual y se proporciona \u00fanicamente para su referencia. Nos reservamos el derecho de modificar el contenido de este sitio en cualquier momento, pero no tenemos obligaci\u00f3n de actualizar ninguna informaci\u00f3n en nuestro sitio. Usted acepta que es su responsabilidad monitorear los cambios en nuestro sitio.     <\/p>\n<\/div><\/div>\n\n<div class=\"wp-block-group\"><div class=\"wp-block-group__inner-container is-layout-flow wp-block-group-is-layout-flow\">\n<h2 class=\"wp-block-heading\">SECCI\u00d3N 4 &#8211; MODIFICACIONES AL SERVICIO Y PRECIOS<\/h2>\n\n\n\n<p>Los precios de nuestros productos est\u00e1n sujetos a cambios sin previo aviso.<br\/>Nos reservamos el derecho en cualquier momento de modificar o discontinuar el Servicio (o cualquier parte o contenido del mismo) sin previo aviso en cualquier momento.<br\/>No seremos responsables ante usted ni ante ning\u00fan tercero por cualquier modificaci\u00f3n, cambio de precio, suspensi\u00f3n o interrupci\u00f3n del Servicio.<\/p>\n<\/div><\/div>\n\n<div class=\"wp-block-group\"><div class=\"wp-block-group__inner-container is-layout-flow wp-block-group-is-layout-flow\">\n<h2 class=\"wp-block-heading\">SECCI\u00d3N 5 &#8211; PRODUCTOS O SERVICIOS (si corresponde)<\/h2>\n\n\n\n<p>Ciertos productos o servicios pueden estar disponibles exclusivamente en l\u00ednea a trav\u00e9s del sitio web. Estos productos o servicios pueden tener cantidades limitadas y est\u00e1n sujetos a devoluci\u00f3n o cambio \u00fanicamente de acuerdo con nuestra Pol\u00edtica de devoluciones.<br\/>Hemos hecho todo lo posible para mostrar con la mayor precisi\u00f3n posible los colores e im\u00e1genes de nuestros productos que aparecen en la tienda. No podemos garantizar que la visualizaci\u00f3n de cualquier color en el monitor de su computadora sea precisa.<br\/>Nos reservamos el derecho, pero no estamos obligados, a limitar las ventas de nuestros productos o Servicios a cualquier persona, regi\u00f3n geogr\u00e1fica o jurisdicci\u00f3n. Podemos ejercer este derecho caso por caso. Nos reservamos el derecho de limitar las cantidades de cualquier producto o servicio que ofrecemos. Todas las descripciones de productos o precios de productos est\u00e1n sujetos a cambios en cualquier momento sin previo aviso, a nuestro exclusivo criterio. Nos reservamos el derecho de descontinuar cualquier producto en cualquier momento. Cualquier oferta de cualquier producto o servicio realizada en este sitio es nula donde est\u00e9 prohibida.<br\/>No garantizamos que la calidad de cualquier producto, servicio, informaci\u00f3n u otro material comprado u obtenido por usted cumpla con sus expectativas, ni que se corrija cualquier error en el Servicio.       <\/p>\n<\/div><\/div>\n\n<div class=\"wp-block-group\"><div class=\"wp-block-group__inner-container is-layout-flow wp-block-group-is-layout-flow\">\n<h2 class=\"wp-block-heading\">SECCI\u00d3N 6 &#8211; EXACTITUD DE LA FACTURACI\u00d3N Y LA INFORMACI\u00d3N DE LA CUENTA<\/h2>\n\n\n\n<p>Nos reservamos el derecho de rechazar cualquier pedido que realice con nosotros. Podemos, a nuestro exclusivo criterio, limitar o cancelar las cantidades compradas por persona, por hogar o por pedido. Estas restricciones pueden incluir pedidos realizados por o bajo la misma cuenta de cliente, la misma tarjeta de cr\u00e9dito y\/o pedidos que utilicen la misma direcci\u00f3n de facturaci\u00f3n y\/o env\u00edo. En el caso de que realicemos un cambio o cancelemos un pedido, podemos intentar notificarlo comunic\u00e1ndonos con el correo electr\u00f3nico y\/o la direcci\u00f3n de facturaci\u00f3n\/n\u00famero de tel\u00e9fono proporcionados en el momento en que se realiz\u00f3 el pedido. Nos reservamos el derecho de limitar o prohibir pedidos que, a nuestro exclusivo criterio, parezcan realizados por comerciantes, revendedores o distribuidores.    <\/p>\n\n\n\n<p>Usted acepta proporcionar informaci\u00f3n de cuenta y de compra actual, completa y precisa para todas las compras realizadas en nuestra tienda. Usted acepta actualizar de inmediato su cuenta y otra informaci\u00f3n, incluida su direcci\u00f3n de correo electr\u00f3nico, n\u00fameros de tarjetas de cr\u00e9dito y fechas de vencimiento, para que podamos completar sus transacciones y comunicarnos con usted seg\u00fan sea necesario. <\/p>\n\n\n\n<p>Para obtener m\u00e1s detalles, consulte nuestra Pol\u00edtica de devoluciones.<\/p>\n<\/div><\/div>\n\n<div class=\"wp-block-group\"><div class=\"wp-block-group__inner-container is-layout-flow wp-block-group-is-layout-flow\">\n<h2 class=\"wp-block-heading\">SECCI\u00d3N 7 &#8211; HERRAMIENTAS OPCIONALES<\/h2>\n\n\n\n<p>Podemos brindarle acceso a herramientas de terceros sobre las cuales no monitoreamos ni tenemos ning\u00fan control ni entrada.<br\/>Usted reconoce y acepta que brindamos acceso a dichas herramientas \u00abtal cual\u00bb y \u00abseg\u00fan disponibilidad\u00bb sin garant\u00edas, representaciones o condiciones de ning\u00fan tipo y sin ning\u00fan respaldo. No tendremos ninguna responsabilidad que surja o est\u00e9 relacionada con el uso de herramientas opcionales de terceros.<br\/>Cualquier uso que usted haga de las herramientas opcionales ofrecidas a trav\u00e9s del sitio es bajo su propio riesgo y discreci\u00f3n y debe asegurarse de estar familiarizado y aprobar los t\u00e9rminos bajo los cuales las herramientas son proporcionadas por los proveedores externos correspondientes.<br\/>Tambi\u00e9n podremos, en el futuro, ofrecer nuevos servicios y\/o funciones a trav\u00e9s del sitio web (incluido el lanzamiento de nuevas herramientas y recursos). Dichas nuevas funciones y\/o servicios tambi\u00e9n estar\u00e1n sujetos a estos T\u00e9rminos de servicio.  <\/p>\n<\/div><\/div>\n\n<div class=\"wp-block-group\"><div class=\"wp-block-group__inner-container is-layout-flow wp-block-group-is-layout-flow\">\n<h2 class=\"wp-block-heading\">SECCI\u00d3N 8 &#8211; ENLACES DE TERCEROS<\/h2>\n\n\n\n<p>Ciertos contenidos, productos y servicios disponibles a trav\u00e9s de nuestro Servicio pueden incluir materiales de terceros.<br\/>Los enlaces de terceros en este sitio pueden dirigirlo a sitios web de terceros que no est\u00e1n afiliados a nosotros. No somos responsables de examinar o evaluar el contenido o la precisi\u00f3n y no garantizamos ni tendremos ninguna responsabilidad por ning\u00fan material o sitio web de terceros, ni por ning\u00fan otro material, producto o servicio de terceros.<br\/>No somos responsables de ning\u00fan da\u00f1o o da\u00f1o relacionado con la compra o el uso de bienes, servicios, recursos, contenido o cualquier otra transacci\u00f3n realizada en relaci\u00f3n con sitios web de terceros. Revise detenidamente las pol\u00edticas y pr\u00e1cticas de terceros y aseg\u00farese de comprenderlas antes de realizar cualquier transacci\u00f3n. Las quejas, reclamos, inquietudes o preguntas sobre productos de terceros deben dirigirse al tercero.   <\/p>\n<\/div><\/div>\n\n<div class=\"wp-block-group\"><div class=\"wp-block-group__inner-container is-layout-flow wp-block-group-is-layout-flow\">\n<h2 class=\"wp-block-heading\">SECCI\u00d3N 9 &#8211; COMENTARIOS DE USUARIOS, RETROALIMENTACI\u00d3N Y OTROS ENV\u00cdOS<\/h2>\n\n\n\n<p>Si, a petici\u00f3n nuestra, env\u00eda ciertos env\u00edos espec\u00edficos (por ejemplo, participaciones en concursos) o, sin una solicitud nuestra, env\u00eda ideas creativas, sugerencias, propuestas, planes u otros materiales, ya sea en l\u00ednea, por correo electr\u00f3nico, por correo postal o de otro modo (colectivamente, &#8216;comentarios&#8217;), acepta que podemos, en cualquier momento, sin restricciones, editar, copiar, publicar, distribuir, traducir y utilizar en cualquier medio cualquier comentario que nos env\u00ede. No tenemos ni estaremos obligados a (1) mantener ning\u00fan comentario confidencial; (2) pagar una compensaci\u00f3n por cualquier comentario; o (3) para responder a cualquier comentario.<br\/>Podemos, pero no tenemos obligaci\u00f3n de hacerlo, monitorear, editar o eliminar contenido que determinemos, a nuestro exclusivo criterio, que es ilegal, ofensivo, amenazante, calumnioso, difamatorio, pornogr\u00e1fico, obsceno o de otro modo objetable o que viola la propiedad intelectual de cualquier parte o estos T\u00e9rminos de servicio.<br\/>Usted acepta que sus comentarios no violar\u00e1n ning\u00fan derecho de ning\u00fan tercero, incluidos los derechos de autor, marcas comerciales, privacidad, personalidad u otros derechos personales o de propiedad. Adem\u00e1s, acepta que sus comentarios no contendr\u00e1n material difamatorio o ilegal, abusivo u obsceno, ni contendr\u00e1n ning\u00fan virus inform\u00e1tico u otro malware que pueda afectar de alguna manera el funcionamiento del Servicio o de cualquier sitio web relacionado. No puede utilizar una direcci\u00f3n de correo electr\u00f3nico falsa, pretender ser alguien que no sea usted mismo ni enga\u00f1arnos a nosotros ni a terceros sobre el origen de ning\u00fan comentario. Usted es el \u00fanico responsable de cualquier comentario que haga y de su exactitud. No asumimos ninguna responsabilidad por los comentarios publicados por usted o un tercero.     <\/p>\n<\/div><\/div>\n\n<div class=\"wp-block-group\"><div class=\"wp-block-group__inner-container is-layout-flow wp-block-group-is-layout-flow\">\n<h2 class=\"wp-block-heading\">SECCI\u00d3N 10 &#8211; INFORMACI\u00d3N PERSONAL<\/h2>\n\n\n\n<p>Su env\u00edo de informaci\u00f3n personal a trav\u00e9s de la tienda se rige por nuestra Pol\u00edtica de Privacidad.<\/p>\n<\/div><\/div>\n\n<div class=\"wp-block-group\"><div class=\"wp-block-group__inner-container is-layout-flow wp-block-group-is-layout-flow\">\n<h2 class=\"wp-block-heading\">SECCI\u00d3N 11 &#8211; ERRORES, IMPRECISIONES Y OMISIONES<\/h2>\n\n\n\n<p>Ocasionalmente puede haber informaci\u00f3n en nuestro sitio o en el Servicio que contenga errores tipogr\u00e1ficos, inexactitudes u omisiones que puedan estar relacionadas con descripciones de productos, precios, promociones, ofertas, cargos de env\u00edo de productos, tiempos de tr\u00e1nsito y disponibilidad. Nos reservamos el derecho de corregir cualquier error, inexactitud u omisi\u00f3n, y de cambiar o actualizar informaci\u00f3n o cancelar pedidos si alguna informaci\u00f3n en el Servicio o en cualquier sitio web relacionado es inexacta en cualquier momento sin previo aviso (incluso despu\u00e9s de haber enviado su pedido). <br\/>No asumimos ninguna obligaci\u00f3n de actualizar, modificar o aclarar informaci\u00f3n en el Servicio o en cualquier sitio web relacionado, incluida, entre otras, la informaci\u00f3n de precios, excepto seg\u00fan lo exija la ley. Ninguna actualizaci\u00f3n especificada o fecha de actualizaci\u00f3n aplicada en el Servicio o en cualquier sitio web relacionado debe considerarse para indicar que toda la informaci\u00f3n en el Servicio o en cualquier sitio web relacionado ha sido modificada o actualizada. <\/p>\n<\/div><\/div>\n\n<div class=\"wp-block-group\"><div class=\"wp-block-group__inner-container is-layout-flow wp-block-group-is-layout-flow\">\n<h2 class=\"wp-block-heading\">SECCI\u00d3N 12 &#8211; USOS PROHIBIDOS<\/h2>\n\n\n\n<p>Adem\u00e1s de otras prohibiciones establecidas en los T\u00e9rminos de servicio, tiene prohibido utilizar el sitio o su contenido: (a) para cualquier prop\u00f3sito ilegal; (b) solicitar a otros que realicen o participen en cualquier acto ilegal; (c) violar cualquier reglamento, norma, ley u ordenanza local internacional, federal, provincial o estatal; (d) infringir o violar nuestros derechos de propiedad intelectual o los derechos de propiedad intelectual de otros; (e) acosar, abusar, insultar, da\u00f1ar, difamar, calumniar, menospreciar, intimidar o discriminar por motivos de g\u00e9nero, orientaci\u00f3n sexual, religi\u00f3n, origen \u00e9tnico, raza, edad, origen nacional o discapacidad; (f) enviar informaci\u00f3n falsa o enga\u00f1osa; (g) para cargar o transmitir virus o cualquier otro tipo de c\u00f3digo malicioso que se utilizar\u00e1 o podr\u00e1 utilizarse de cualquier manera que afecte la funcionalidad o el funcionamiento del Servicio o de cualquier sitio web relacionado, otros sitios web o Internet; (h) para recopilar o rastrear la informaci\u00f3n personal de otros; (i) enviar spam, phishing, pharm, pretexto, spider, rastreo o scrape; (j) para cualquier prop\u00f3sito obsceno o inmoral; o (k) interferir o eludir las funciones de seguridad del Servicio o cualquier sitio web relacionado, otros sitios web o Internet. Nos reservamos el derecho de cancelar su uso del Servicio o de cualquier sitio web relacionado por violar cualquiera de los usos prohibidos.            <\/p>\n<\/div><\/div>\n\n<div class=\"wp-block-group\"><div class=\"wp-block-group__inner-container is-layout-flow wp-block-group-is-layout-flow\">\n<h2 class=\"wp-block-heading\">SECCI\u00d3N 13 &#8211; RENUNCIA DE GARANT\u00cdAS; LIMITACI\u00d3N DE RESPONSABILIDAD<\/h2>\n\n\n\n<p>No garantizamos, representamos ni garantizamos que su uso de nuestro servicio ser\u00e1 ininterrumpido, oportuno, seguro o libre de errores.<br\/>No garantizamos que los resultados que puedan obtenerse del uso del servicio sean precisos o confiables.<br\/>Usted acepta que de vez en cuando podemos eliminar el servicio por per\u00edodos de tiempo indefinidos o cancelar el servicio en cualquier momento, sin previo aviso.<br\/>Usted acepta expresamente que el uso o la imposibilidad de utilizar el servicio es bajo su propio riesgo. El servicio y todos los productos y servicios que se le entregan a trav\u00e9s del servicio se proporcionan (salvo que nosotros lo indiquemos expresamente) \u00abtal cual\u00bb y \u00abseg\u00fan disponibilidad\u00bb para su uso, sin ninguna representaci\u00f3n, garant\u00eda o condici\u00f3n de ning\u00fan tipo, ya sea expresa o impl\u00edcita, incluidas todas las garant\u00edas o condiciones impl\u00edcitas de comerciabilidad, calidad comercial, idoneidad para un prop\u00f3sito particular, durabilidad, t\u00edtulo y no infracci\u00f3n. <br\/>En ning\u00fan caso, \u00c9ditions Mercia du Lac, nuestros directores, funcionarios, empleados, afiliados, agentes, contratistas, pasantes, proveedores, proveedores de servicios o licenciantes ser\u00e1n responsables de cualquier lesi\u00f3n, p\u00e9rdida, reclamo o cualquier da\u00f1o directo, indirecto, incidental, punitivo, especial o consecuente de cualquier tipo, incluyendo, entre otros, p\u00e9rdida de ganancias, p\u00e9rdida de ingresos, p\u00e9rdida de ahorros, p\u00e9rdida de datos, costos de reemplazo o cualquier da\u00f1o similar, ya sea basado en contrato, agravio (incluyendo negligencia), responsabilidad estricta o de otro tipo, que surja de su uso de cualquiera de los servicios o de cualquier producto adquirido utilizando el servicio, o por cualquier otro reclamo relacionado de alguna manera con su uso del servicio o cualquier producto, incluidos, entre otros, cualquier error u omisi\u00f3n en cualquier contenido, o cualquier p\u00e9rdida o da\u00f1o de cualquier tipo incurrido como resultado del uso del servicio o cualquier contenido (o producto) publicado, transmitido o puesto a disposici\u00f3n a trav\u00e9s del servicio, incluso si se le informa de su posibilidad. Debido a que algunos estados o jurisdicciones no permiten la exclusi\u00f3n o limitaci\u00f3n de responsabilidad por da\u00f1os consecuentes o incidentales, en dichos estados o jurisdicciones, nuestra responsabilidad se limitar\u00e1 al m\u00e1ximo permitido por la ley. <\/p>\n<\/div><\/div>\n\n<div class=\"wp-block-group\"><div class=\"wp-block-group__inner-container is-layout-flow wp-block-group-is-layout-flow\">\n<h2 class=\"wp-block-heading\">SECCI\u00d3N 14 &#8211; INDEMNIZACI\u00d3N<\/h2>\n\n\n\n<p>Aceptas indemnizar, defender y eximir de responsabilidad a \u00c9ditions Mercia du Lac y a nuestras matrices, subsidiarias, afiliados, socios, funcionarios, directores, agentes, contratistas, concesionarios, proveedores de servicios, subcontratistas, proveedores, pasantes y empleados, de cualquier reclamo o demanda, incluidos honorarios razonables de abogados, hechos por cualquier tercero a causa o como resultado de tu incumplimiento de estas Condiciones de Servicio o de los documentos que incorporan como referencia, o tu violaci\u00f3n de cualquier ley o de los derechos de un tercero.<\/p>\n<\/div><\/div>\n\n<div class=\"wp-block-group\"><div class=\"wp-block-group__inner-container is-layout-flow wp-block-group-is-layout-flow\">\n<h2 class=\"wp-block-heading\">SECCI\u00d3N 15 &#8211; DIVISIBILIDAD<\/h2>\n\n\n\n<p>En el caso de que se determine que cualquier disposici\u00f3n de estos T\u00e9rminos de servicio es ilegal, nula o inaplicable, dicha disposici\u00f3n ser\u00e1 no obstante aplicable en la mayor medida permitida por la ley aplicable, y la parte no ejecutable se considerar\u00e1 separada de estos T\u00e9rminos de servicio; dicha determinaci\u00f3n no afectar\u00e1 la validez y aplicabilidad de cualquier otra disposici\u00f3n restante.<\/p>\n<\/div><\/div>\n\n<div class=\"wp-block-group\"><div class=\"wp-block-group__inner-container is-layout-flow wp-block-group-is-layout-flow\">\n<h2 class=\"wp-block-heading\">SECTION 16 &#8211; TERMINATION<\/h2>\n\n\n\n<p>The obligations and liabilities of the parties incurred prior to the termination date shall survive the termination of this agreement for all purposes.<br\/>These Terms of Service are effective unless and until terminated by either you or us. You may terminate these Terms of Service at any time by notifying us that you no longer wish to use our Services, or when you cease using our site.<br\/>If in our sole judgment you fail, or we suspect that you have failed, to comply with any term or provision of these Terms of Service, we also may terminate this agreement at any time without notice and you will remain liable for all amounts due up to and including the date of termination; and\/or accordingly may deny you access to our Services (or any part thereof). <\/p>\n<\/div><\/div>\n\n<div class=\"wp-block-group\"><div class=\"wp-block-group__inner-container is-layout-flow wp-block-group-is-layout-flow\">\n<h2 class=\"wp-block-heading\">SECTION 17 &#8211; ENTIRE AGREEMENT<\/h2>\n\n\n\n<p>The failure of us to exercise or enforce any right or provision of these Terms of Service shall not constitute a waiver of such right or provision.<br\/>These Terms of Service and any policies or operating rules posted by us on this site or in respect to The Service constitutes the entire agreement and understanding between you and us and govern your use of the Service, superseding any prior or contemporaneous agreements, communications and proposals, whether oral or written, between you and us (including, but not limited to, any prior versions of the Terms of Service).<br\/>Any ambiguities in the interpretation of these Terms of Service shall not be construed against the drafting party.<\/p>\n<\/div><\/div>\n\n<div class=\"wp-block-group\"><div class=\"wp-block-group__inner-container is-layout-flow wp-block-group-is-layout-flow\">\n<h2 class=\"wp-block-heading\">SECTION 18 &#8211; GOVERNING LAW<\/h2>\n\n\n\n<p>These Terms of Service and any separate agreements whereby we provide you Services shall be governed by and construed in accordance with the laws of Switzerland, Canton de Vaud.<\/p>\n<\/div><\/div>\n\n<div class=\"wp-block-group\"><div class=\"wp-block-group__inner-container is-layout-flow wp-block-group-is-layout-flow\">\n<h2 class=\"wp-block-heading\">SECTION 19 &#8211; CHANGES TO TERMS OF SERVICE<\/h2>\n\n\n\n<p>You can review the most current version of the Terms of Service at any time at this page.<br\/>We reserve the right, at our sole discretion, to update, change or replace any part of these Terms of Service by posting updates and changes to our website. It is your responsibility to check our website periodically for changes. Your continued use of or access to our website or the Service following the posting of any changes to these Terms of Service constitutes acceptance of those changes.  <\/p>\n<\/div><\/div>\n\n<div class=\"wp-block-group\"><div class=\"wp-block-group__inner-container is-layout-flow wp-block-group-is-layout-flow\">\n<h2 class=\"wp-block-heading\">SECTION 20 &#8211; CONTACT INFORMATION<\/h2>\n\n\n\n<p>Questions about the Terms of Service should be sent to us at contact@merciaacademy.com<\/p>\n<\/div><\/div>\n","protected":false},"excerpt":{"rendered":"<p>T\u00e9rminos y condiciones DESCRIPCI\u00d3N GENERAL Este sitio web est\u00e1 gestionado por \u00c9ditions Mercia du Lac. En todo el<\/p>\n","protected":false},"author":682,"featured_media":0,"parent":0,"menu_order":51,"comment_status":"closed","ping_status":"closed","template":"","meta":{"_tutorstarter_page_metadata":[],"footnotes":""},"class_list":["post-48305","page","type-page","status-publish","hentry"],"_links":{"self":[{"href":"https:\/\/mercia-academy.ch\/es\/wp-json\/wp\/v2\/pages\/48305","targetHints":{"allow":["GET"]}}],"collection":[{"href":"https:\/\/mercia-academy.ch\/es\/wp-json\/wp\/v2\/pages"}],"about":[{"href":"https:\/\/mercia-academy.ch\/es\/wp-json\/wp\/v2\/types\/page"}],"author":[{"embeddable":true,"href":"https:\/\/mercia-academy.ch\/es\/wp-json\/wp\/v2\/users\/682"}],"replies":[{"embeddable":true,"href":"https:\/\/mercia-academy.ch\/es\/wp-json\/wp\/v2\/comments?post=48305"}],"version-history":[{"count":1,"href":"https:\/\/mercia-academy.ch\/es\/wp-json\/wp\/v2\/pages\/48305\/revisions"}],"predecessor-version":[{"id":48306,"href":"https:\/\/mercia-academy.ch\/es\/wp-json\/wp\/v2\/pages\/48305\/revisions\/48306"}],"wp:attachment":[{"href":"https:\/\/mercia-academy.ch\/es\/wp-json\/wp\/v2\/media?parent=48305"}],"curies":[{"name":"wp","href":"https:\/\/api.w.org\/{rel}","templated":true}]}}