{"id":33941,"date":"2023-10-26T08:56:38","date_gmt":"2023-10-26T07:56:38","guid":{"rendered":"https:\/\/mercia-academy.ch\/politica-de-privacidad\/"},"modified":"2023-10-26T08:56:39","modified_gmt":"2023-10-26T07:56:39","slug":"politica-de-privacidad","status":"publish","type":"page","link":"https:\/\/mercia-academy.ch\/es\/politica-de-privacidad\/","title":{"rendered":"pol\u00edtica de privacidad"},"content":{"rendered":"\n<h1 class=\"wp-block-heading\">pol\u00edtica de privacidad<\/h1>\n\n<div class=\"wp-block-group\"><div class=\"wp-block-group__inner-container is-layout-flow wp-block-group-is-layout-flow\">\n<h2 class=\"wp-block-heading\">Introducci\u00f3n<\/h2>\n\n\n\n<p>La confidencialidad de los visitantes de nuestro sitio web es muy importante para nosotros y estamos comprometidos a protegerla. Esta pol\u00edtica detalla lo que hacemos con su informaci\u00f3n personal.<br\/>Su consentimiento para nuestro uso de cookies de acuerdo con esta pol\u00edtica cuando visita nuestro sitio web por primera vez nos permite utilizar cookies cada vez que visita nuestro sitio.<\/p>\n\n\n\n<h2 class=\"wp-block-heading\">Origen<\/h2>\n\n\n\n<p>Este documento fue creado usando una plantilla de SEQ Legal (seqlegal.com) y ha sido modificado por Website Planet (www.websiteplanet.com)<\/p>\n<\/div><\/div>\n\n<div class=\"wp-block-group\"><div class=\"wp-block-group__inner-container is-layout-flow wp-block-group-is-layout-flow\">\n<h2 class=\"wp-block-heading\"><h3>Recopilaci\u00f3n de informaci\u00f3n personal<\/h3><\/h2>\n\n\n\n<p><\/p><p>Se pueden recopilar, almacenar y utilizar los siguientes tipos de informaci\u00f3n personal:<\/p>\n\n\n\n<ol class=\"wp-block-list\" id=\"block-7cf8f6f4-1510-488d-85d6-ffc0ac7c3d12\"><li>Informaci\u00f3n sobre su computadora, incluida su direcci\u00f3n IP, ubicaci\u00f3n geogr\u00e1fica, tipo y versi\u00f3n de su navegador y su sistema operativo;<\/li><li>Informaci\u00f3n sobre sus visitas y su uso de este sitio web, incluida la fuente de referencia, la duraci\u00f3n de la visita, las p\u00e1ginas visitadas y las rutas de navegaci\u00f3n de los sitios web;<\/li><li>Informaci\u00f3n como su direcci\u00f3n de correo electr\u00f3nico, que nos proporciona al registrarse en el sitio;<\/li><li>Informaci\u00f3n que ingresa cuando crea un perfil en nuestro sitio web, como su nombre, su foto de perfil, su g\u00e9nero, su fecha de nacimiento, su situaci\u00f3n amorosa, sus intereses y pasatiempos, su formaci\u00f3n educativa y profesional;<\/li><li>Informaci\u00f3n como su nombre y direcci\u00f3n de correo electr\u00f3nico, que ingresa para suscribirse a nuestros correos electr\u00f3nicos y\/o boletines;<\/li><li>Informaci\u00f3n que usted ingresa cuando utiliza los servicios de nuestro sitio web;<\/li><li>Informaci\u00f3n generada al utilizar nuestro sitio, incluido cu\u00e1ndo, con qu\u00e9 frecuencia y bajo qu\u00e9 circunstancias lo utiliza;<\/li><li>Informaci\u00f3n relacionada con las compras que realiza, los servicios que utiliza o las transacciones que realiza en nuestro sitio, que incluyen su nombre, direcci\u00f3n, n\u00famero de tel\u00e9fono, direcci\u00f3n de correo electr\u00f3nico e informaci\u00f3n bancaria;<\/li><li>Informaci\u00f3n que publicas en nuestro sitio web con la intenci\u00f3n de publicarla en internet, y que incluye tu nombre de usuario, tus fotos de perfil y el contenido de tus publicaciones;<\/li><li>Informaci\u00f3n contenida en todas las comunicaciones que nos env\u00eda por correo electr\u00f3nico o en nuestro sitio web, incluido su contenido y metadatos;<\/li><li>Cualquier otro dato personal que nos comuniques. Antes de revelarnos informaci\u00f3n personal sobre otra persona, debe obtener el consentimiento de esa persona para la divulgaci\u00f3n y el procesamiento de esa informaci\u00f3n personal seg\u00fan los t\u00e9rminos de esta pol\u00edtica.<\/li><\/ol>\n<\/div><\/div>\n\n<div class=\"wp-block-group\"><div class=\"wp-block-group__inner-container is-layout-flow wp-block-group-is-layout-flow\">\n<h2 class=\"wp-block-heading\">Uso de su informaci\u00f3n personal<\/h2>\n\n\n\n<p>La informaci\u00f3n personal que se nos proporciona a trav\u00e9s de nuestro sitio web se utilizar\u00e1 para los fines descritos en esta pol\u00edtica o en las p\u00e1ginas relevantes del sitio. Podemos utilizar su informaci\u00f3n personal para:<\/p>\n\n\n\n<ol class=\"wp-block-list\"><li>Administrar nuestro sitio web y nuestro negocio;<\/li><li>Personalice nuestro sitio web para usted;<\/li><li>Permitir su uso de los servicios ofrecidos en nuestro sitio web;<\/li><li>Enviarle los productos adquiridos en nuestro sitio;<\/li><li>Proporcionarle los servicios adquiridos en nuestro sitio;<\/li><li>Enviarle extractos, facturas y recordatorios de pago, y cobrar sus pagos;<\/li><li>Enviarle comunicaciones comerciales no relacionadas con marketing;<\/li><li>Enviarle notificaciones por correo electr\u00f3nico que haya solicitado espec\u00edficamente;<\/li><li>Enviarnos nuestro bolet\u00edn por correo electr\u00f3nico, si lo ha solicitado (puede informarnos en cualquier momento de su deseo de no recibir m\u00e1s nuestro bolet\u00edn);<\/li><li>Para enviarle comunicaciones de marketing relacionadas con nuestra empresa o con empresas de terceros cuidadosamente seleccionadas que creemos que pueden ser de su inter\u00e9s, en forma de publicaci\u00f3n, o si ha dado su consentimiento expreso, por correo electr\u00f3nico o tecnolog\u00eda similar. (puede informarnos en cualquier momento de su deseo de dejar de recibir comunicaciones de marketing);<\/li><li>Proporcionar informaci\u00f3n estad\u00edstica sobre nuestros usuarios a terceros (sin que estos terceros puedan identificar a un usuario individual con esta informaci\u00f3n);<\/li><li>Procesar solicitudes y quejas relacionadas con su sitio web realizadas por usted o que le conciernen;<\/li><li>Mantener la seguridad de nuestro sitio web y prevenir fraudes;<\/li><li>Comprobar el cumplimiento de las condiciones generales que regulan el uso de nuestro sitio web (incluido el seguimiento de los mensajes privados enviados a trav\u00e9s del servicio de mensajer\u00eda privada de nuestro sitio web); y<\/li><li>Otros usos.<\/li><\/ol>\n\n\n\n<p>Si env\u00eda informaci\u00f3n personal en nuestro sitio web con el fin de publicarla, la publicaremos y podremos usar esa informaci\u00f3n de acuerdo con los permisos que nos otorgue. Su configuraci\u00f3n de privacidad se puede utilizar para limitar la publicaci\u00f3n de su informaci\u00f3n en nuestro sitio web y se puede ajustar en su configuraci\u00f3n de privacidad en el sitio web. Sin su expreso consentimiento, no facilitaremos su informaci\u00f3n personal a terceros para su marketing directo, ni el de otros terceros.<\/p>\n<\/div><\/div>\n\n<div class=\"wp-block-group\"><div class=\"wp-block-group__inner-container is-layout-flow wp-block-group-is-layout-flow\">\n<h2 class=\"wp-block-heading\"><h3>Divulgaci\u00f3n de su informaci\u00f3n personal<\/h3><\/h2>\n\n\n\n<p>Podemos divulgar su informaci\u00f3n personal a cualquiera de nuestros empleados, funcionarios, aseguradores, asesores profesionales, agentes, proveedores o subcontratistas en la medida que sea razonablemente necesario para los fines establecidos en esta pol\u00edtica. Podemos divulgar su informaci\u00f3n personal a cualquier miembro de nuestro grupo de empresas (esto significa nuestras subsidiarias, nuestra sociedad matriz principal y todas sus subsidiarias) en la medida razonablemente necesaria para los fines establecidos en esta pol\u00edtica. Podemos revelar su informaci\u00f3n personal:<\/p>\n\n\n\n<ol class=\"wp-block-list\"><li>En la medida en que as\u00ed lo exija la ley;<\/li><li>En el contexto de cualquier procedimiento legal actual o futuro;<\/li><li>Para establecer, ejercer o defender nuestros derechos legales (incluido proporcionar informaci\u00f3n a otros con el fin de prevenir el fraude y reducir el riesgo crediticio);<\/li><li>Al comprador (o comprador potencial) de cualquier negocio o activo en nuestro poder que deseemos (o planeemos vender); y<\/li><li>A cualquier persona que razonablemente consideremos parte integral de un tribunal u otra autoridad competente para la divulgaci\u00f3n de esta informaci\u00f3n personal si, en nuestra opini\u00f3n, dicho tribunal o dicha autoridad probablemente solicitar\u00eda la divulgaci\u00f3n de esta informaci\u00f3n personal.<\/li><\/ol>\n\n\n\n<p><\/p><p>A menos que se indique lo contrario en esta pol\u00edtica, no pasaremos su informaci\u00f3n personal a terceros.<\/p>\n<\/div><\/div>\n\n<div class=\"wp-block-group\"><div class=\"wp-block-group__inner-container is-layout-flow wp-block-group-is-layout-flow\">\n<h2 class=\"wp-block-heading\"><h3>Transferencias internacionales de datos<\/h3><\/h2>\n\n\n\n<ol class=\"wp-block-list\"><li><p>La informaci\u00f3n que recopilamos puede almacenarse, procesarse y transferirse a cualquier pa\u00eds en el que operemos, para que podamos utilizar la informaci\u00f3n de acuerdo con esta pol\u00edtica.<\/p><\/li><li><p><span style=\"font-size: revert; color: initial;\">La informaci\u00f3n que recopilamos podr\u00e1 ser transferida a los siguientes pa\u00edses, que no cuentan con leyes de protecci\u00f3n de datos equivalentes a las vigentes en el espacio econ\u00f3mico europeo: Estados Unidos de Am\u00e9rica, Rusia, Jap\u00f3n, China e India.<\/span><\/p><\/li><li><p><span style=\"font-size: revert; background-color: rgb(255, 255, 255); color: initial;\">La informaci\u00f3n personal que usted publica en nuestro sitio web o que env\u00eda para su publicaci\u00f3n puede estar disponible, a trav\u00e9s de Internet, en todo el mundo. No podemos impedir el uso, bueno o malo, de esta informaci\u00f3n por parte de terceros.<\/span><\/p><\/li><li><p><span style=\"font-size: revert; background-color: rgb(255, 255, 255); color: initial;\">Usted acepta expresamente la transferencia de informaci\u00f3n personal descrita en esta Secci\u00f3n F.<\/span><\/p><\/li><\/ol>\n<\/div><\/div>\n\n<div class=\"wp-block-group\"><div class=\"wp-block-group__inner-container is-layout-flow wp-block-group-is-layout-flow\">\n<h2 class=\"wp-block-heading\">Almacenamiento de su informaci\u00f3n personal<\/h2>\n\n\n\n<ol class=\"wp-block-list\"><li><p>Esta Secci\u00f3n G detalla nuestras pol\u00edticas y procedimientos de retenci\u00f3n de datos, que est\u00e1n dise\u00f1ados para ayudarnos a cumplir con nuestras obligaciones legales con respecto a la retenci\u00f3n y eliminaci\u00f3n de informaci\u00f3n personal.<\/p><\/li><li><p><span style=\"background-color: rgb(255, 255, 255); color: initial;\">Personal information that we process for any purpose is not kept longer than is necessary for that purpose or for these purposes. 3. Sin perjuicio del art\u00edculo G-2, generalmente eliminaremos los datos personales de estas categor\u00edas. <\/span>4. Sin perjuicio de las dem\u00e1s disposiciones de esta Secci\u00f3n G, conservaremos los documentos (incluidos los electr\u00f3nicos) que contengan datos personales:<\/p><\/li><li><p><span style=\"font-size: revert; color: initial;\">En la medida en que as\u00ed lo exija la ley;<\/span><\/p><\/li><li>Si creemos que los documentos pueden ser relevantes para cualquier procedimiento legal en curso o potencial; y<\/li><li><p><span style=\"font-size: revert; color: initial;\">Para establecer, ejercer o defender nuestros derechos legales (incluido el suministro de informaci\u00f3n a otros con el fin de prevenir el fraude y reducir el riesgo crediticio).<\/span><\/p><\/li><\/ol>\n<\/div><\/div>\n\n<div class=\"wp-block-group\"><div class=\"wp-block-group__inner-container is-layout-flow wp-block-group-is-layout-flow\">\n<h2 class=\"wp-block-heading\">Seguridad de su informaci\u00f3n personal<\/h2>\n\n\n\n<ol class=\"wp-block-list\"><li>Tomaremos precauciones t\u00e9cnicas y organizativas razonables para evitar la p\u00e9rdida, mal uso o alteraci\u00f3n de su informaci\u00f3n personal.<\/li><li>Almacenaremos toda la informaci\u00f3n personal que nos proporcione en servidores seguros (protegidos con contrase\u00f1a y firewall).<\/li><li>Todas las transacciones financieras electr\u00f3nicas realizadas a trav\u00e9s de nuestro sitio web estar\u00e1n protegidas por tecnolog\u00edas de cifrado.<\/li><li>Usted reconoce que la transmisi\u00f3n de informaci\u00f3n a trav\u00e9s de Internet es intr\u00ednsecamente insegura, y que no podemos garantizar la seguridad de sus datos enviados a trav\u00e9s de Internet. 5. Usted reconoce que la transmisi\u00f3n de informaci\u00f3n a trav\u00e9s de Internet es intr\u00ednsecamente insegura y que no podemos garantizar la seguridad de sus datos enviados a trav\u00e9s de Internet.<\/li><\/ol>\n<\/div><\/div>\n\n<div class=\"wp-block-group\"><div class=\"wp-block-group__inner-container is-layout-flow wp-block-group-is-layout-flow\">\n<h2 class=\"wp-block-heading\">Enmiendas<\/h2>\n\n\n\n<p>En ocasiones podemos actualizar esta pol\u00edtica publicando una nueva versi\u00f3n en nuestro sitio web. Debe consultar esta p\u00e1gina con regularidad para asegurarse de estar al tanto de cualquier cambio en esta pol\u00edtica. Podemos notificarle los cambios en esta pol\u00edtica por correo electr\u00f3nico o mediante el servicio de mensajer\u00eda privada en nuestro sitio web.<\/p>\n<\/div><\/div>\n\n<div class=\"wp-block-group\"><div class=\"wp-block-group__inner-container is-layout-flow wp-block-group-is-layout-flow\">\n<h2 class=\"wp-block-heading\">Tus derechos<\/h2>\n\n\n\n<p>Puede solicitarnos que le proporcionemos cualquier informaci\u00f3n personal que tengamos sobre usted; la transferencia de dicha informaci\u00f3n estar\u00e1 sujeta a las siguientes condiciones: <\/p>\n\n\n\n<ol class=\"wp-block-list\"><li>Pago de costas; y<\/li><li>La presentaci\u00f3n de prueba suficiente de su identidad (a estos efectos, generalmente aceptamos una fotocopia de su pasaporte certificada por notario, m\u00e1s una copia original de una factura de servicio p\u00fablico que muestre su direcci\u00f3n actual).<\/li><\/ol>\n\n\n\n<p>Podemos conservar la informaci\u00f3n personal que usted solicite en la medida permitida por la ley. Puede solicitarnos en cualquier momento que no procesemos su informaci\u00f3n personal con fines de marketing. En la pr\u00e1ctica, usted acepta expresamente y por adelantado que utilicemos su informaci\u00f3n personal con fines de marketing o que le brindemos la oportunidad de rechazar el uso de su informaci\u00f3n personal con fines de marketing. Niveles web de los sitios Nuestro sitio web contiene hiperv\u00ednculos de inquilinos a sitios web de terceros e informaci\u00f3n sobre ellos. No tenemos control sobre estos sitios y no somos responsables de sus pol\u00edticas o pr\u00e1cticas de privacidad.<\/p>\n<\/div><\/div>\n\n<div class=\"wp-block-group\"><div class=\"wp-block-group__inner-container is-layout-flow wp-block-group-is-layout-flow\">\n<h2 class=\"wp-block-heading\">Actualizaci\u00f3n de informaci\u00f3n<\/h2>\n\n\n\n<p>H\u00e1ganos saber si la informaci\u00f3n personal que tenemos sobre usted necesita ser corregida o actualizada.<\/p>\n<\/div><\/div>\n\n<div class=\"wp-block-group\"><div class=\"wp-block-group__inner-container is-layout-flow wp-block-group-is-layout-flow\">\n<h2 class=\"wp-block-heading\">Cookies<\/h2>\n\n\n\n<p>Nuestro sitio web utiliza cookies. <\/p>\n\n\n\n<p>Una cookie es un archivo que contiene un identificador (una cadena de letras y n\u00fameros) enviado por un servidor web a un navegador web y almacenado por el navegador. Luego, el identificador se env\u00eda de vuelta al servidor cada vez que el navegador solicita una p\u00e1gina del servidor. Las cookies pueden ser \u201cpersistentes\u201d o de \u201csesi\u00f3n\u201d: una cookie persistente es almacenada por el navegador y permanece v\u00e1lida hasta la fecha de vencimiento, a menos que el usuario la elimine antes de esta fecha de vencimiento; En cuanto a una cookie de sesi\u00f3n, caduca al final de la sesi\u00f3n del usuario, cuando se cierra el navegador. Las cookies generalmente no contienen ninguna informaci\u00f3n que identifique a un usuario individualmente, pero la informaci\u00f3n personal que almacenamos sobre usted puede estar vinculada a la informaci\u00f3n almacenada en las cookies y obtenida por las cookies. <\/p>\n\n\n\n<p>1. Los nombres de las cookies que utilizamos en nuestro sitio web y los fines para los que las utilizamos se describen a continuaci\u00f3n: <\/p>\n\n\n\n<p>Utilizamos Google Analytics y Adwords en nuestro sitio web para: reconocer una computadora cuando un usuario visita el sitio web \/ rastrear a los usuarios cuando navegan por el sitio web \/ activar el uso de un carrito de compras en el sitio web \/ mejorar el uso de un sitio web \/ analizar el uso del sitio web \/ administrar el sitio web \/ prevenir fraudes y mejorar la seguridad del sitio web \/ personalizar el sitio web para cada usuario \/ enviar anuncios dirigidos que puedan ser de inter\u00e9s para algunos usuarios (describa sus otros objetivos);<\/p>\n\n\n\n<p>La mayor\u00eda de los navegadores le permiten rechazar o aceptar cookies. Por ejemplo: <\/p>\n\n\n\n<ol class=\"wp-block-list\"><li>con Internet Explorer (versi\u00f3n 10), puede bloquear las cookies utilizando la configuraci\u00f3n alternativa para administrar las cookies disponibles haciendo clic en \u201cHerramientas\u201d, \u201cOpciones de Internet\u201d, \u201cConfidencialidad\u201d y luego \u201cAvanzado\u201d;<\/li><li>con Firefox (versi\u00f3n 24), puede bloquear todas las cookies haciendo clic en \u201cHerramientas\u201d, \u201cOpciones\u201d, \u201cConfidencialidad\u201d y luego seleccionando \u201cUsar configuraci\u00f3n personalizada para el historial\u201d en el men\u00fa desplegable y desmarcando \u201cAceptar cookies de sitios\u201d ; y<\/li><li>con Chrome (versi\u00f3n 29), puede bloquear todas las cookies accediendo al men\u00fa \u201cPersonalizar y controlar\u201d, luego haciendo clic en \u201cConfiguraci\u00f3n\u201d, \u201cMostrar configuraci\u00f3n avanzada\u201d y \u201cConfiguraci\u00f3n de contenido\u201d y luego seleccionando \u201cEvitar que los sitios definan datos\u201d en el encabezado \u201cCookies\u201d. Bloquear todas las cookies tendr\u00e1 un impacto negativo en el uso de muchos sitios web. Si bloquea las cookies, no podr\u00e1 utilizar todas las funciones de nuestro sitio web.<\/li><\/ol>\n\n\n\n<p>Puede eliminar las cookies ya almacenadas en su ordenador. Ejemplo: <\/p>\n\n\n\n<ol class=\"wp-block-list\"><li>con Internet Explorer (versi\u00f3n 10), debe eliminar el archivo de cookies manualmente (puede encontrar instrucciones para hacerlo aqu\u00ed http:\/\/support.microsoft.com\/kb\/278835);<\/li><li>con Firefox (versi\u00f3n 24), puede eliminar las cookies haciendo clic en \u201cHerramientas\u201d, \u201cOpciones\u201d y \u201cConfidencialidad\u201d, luego seleccionando \u201cUsar configuraci\u00f3n personalizada para el historial\u201d y haciendo clic en \u201cMostrar cookies\u201d, luego en \u201cEliminar\u201d. todas las cookies \u201c; y<\/li><li>con Chrome (versi\u00f3n 29), puedes eliminar todas las cookies accediendo al men\u00fa \u201cPersonalizar y controlar\u201d luego haciendo clic en \u201cConfiguraci\u00f3n\u201d, \u201cMostrar configuraci\u00f3n avanzada\u201d y \u201cEliminar datos de navegaci\u00f3n\u201d y luego \u201cEliminar cookies y datos de m\u00f3dulos de otros sitios \u201cantes de hacer clic en\u201d Eliminar datos de navegaci\u00f3n \u201c.<\/li><li>La eliminaci\u00f3n de cookies tendr\u00e1 un impacto negativo en el uso de muchos sitios web.<\/li><\/ol>\n<\/div><\/div>\n","protected":false},"excerpt":{"rendered":"<p>pol\u00edtica de privacidad Introducci\u00f3n La confidencialidad de los visitantes de nuestro sitio web es muy importante para nosotros<\/p>\n","protected":false},"author":682,"featured_media":0,"parent":0,"menu_order":50,"comment_status":"closed","ping_status":"open","template":"","meta":{"_tutorstarter_page_metadata":[],"footnotes":""},"class_list":["post-33941","page","type-page","status-publish","hentry"],"_links":{"self":[{"href":"https:\/\/mercia-academy.ch\/es\/wp-json\/wp\/v2\/pages\/33941","targetHints":{"allow":["GET"]}}],"collection":[{"href":"https:\/\/mercia-academy.ch\/es\/wp-json\/wp\/v2\/pages"}],"about":[{"href":"https:\/\/mercia-academy.ch\/es\/wp-json\/wp\/v2\/types\/page"}],"author":[{"embeddable":true,"href":"https:\/\/mercia-academy.ch\/es\/wp-json\/wp\/v2\/users\/682"}],"replies":[{"embeddable":true,"href":"https:\/\/mercia-academy.ch\/es\/wp-json\/wp\/v2\/comments?post=33941"}],"version-history":[{"count":0,"href":"https:\/\/mercia-academy.ch\/es\/wp-json\/wp\/v2\/pages\/33941\/revisions"}],"wp:attachment":[{"href":"https:\/\/mercia-academy.ch\/es\/wp-json\/wp\/v2\/media?parent=33941"}],"curies":[{"name":"wp","href":"https:\/\/api.w.org\/{rel}","templated":true}]}}