{"id":33807,"date":"2023-10-26T07:34:17","date_gmt":"2023-10-26T06:34:17","guid":{"rendered":"https:\/\/mercia-academy.ch\/modulos-introductorios\/"},"modified":"2025-01-08T17:08:34","modified_gmt":"2025-01-08T16:08:34","slug":"modulos-introductorios","status":"publish","type":"page","link":"https:\/\/mercia-academy.ch\/es\/cursos\/cursos-zoom\/espiritualidad\/leyes-universales-y-grandes-tradiciones\/modulos-introductorios\/","title":{"rendered":"M\u00f3dulos introductorios"},"content":{"rendered":"\n<h1 class=\"wp-block-heading has-text-align-center\">M\u00f3dulos introductorios<\/h1>\n\n\n\n<div class=\"wp-block-columns is-layout-flex wp-container-core-columns-is-layout-9d6595d7 wp-block-columns-is-layout-flex\">\n<div class=\"wp-block-column is-vertically-aligned-center is-layout-flow wp-block-column-is-layout-flow\" style=\"flex-basis:33.33%\">\n<figure class=\"wp-block-image size-full\"><img loading=\"lazy\" decoding=\"async\" width=\"200\" height=\"200\" src=\"https:\/\/mercia-academy.ch\/wp-content\/uploads\/2021\/01\/book-UL.png\" alt=\"\" class=\"wp-image-7659\" srcset=\"https:\/\/mercia-academy.ch\/wp-content\/uploads\/2021\/01\/book-UL.png 200w, https:\/\/mercia-academy.ch\/wp-content\/uploads\/2021\/01\/book-UL-150x150.png 150w, https:\/\/mercia-academy.ch\/wp-content\/uploads\/2021\/01\/book-UL-66x66.png 66w, https:\/\/mercia-academy.ch\/wp-content\/uploads\/2021\/01\/book-UL-100x100.png 100w\" sizes=\"auto, (max-width: 200px) 100vw, 200px\" \/><\/figure>\n<\/div>\n\n\n\n<div class=\"wp-block-column is-vertically-aligned-center is-layout-flow wp-block-column-is-layout-flow\" style=\"flex-basis:66.66%\">\n<p class=\"has-medium-plus-font-size\">Conocimiento y reconocimiento de las Leyes Universales y de las Grandes Tradiciones para comprenderlas, asimilarlas, sentirlas y encarnarlas en todos los niveles de la realidad del ser en el mundo, a escala individual, colectiva y universal.<\/p>\n<\/div>\n<\/div>\n\n\n\n<div class=\"wp-block-columns is-layout-flex wp-container-core-columns-is-layout-9d6595d7 wp-block-columns-is-layout-flex\">\n<div class=\"wp-block-column is-layout-flow wp-block-column-is-layout-flow\"><div class=\"wp-block-image\">\n<figure class=\"aligncenter size-full\"><img loading=\"lazy\" decoding=\"async\" width=\"200\" height=\"200\" src=\"https:\/\/mercia-academy.ch\/wp-content\/uploads\/2021\/01\/book-UL.png\" alt=\"\" class=\"wp-image-7659\" srcset=\"https:\/\/mercia-academy.ch\/wp-content\/uploads\/2021\/01\/book-UL.png 200w, https:\/\/mercia-academy.ch\/wp-content\/uploads\/2021\/01\/book-UL-150x150.png 150w, https:\/\/mercia-academy.ch\/wp-content\/uploads\/2021\/01\/book-UL-66x66.png 66w, https:\/\/mercia-academy.ch\/wp-content\/uploads\/2021\/01\/book-UL-100x100.png 100w\" sizes=\"auto, (max-width: 200px) 100vw, 200px\" \/><\/figure>\n<\/div>\n\n\n<h3 class=\"wp-block-heading has-text-align-center\">M\u00f3dulo 1<\/h3>\n\n\n\n<p class=\"has-text-align-center\">Tutorial incluido para cada ley del m\u00f3dulo introductorio incluyendo tambi\u00e9n dos sesiones de tres horas de presentaci\u00f3n y puesta en com\u00fan en torno a las leyes de <strong>la Conciencia, el Amor, la Fe, la Creaci\u00f3n, el Compromiso<\/strong> en la plataforma por zoom.<\/p>\n\n\n\n<p class=\"has-text-align-center\"><strong>Precio: 80 euros<\/strong><\/p>\n<\/div>\n\n\n\n<div class=\"wp-block-column is-layout-flow wp-block-column-is-layout-flow\"><div class=\"wp-block-image\">\n<figure class=\"aligncenter size-full\"><img loading=\"lazy\" decoding=\"async\" width=\"200\" height=\"200\" src=\"https:\/\/mercia-academy.ch\/wp-content\/uploads\/2021\/01\/book-UL.png\" alt=\"\" class=\"wp-image-7659\" srcset=\"https:\/\/mercia-academy.ch\/wp-content\/uploads\/2021\/01\/book-UL.png 200w, https:\/\/mercia-academy.ch\/wp-content\/uploads\/2021\/01\/book-UL-150x150.png 150w, https:\/\/mercia-academy.ch\/wp-content\/uploads\/2021\/01\/book-UL-66x66.png 66w, https:\/\/mercia-academy.ch\/wp-content\/uploads\/2021\/01\/book-UL-100x100.png 100w\" sizes=\"auto, (max-width: 200px) 100vw, 200px\" \/><\/figure>\n<\/div>\n\n\n<h3 class=\"wp-block-heading has-text-align-center\">M\u00f3dulo 2<\/h3>\n\n\n\n<p class=\"has-text-align-center\">Tutor\u00eda incluida para cada ley del m\u00f3dulo introductorio incluyendo tambi\u00e9n dos sesiones de tres horas de presentaci\u00f3n y puesta en com\u00fan en torno a las leyes de <strong>Universalidad, Colectividad, Fraternidad, Ascetismo, Rectitud<\/strong> en la plataforma por zoom.<\/p>\n\n\n\n<p class=\"has-text-align-center\"><strong>Precio: 80 euros<\/strong><\/p>\n<\/div>\n\n\n\n<div class=\"wp-block-column is-layout-flow wp-block-column-is-layout-flow\"><div class=\"wp-block-image\">\n<figure class=\"aligncenter size-full\"><img loading=\"lazy\" decoding=\"async\" width=\"200\" height=\"200\" src=\"https:\/\/mercia-academy.ch\/wp-content\/uploads\/2021\/01\/book-UL.png\" alt=\"\" class=\"wp-image-7659\" srcset=\"https:\/\/mercia-academy.ch\/wp-content\/uploads\/2021\/01\/book-UL.png 200w, https:\/\/mercia-academy.ch\/wp-content\/uploads\/2021\/01\/book-UL-150x150.png 150w, https:\/\/mercia-academy.ch\/wp-content\/uploads\/2021\/01\/book-UL-66x66.png 66w, https:\/\/mercia-academy.ch\/wp-content\/uploads\/2021\/01\/book-UL-100x100.png 100w\" sizes=\"auto, (max-width: 200px) 100vw, 200px\" \/><\/figure>\n<\/div>\n\n\n<h3 class=\"wp-block-heading has-text-align-center\">M\u00f3dulo 3<\/h3>\n\n\n\n<p class=\"has-text-align-center\">Tutorial incluido para cada ley del m\u00f3dulo introductorio, que incluye dos sesiones de dos horas de presentaci\u00f3n y puesta en com\u00fan en torno a las leyes del <strong>Don y la Mansuetud y el Ep\u00edlogo<\/strong>. Al final de este m\u00f3dulo se propondr\u00e1 una revisi\u00f3n de estos doce pasos de la conciencia en la plataforma por zoom.<\/p>\n\n\n\n<p class=\"has-text-align-center\"><strong>Precio: 40 euros<\/strong><\/p>\n<\/div>\n<\/div>\n","protected":false},"excerpt":{"rendered":"<p>M\u00f3dulos introductorios Conocimiento y reconocimiento de las Leyes Universales y de las Grandes Tradiciones para comprenderlas, asimilarlas, sentirlas<\/p>\n","protected":false},"author":682,"featured_media":0,"parent":33836,"menu_order":0,"comment_status":"closed","ping_status":"closed","template":"","meta":{"_tutorstarter_page_metadata":[],"footnotes":""},"class_list":["post-33807","page","type-page","status-publish","hentry"],"_links":{"self":[{"href":"https:\/\/mercia-academy.ch\/es\/wp-json\/wp\/v2\/pages\/33807","targetHints":{"allow":["GET"]}}],"collection":[{"href":"https:\/\/mercia-academy.ch\/es\/wp-json\/wp\/v2\/pages"}],"about":[{"href":"https:\/\/mercia-academy.ch\/es\/wp-json\/wp\/v2\/types\/page"}],"author":[{"embeddable":true,"href":"https:\/\/mercia-academy.ch\/es\/wp-json\/wp\/v2\/users\/682"}],"replies":[{"embeddable":true,"href":"https:\/\/mercia-academy.ch\/es\/wp-json\/wp\/v2\/comments?post=33807"}],"version-history":[{"count":0,"href":"https:\/\/mercia-academy.ch\/es\/wp-json\/wp\/v2\/pages\/33807\/revisions"}],"up":[{"embeddable":true,"href":"https:\/\/mercia-academy.ch\/es\/wp-json\/wp\/v2\/pages\/33836"}],"wp:attachment":[{"href":"https:\/\/mercia-academy.ch\/es\/wp-json\/wp\/v2\/media?parent=33807"}],"curies":[{"name":"wp","href":"https:\/\/api.w.org\/{rel}","templated":true}]}}