{"id":33803,"date":"2023-10-26T07:34:16","date_gmt":"2023-10-26T06:34:16","guid":{"rendered":"https:\/\/mercia-academy.ch\/modulos-de-profundizacion\/"},"modified":"2025-01-08T17:08:09","modified_gmt":"2025-01-08T16:08:09","slug":"modulos-de-profundizacion","status":"publish","type":"page","link":"https:\/\/mercia-academy.ch\/es\/cursos\/cursos-zoom\/espiritualidad\/leyes-universales-y-grandes-tradiciones\/modulos-de-profundizacion\/","title":{"rendered":"M\u00f3dulos de profundizaci\u00f3n"},"content":{"rendered":"\n<h1 class=\"wp-block-heading has-text-align-center\">M\u00f3dulos de profundizaci\u00f3n<\/h1>\n\n\n\n<div class=\"wp-block-columns is-layout-flex wp-container-core-columns-is-layout-9d6595d7 wp-block-columns-is-layout-flex\">\n<div class=\"wp-block-column is-vertically-aligned-center is-layout-flow wp-block-column-is-layout-flow\" style=\"flex-basis:33.33%\">\n<figure class=\"wp-block-image size-large\"><img decoding=\"async\" src=\"https:\/\/mercia-academy.ch\/wp-content\/uploads\/2021\/01\/hand-UL.png\" alt=\"\"\/><\/figure>\n<\/div>\n\n\n\n<div class=\"wp-block-column is-vertically-aligned-center is-layout-flow wp-block-column-is-layout-flow\" style=\"flex-basis:66.66%\">\n<h2 class=\"wp-block-heading has-text-align-left\" style=\"text-transform:uppercase\">M\u00f3dulos de investigaci\u00f3n<\/h2>\n\n\n\n<p class=\"has-medium-plus-font-size\">Un m\u00f3dulo que pone de relieve los principales temas presentes en estos textos y que se sit\u00faa en la perspectiva de una acci\u00f3n de construcci\u00f3n en el esp\u00edritu de las 12 Leyes Universales.<\/p>\n<\/div>\n<\/div>\n\n\n\n<div class=\"wp-block-columns is-layout-flex wp-container-core-columns-is-layout-9d6595d7 wp-block-columns-is-layout-flex\">\n<div class=\"wp-block-column is-layout-flow wp-block-column-is-layout-flow\"><div class=\"wp-block-image\">\n<figure class=\"aligncenter size-large\"><img decoding=\"async\" src=\"https:\/\/mercia-academy.ch\/wp-content\/uploads\/2021\/01\/hand-UL.png\" alt=\"\"\/><\/figure>\n<\/div>\n\n\n<h3 class=\"wp-block-heading has-text-align-center\">M\u00f3dulo 1<\/h3>\n\n\n\n<p class=\"has-text-align-center\">Tutorial incluido para cada ley del m\u00f3dulo introductorio incluyendo tambi\u00e9n dos sesiones de tres horas de presentaci\u00f3n y puesta en com\u00fan en torno a las leyes de <strong>la Conciencia, el Amor, la Fe, la Creaci\u00f3n, el Compromiso<\/strong> en la plataforma por zoom.<\/p>\n\n\n\n<p class=\"has-text-align-center\"><strong>Precio: 80 euros<\/strong><\/p>\n<\/div>\n\n\n\n<div class=\"wp-block-column is-layout-flow wp-block-column-is-layout-flow\"><div class=\"wp-block-image\">\n<figure class=\"aligncenter size-large\"><img decoding=\"async\" src=\"https:\/\/mercia-academy.ch\/wp-content\/uploads\/2021\/01\/hand-UL.png\" alt=\"\"\/><\/figure>\n<\/div>\n\n\n<h3 class=\"wp-block-heading has-text-align-center\">M\u00f3dulo 2<\/h3>\n\n\n\n<p class=\"has-text-align-center\">Tutor\u00eda incluida para cada ley del m\u00f3dulo introductorio incluyendo tambi\u00e9n dos sesiones de tres horas de presentaci\u00f3n y puesta en com\u00fan en torno a las leyes de <strong>Universalidad, Colectividad, Fraternidad, Ascetismo, Rectitud<\/strong> en la plataforma por zoom.<\/p>\n\n\n\n<p class=\"has-text-align-center\"><strong>Precio: 80 euros<\/strong><\/p>\n<\/div>\n\n\n\n<div class=\"wp-block-column is-layout-flow wp-block-column-is-layout-flow\"><div class=\"wp-block-image\">\n<figure class=\"aligncenter size-large\"><img decoding=\"async\" src=\"https:\/\/mercia-academy.ch\/wp-content\/uploads\/2021\/01\/hand-UL.png\" alt=\"\"\/><\/figure>\n<\/div>\n\n\n<h3 class=\"wp-block-heading has-text-align-center\">M\u00f3dulo 3<\/h3>\n\n\n\n<p class=\"has-text-align-center\">Tutorial incluido para cada ley del m\u00f3dulo introductorio, que incluye dos sesiones de dos horas de presentaci\u00f3n y puesta en com\u00fan en torno a las leyes del <strong>Don y la Mansuetud y el Ep\u00edlogo<\/strong>. Al final de este m\u00f3dulo se propondr\u00e1 una revisi\u00f3n de estos doce pasos de la conciencia en la plataforma por zoom.<\/p>\n\n\n\n<p class=\"has-text-align-center\"><strong>Precio: 40 euros<\/strong><\/p>\n<\/div>\n<\/div>\n\n\n\n<div class=\"wp-block-columns is-layout-flex wp-container-core-columns-is-layout-9d6595d7 wp-block-columns-is-layout-flex\">\n<div class=\"wp-block-column is-vertically-aligned-center is-layout-flow wp-block-column-is-layout-flow\" style=\"flex-basis:33.33%\">\n<figure class=\"wp-block-image size-large\"><img decoding=\"async\" src=\"https:\/\/mercia-academy.ch\/wp-content\/uploads\/2021\/01\/globe-UL.png\" alt=\"\"\/><\/figure>\n<\/div>\n\n\n\n<div class=\"wp-block-column is-vertically-aligned-center is-layout-flow wp-block-column-is-layout-flow\" style=\"flex-basis:66.66%\">\n<h2 class=\"wp-block-heading has-text-align-left\" style=\"text-transform:uppercase\">M\u00f3dulos EN PROFUNDIDAD<\/h2>\n\n\n\n<p class=\"has-medium-plus-font-size\">Profundizar en el conocimiento de las Leyes Universales en una visi\u00f3n m\u00e1s amplia de los principios universales que rigen el mundo. Descubre la energ\u00eda cr\u00edstica universal, la clave de la evoluci\u00f3n, la unidad y la uni\u00f3n en la diversidad.<\/p>\n<\/div>\n<\/div>\n","protected":false},"excerpt":{"rendered":"<p>M\u00f3dulos de profundizaci\u00f3n M\u00f3dulos de investigaci\u00f3n Un m\u00f3dulo que pone de relieve los principales temas presentes en estos<\/p>\n","protected":false},"author":682,"featured_media":0,"parent":33836,"menu_order":0,"comment_status":"closed","ping_status":"closed","template":"","meta":{"_tutorstarter_page_metadata":[],"footnotes":""},"class_list":["post-33803","page","type-page","status-publish","hentry"],"_links":{"self":[{"href":"https:\/\/mercia-academy.ch\/es\/wp-json\/wp\/v2\/pages\/33803","targetHints":{"allow":["GET"]}}],"collection":[{"href":"https:\/\/mercia-academy.ch\/es\/wp-json\/wp\/v2\/pages"}],"about":[{"href":"https:\/\/mercia-academy.ch\/es\/wp-json\/wp\/v2\/types\/page"}],"author":[{"embeddable":true,"href":"https:\/\/mercia-academy.ch\/es\/wp-json\/wp\/v2\/users\/682"}],"replies":[{"embeddable":true,"href":"https:\/\/mercia-academy.ch\/es\/wp-json\/wp\/v2\/comments?post=33803"}],"version-history":[{"count":0,"href":"https:\/\/mercia-academy.ch\/es\/wp-json\/wp\/v2\/pages\/33803\/revisions"}],"up":[{"embeddable":true,"href":"https:\/\/mercia-academy.ch\/es\/wp-json\/wp\/v2\/pages\/33836"}],"wp:attachment":[{"href":"https:\/\/mercia-academy.ch\/es\/wp-json\/wp\/v2\/media?parent=33803"}],"curies":[{"name":"wp","href":"https:\/\/api.w.org\/{rel}","templated":true}]}}