{"id":33669,"date":"2023-10-25T19:55:46","date_gmt":"2023-10-25T18:55:46","guid":{"rendered":"https:\/\/mercia-academy.ch\/sobre-nosotros\/ayuda\/"},"modified":"2023-10-25T19:55:46","modified_gmt":"2023-10-25T18:55:46","slug":"ayuda","status":"publish","type":"page","link":"https:\/\/mercia-academy.ch\/es\/sobre-nosotros\/ayuda\/","title":{"rendered":"Ayuda"},"content":{"rendered":"\n<h1 class=\"wp-block-heading\">Ayuda<\/h1>\n\n<p>Al visitar esta p\u00e1gina, la gu\u00eda de ayuda se iniciar\u00e1 autom\u00e1ticamente.<\/p>\n\n<p>Si tienes alg\u00fan problema, tambi\u00e9n puedes contactar con nosotros.<\/p>\n\n<p><a href=\"mailto:contact@mercia-academy.ch\">contact@mercia-academy.ch<\/a><\/p>\n","protected":false},"excerpt":{"rendered":"<p>Ayuda Al visitar esta p\u00e1gina, la gu\u00eda de ayuda se iniciar\u00e1 autom\u00e1ticamente. Si tienes alg\u00fan problema, tambi\u00e9n puedes<\/p>\n","protected":false},"author":682,"featured_media":0,"parent":33641,"menu_order":0,"comment_status":"closed","ping_status":"closed","template":"","meta":{"_tutorstarter_page_metadata":[],"footnotes":""},"class_list":["post-33669","page","type-page","status-publish","hentry"],"_links":{"self":[{"href":"https:\/\/mercia-academy.ch\/es\/wp-json\/wp\/v2\/pages\/33669","targetHints":{"allow":["GET"]}}],"collection":[{"href":"https:\/\/mercia-academy.ch\/es\/wp-json\/wp\/v2\/pages"}],"about":[{"href":"https:\/\/mercia-academy.ch\/es\/wp-json\/wp\/v2\/types\/page"}],"author":[{"embeddable":true,"href":"https:\/\/mercia-academy.ch\/es\/wp-json\/wp\/v2\/users\/682"}],"replies":[{"embeddable":true,"href":"https:\/\/mercia-academy.ch\/es\/wp-json\/wp\/v2\/comments?post=33669"}],"version-history":[{"count":0,"href":"https:\/\/mercia-academy.ch\/es\/wp-json\/wp\/v2\/pages\/33669\/revisions"}],"up":[{"embeddable":true,"href":"https:\/\/mercia-academy.ch\/es\/wp-json\/wp\/v2\/pages\/33641"}],"wp:attachment":[{"href":"https:\/\/mercia-academy.ch\/es\/wp-json\/wp\/v2\/media?parent=33669"}],"curies":[{"name":"wp","href":"https:\/\/api.w.org\/{rel}","templated":true}]}}