{"id":6114,"date":"2020-12-02T13:44:22","date_gmt":"2020-12-02T13:44:22","guid":{"rendered":"https:\/\/mercia-academy.ch\/product\/cycle-de-10-seances-pilates-energetiques-online-mardi-de-20h30-a-21h30-en-francais\/"},"modified":"2020-12-22T14:45:36","modified_gmt":"2020-12-22T14:45:36","slug":"cycle-de-10-seances-pilates-energetiques-online-mardi-de-20h30-a-21h30-en-francais","status":"publish","type":"product","link":"https:\/\/mercia-academy.ch\/en\/product\/cycle-de-10-seances-pilates-energetiques-online-mardi-de-20h30-a-21h30-en-francais\/","title":{"rendered":"Cycle de 10 s\u00e9ances PILATES ENERGETIQUES online Mardi de 20h30 \u00e0 21h30 en fran\u00e7ais"},"content":{"rendered":"","protected":false},"excerpt":{"rendered":"","protected":false},"featured_media":0,"template":"","meta":[],"product_brand":[],"product_cat":[75],"product_tag":[],"class_list":{"0":"post-6114","1":"product","2":"type-product","3":"status-publish","5":"product_cat-uncategorized","7":"first","8":"instock","9":"virtual","10":"taxable","11":"purchasable","12":"product-type-simple"},"_links":{"self":[{"href":"https:\/\/mercia-academy.ch\/en\/wp-json\/wp\/v2\/product\/6114","targetHints":{"allow":["GET"]}}],"collection":[{"href":"https:\/\/mercia-academy.ch\/en\/wp-json\/wp\/v2\/product"}],"about":[{"href":"https:\/\/mercia-academy.ch\/en\/wp-json\/wp\/v2\/types\/product"}],"wp:attachment":[{"href":"https:\/\/mercia-academy.ch\/en\/wp-json\/wp\/v2\/media?parent=6114"}],"wp:term":[{"taxonomy":"product_brand","embeddable":true,"href":"https:\/\/mercia-academy.ch\/en\/wp-json\/wp\/v2\/product_brand?post=6114"},{"taxonomy":"product_cat","embeddable":true,"href":"https:\/\/mercia-academy.ch\/en\/wp-json\/wp\/v2\/product_cat?post=6114"},{"taxonomy":"product_tag","embeddable":true,"href":"https:\/\/mercia-academy.ch\/en\/wp-json\/wp\/v2\/product_tag?post=6114"}],"curies":[{"name":"wp","href":"https:\/\/api.w.org\/{rel}","templated":true}]}}