{"id":5894,"date":"2020-11-29T14:11:27","date_gmt":"2020-11-29T14:11:27","guid":{"rendered":"https:\/\/mercia-academy.ch\/product\/21-dias-de-habitos-saludables-a-traves-de-la-vista-cultivar-una-nueva-mirada-de-consciencia-2\/"},"modified":"2020-11-29T14:15:57","modified_gmt":"2020-11-29T14:15:57","slug":"21-dias-de-habitos-saludables-a-traves-de-la-vista-cultivar-una-nueva-mirada-de-consciencia-2","status":"publish","type":"product","link":"https:\/\/mercia-academy.ch\/en\/product\/21-dias-de-habitos-saludables-a-traves-de-la-vista-cultivar-una-nueva-mirada-de-consciencia-2\/","title":{"rendered":"\u201c21 d\u00edas de h\u00e1bitos saludables a trav\u00e9s de la vista \u201ccultivar una nueva mirada de consciencia\u201d"},"content":{"rendered":"","protected":false},"excerpt":{"rendered":"","protected":false},"featured_media":5884,"template":"","meta":[],"product_brand":[],"product_cat":[75],"product_tag":[],"class_list":{"0":"post-5894","1":"product","2":"type-product","3":"status-publish","4":"has-post-thumbnail","6":"product_cat-uncategorized","8":"first","9":"instock","10":"virtual","11":"taxable","12":"purchasable","13":"product-type-simple"},"_links":{"self":[{"href":"https:\/\/mercia-academy.ch\/en\/wp-json\/wp\/v2\/product\/5894","targetHints":{"allow":["GET"]}}],"collection":[{"href":"https:\/\/mercia-academy.ch\/en\/wp-json\/wp\/v2\/product"}],"about":[{"href":"https:\/\/mercia-academy.ch\/en\/wp-json\/wp\/v2\/types\/product"}],"wp:featuredmedia":[{"embeddable":true,"href":"https:\/\/mercia-academy.ch\/en\/wp-json\/wp\/v2\/media\/5884"}],"wp:attachment":[{"href":"https:\/\/mercia-academy.ch\/en\/wp-json\/wp\/v2\/media?parent=5894"}],"wp:term":[{"taxonomy":"product_brand","embeddable":true,"href":"https:\/\/mercia-academy.ch\/en\/wp-json\/wp\/v2\/product_brand?post=5894"},{"taxonomy":"product_cat","embeddable":true,"href":"https:\/\/mercia-academy.ch\/en\/wp-json\/wp\/v2\/product_cat?post=5894"},{"taxonomy":"product_tag","embeddable":true,"href":"https:\/\/mercia-academy.ch\/en\/wp-json\/wp\/v2\/product_tag?post=5894"}],"curies":[{"name":"wp","href":"https:\/\/api.w.org\/{rel}","templated":true}]}}