{"id":5642,"date":"2020-11-24T18:15:16","date_gmt":"2020-11-24T18:15:16","guid":{"rendered":"https:\/\/mercia-academy.ch\/product\/ciencias-energeticas-modulo-1-con-jaime-nunez-5-sabados-consecutivos-de-10h-a-12h-inicio-5-de-diciembre\/"},"modified":"2020-11-24T18:17:44","modified_gmt":"2020-11-24T18:17:44","slug":"ciencias-energeticas-modulo-1-con-jaime-nunez-5-sabados-consecutivos-de-10h-a-12h-inicio-5-de-diciembre","status":"publish","type":"product","link":"https:\/\/mercia-academy.ch\/en\/product\/ciencias-energeticas-modulo-1-con-jaime-nunez-5-sabados-consecutivos-de-10h-a-12h-inicio-5-de-diciembre\/","title":{"rendered":"Ciencias Energ\u00e9ticas M\u00f3dulo 1- con Jaime Nu\u00f1ez , 5 S\u00e1bados consecutivos- de 10h a 12h. Inicio: 5 de Diciembre"},"content":{"rendered":"","protected":false},"excerpt":{"rendered":"","protected":false},"featured_media":0,"template":"","meta":[],"product_brand":[],"product_cat":[75],"product_tag":[],"class_list":{"0":"post-5642","1":"product","2":"type-product","3":"status-publish","5":"product_cat-uncategorized","7":"first","8":"instock","9":"virtual","10":"taxable","11":"purchasable","12":"product-type-simple"},"_links":{"self":[{"href":"https:\/\/mercia-academy.ch\/en\/wp-json\/wp\/v2\/product\/5642","targetHints":{"allow":["GET"]}}],"collection":[{"href":"https:\/\/mercia-academy.ch\/en\/wp-json\/wp\/v2\/product"}],"about":[{"href":"https:\/\/mercia-academy.ch\/en\/wp-json\/wp\/v2\/types\/product"}],"wp:attachment":[{"href":"https:\/\/mercia-academy.ch\/en\/wp-json\/wp\/v2\/media?parent=5642"}],"wp:term":[{"taxonomy":"product_brand","embeddable":true,"href":"https:\/\/mercia-academy.ch\/en\/wp-json\/wp\/v2\/product_brand?post=5642"},{"taxonomy":"product_cat","embeddable":true,"href":"https:\/\/mercia-academy.ch\/en\/wp-json\/wp\/v2\/product_cat?post=5642"},{"taxonomy":"product_tag","embeddable":true,"href":"https:\/\/mercia-academy.ch\/en\/wp-json\/wp\/v2\/product_tag?post=5642"}],"curies":[{"name":"wp","href":"https:\/\/api.w.org\/{rel}","templated":true}]}}