{"id":48149,"date":"2026-03-31T04:45:17","date_gmt":"2026-03-31T03:45:17","guid":{"rendered":"https:\/\/mercia-academy.ch\/product\/practicas-de-ciencias-energeticas-modulo-2-con-flor-de-maria-monzon-25-y-26-de-abril-online\/"},"modified":"2026-04-03T10:18:41","modified_gmt":"2026-04-03T09:18:41","slug":"practicas-de-ciencias-energeticas-modulo-2-con-flor-de-maria-monzon-25-y-26-de-abril-online","status":"publish","type":"product","link":"https:\/\/mercia-academy.ch\/en\/product\/practicas-de-ciencias-energeticas-modulo-2-con-flor-de-maria-monzon-25-y-26-de-abril-online\/","title":{"rendered":"Pr\u00e1cticas de Ciencias Energ\u00e9ticas &#8211; M\u00f3dulo 2 con Flor de Mar\u00eda Monz\u00f3n, 25 y 26 de abril Online"},"content":{"rendered":"","protected":false},"excerpt":{"rendered":"","protected":false},"featured_media":43818,"template":"","meta":[],"product_brand":[],"product_cat":[75],"product_tag":[],"class_list":{"0":"post-48149","1":"product","2":"type-product","3":"status-publish","4":"has-post-thumbnail","6":"product_cat-uncategorized","8":"first","9":"instock","10":"virtual","11":"sold-individually","12":"taxable","13":"purchasable","14":"product-type-simple"},"_links":{"self":[{"href":"https:\/\/mercia-academy.ch\/en\/wp-json\/wp\/v2\/product\/48149","targetHints":{"allow":["GET"]}}],"collection":[{"href":"https:\/\/mercia-academy.ch\/en\/wp-json\/wp\/v2\/product"}],"about":[{"href":"https:\/\/mercia-academy.ch\/en\/wp-json\/wp\/v2\/types\/product"}],"wp:featuredmedia":[{"embeddable":true,"href":"https:\/\/mercia-academy.ch\/en\/wp-json\/wp\/v2\/media\/43818"}],"wp:attachment":[{"href":"https:\/\/mercia-academy.ch\/en\/wp-json\/wp\/v2\/media?parent=48149"}],"wp:term":[{"taxonomy":"product_brand","embeddable":true,"href":"https:\/\/mercia-academy.ch\/en\/wp-json\/wp\/v2\/product_brand?post=48149"},{"taxonomy":"product_cat","embeddable":true,"href":"https:\/\/mercia-academy.ch\/en\/wp-json\/wp\/v2\/product_cat?post=48149"},{"taxonomy":"product_tag","embeddable":true,"href":"https:\/\/mercia-academy.ch\/en\/wp-json\/wp\/v2\/product_tag?post=48149"}],"curies":[{"name":"wp","href":"https:\/\/api.w.org\/{rel}","templated":true}]}}