{"id":44855,"date":"2025-06-30T14:00:19","date_gmt":"2025-06-30T13:00:19","guid":{"rendered":"https:\/\/mercia-academy.ch\/product\/pratique-de-sciences-energetiques-module-1-et-2-avec-remy-migan-juin-2025\/"},"modified":"2025-06-30T14:04:35","modified_gmt":"2025-06-30T13:04:35","slug":"pratique-de-sciences-energetiques-module-1-et-2-avec-remy-migan-juin-2025","status":"publish","type":"product","link":"https:\/\/mercia-academy.ch\/en\/product\/pratique-de-sciences-energetiques-module-1-et-2-avec-remy-migan-juin-2025\/","title":{"rendered":"Pratique de Sciences \u00c9nerg\u00e9tiques &#8211; Module 1 et 2 &#8211; avec R\u00e9my Migan &#8211; Juin 2025"},"content":{"rendered":"","protected":false},"excerpt":{"rendered":"","protected":false},"featured_media":43815,"template":"","meta":[],"product_brand":[],"product_cat":[75],"product_tag":[],"class_list":{"0":"post-44855","1":"product","2":"type-product","3":"status-publish","4":"has-post-thumbnail","6":"product_cat-uncategorized","8":"first","9":"instock","10":"virtual","11":"sold-individually","12":"taxable","13":"purchasable","14":"product-type-simple"},"_links":{"self":[{"href":"https:\/\/mercia-academy.ch\/en\/wp-json\/wp\/v2\/product\/44855","targetHints":{"allow":["GET"]}}],"collection":[{"href":"https:\/\/mercia-academy.ch\/en\/wp-json\/wp\/v2\/product"}],"about":[{"href":"https:\/\/mercia-academy.ch\/en\/wp-json\/wp\/v2\/types\/product"}],"wp:featuredmedia":[{"embeddable":true,"href":"https:\/\/mercia-academy.ch\/en\/wp-json\/wp\/v2\/media\/43815"}],"wp:attachment":[{"href":"https:\/\/mercia-academy.ch\/en\/wp-json\/wp\/v2\/media?parent=44855"}],"wp:term":[{"taxonomy":"product_brand","embeddable":true,"href":"https:\/\/mercia-academy.ch\/en\/wp-json\/wp\/v2\/product_brand?post=44855"},{"taxonomy":"product_cat","embeddable":true,"href":"https:\/\/mercia-academy.ch\/en\/wp-json\/wp\/v2\/product_cat?post=44855"},{"taxonomy":"product_tag","embeddable":true,"href":"https:\/\/mercia-academy.ch\/en\/wp-json\/wp\/v2\/product_tag?post=44855"}],"curies":[{"name":"wp","href":"https:\/\/api.w.org\/{rel}","templated":true}]}}