{"id":4434,"date":"2020-11-01T11:55:24","date_gmt":"2020-11-01T11:55:24","guid":{"rendered":"https:\/\/mercia-academy.ch\/?post_type=product&#038;p=4434"},"modified":"2020-11-16T02:22:50","modified_gmt":"2020-11-16T02:22:50","slug":"ciencias-energeticas-modulo-1-alberto-suarez-2","status":"publish","type":"product","link":"https:\/\/mercia-academy.ch\/en\/product\/ciencias-energeticas-modulo-1-alberto-suarez-2\/","title":{"rendered":"Ciencias Energ\u00e9ticas M\u00f3dulo 1 Alberto Su\u00e1rez"},"content":{"rendered":"","protected":false},"excerpt":{"rendered":"","protected":false},"featured_media":0,"template":"","meta":[],"product_brand":[],"product_cat":[134],"product_tag":[],"class_list":{"0":"post-4434","1":"product","2":"type-product","3":"status-publish","5":"product_cat-energetic-sciences","7":"first","8":"instock","9":"virtual","10":"taxable","11":"purchasable","12":"product-type-simple"},"_links":{"self":[{"href":"https:\/\/mercia-academy.ch\/en\/wp-json\/wp\/v2\/product\/4434","targetHints":{"allow":["GET"]}}],"collection":[{"href":"https:\/\/mercia-academy.ch\/en\/wp-json\/wp\/v2\/product"}],"about":[{"href":"https:\/\/mercia-academy.ch\/en\/wp-json\/wp\/v2\/types\/product"}],"wp:attachment":[{"href":"https:\/\/mercia-academy.ch\/en\/wp-json\/wp\/v2\/media?parent=4434"}],"wp:term":[{"taxonomy":"product_brand","embeddable":true,"href":"https:\/\/mercia-academy.ch\/en\/wp-json\/wp\/v2\/product_brand?post=4434"},{"taxonomy":"product_cat","embeddable":true,"href":"https:\/\/mercia-academy.ch\/en\/wp-json\/wp\/v2\/product_cat?post=4434"},{"taxonomy":"product_tag","embeddable":true,"href":"https:\/\/mercia-academy.ch\/en\/wp-json\/wp\/v2\/product_tag?post=4434"}],"curies":[{"name":"wp","href":"https:\/\/api.w.org\/{rel}","templated":true}]}}