{"id":43932,"date":"2025-03-18T00:35:35","date_gmt":"2025-03-17T23:35:35","guid":{"rendered":"https:\/\/mercia-academy.ch\/product\/kin-jo-do-rueda-del-fisico-presentacion-y-curso-de-3-horas-con-jose-marquez\/"},"modified":"2025-06-13T10:13:47","modified_gmt":"2025-06-13T09:13:47","slug":"kin-jo-do-rueda-del-fisico-presentacion-y-curso-de-3-horas-con-jose-marquez","status":"publish","type":"product","link":"https:\/\/mercia-academy.ch\/en\/product\/kin-jo-do-rueda-del-fisico-presentacion-y-curso-de-3-horas-con-jose-marquez\/","title":{"rendered":"Kin-Jo-Do \/ Rueda del f\u00edsico -Presentaci\u00f3n y curso de 3 horas con Jose M\u00e1rquez"},"content":{"rendered":"","protected":false},"excerpt":{"rendered":"","protected":false},"featured_media":43906,"template":"","meta":[],"product_brand":[],"product_cat":[75],"product_tag":[],"class_list":{"0":"post-43932","1":"product","2":"type-product","3":"status-publish","4":"has-post-thumbnail","6":"product_cat-uncategorized","8":"first","9":"instock","10":"sale","11":"virtual","12":"sold-individually","13":"taxable","14":"purchasable","15":"product-type-simple"},"_links":{"self":[{"href":"https:\/\/mercia-academy.ch\/en\/wp-json\/wp\/v2\/product\/43932","targetHints":{"allow":["GET"]}}],"collection":[{"href":"https:\/\/mercia-academy.ch\/en\/wp-json\/wp\/v2\/product"}],"about":[{"href":"https:\/\/mercia-academy.ch\/en\/wp-json\/wp\/v2\/types\/product"}],"wp:featuredmedia":[{"embeddable":true,"href":"https:\/\/mercia-academy.ch\/en\/wp-json\/wp\/v2\/media\/43906"}],"wp:attachment":[{"href":"https:\/\/mercia-academy.ch\/en\/wp-json\/wp\/v2\/media?parent=43932"}],"wp:term":[{"taxonomy":"product_brand","embeddable":true,"href":"https:\/\/mercia-academy.ch\/en\/wp-json\/wp\/v2\/product_brand?post=43932"},{"taxonomy":"product_cat","embeddable":true,"href":"https:\/\/mercia-academy.ch\/en\/wp-json\/wp\/v2\/product_cat?post=43932"},{"taxonomy":"product_tag","embeddable":true,"href":"https:\/\/mercia-academy.ch\/en\/wp-json\/wp\/v2\/product_tag?post=43932"}],"curies":[{"name":"wp","href":"https:\/\/api.w.org\/{rel}","templated":true}]}}