{"id":41578,"date":"2024-12-17T18:39:10","date_gmt":"2024-12-17T17:39:10","guid":{"rendered":"https:\/\/mercia-academy.ch\/product\/arkedance-en-tenerife-modulo-1-completo-sandra-rodriguez-25-y-26-enero-presencial\/"},"modified":"2025-01-28T14:02:57","modified_gmt":"2025-01-28T13:02:57","slug":"arkedance-en-tenerife-modulo-1-completo-sandra-rodriguez-25-y-26-enero-presencial","status":"publish","type":"product","link":"https:\/\/mercia-academy.ch\/en\/product\/arkedance-en-tenerife-modulo-1-completo-sandra-rodriguez-25-y-26-enero-presencial\/","title":{"rendered":"Ark\u00e9dance en Tenerife &#8211; M\u00f3dulo 1 Completo &#8211; Sandra Rodr\u00edguez &#8211; 25 y 26 Enero &#8211; Presencial"},"content":{"rendered":"","protected":false},"excerpt":{"rendered":"","protected":false},"featured_media":0,"template":"","meta":[],"product_brand":[],"product_cat":[75],"product_tag":[],"class_list":{"0":"post-41578","1":"product","2":"type-product","3":"status-publish","5":"product_cat-uncategorized","7":"first","8":"instock","9":"virtual","10":"sold-individually","11":"taxable","12":"purchasable","13":"product-type-simple"},"_links":{"self":[{"href":"https:\/\/mercia-academy.ch\/en\/wp-json\/wp\/v2\/product\/41578","targetHints":{"allow":["GET"]}}],"collection":[{"href":"https:\/\/mercia-academy.ch\/en\/wp-json\/wp\/v2\/product"}],"about":[{"href":"https:\/\/mercia-academy.ch\/en\/wp-json\/wp\/v2\/types\/product"}],"wp:attachment":[{"href":"https:\/\/mercia-academy.ch\/en\/wp-json\/wp\/v2\/media?parent=41578"}],"wp:term":[{"taxonomy":"product_brand","embeddable":true,"href":"https:\/\/mercia-academy.ch\/en\/wp-json\/wp\/v2\/product_brand?post=41578"},{"taxonomy":"product_cat","embeddable":true,"href":"https:\/\/mercia-academy.ch\/en\/wp-json\/wp\/v2\/product_cat?post=41578"},{"taxonomy":"product_tag","embeddable":true,"href":"https:\/\/mercia-academy.ch\/en\/wp-json\/wp\/v2\/product_tag?post=41578"}],"curies":[{"name":"wp","href":"https:\/\/api.w.org\/{rel}","templated":true}]}}